{"id":46178,"date":"2024-08-03T08:31:54","date_gmt":"2024-09-11T15:11:10","guid":{"rendered":"https:\/\/nbg.eu\/product\/rh-owb-tac-duty-holster\/"},"modified":"2026-01-21T12:33:08","modified_gmt":"2026-01-21T09:33:08","slug":"rh-owb-tac-duty-holster","status":"publish","type":"product","link":"https:\/\/nbg.eu\/mt\/product\/rh-owb-tac-duty-holster\/","title":{"rendered":"RH OWB Tac\/Duty Holster"},"content":{"rendered":"<p>Il-RH OWB Tac\/Duty Holster huwa holster tal-kydex iddisinjat g\u0127all-u\u017cu tattiku u tas-servizz. Il-karatteristi\u010bi jinkludu:<\/p>\n<ul>\n<li>Kompatibbli ma&#8217; dwal immuntati mal-arma<\/li>\n<li>Joqg\u0127od ma&#8217; pjattaformi Safariland, Blackhawk, jew Blade-Tech<\/li>\n<li>Adattat g\u0127al \u0121arr fil-parti t&#8217;isfel tal-koxxa<\/li>\n<li>Manutenzjoni u tindif fa\u010bli<\/li>\n<li>U\u017cat mill-Forzi Armati u l-Pulizija \u010aeka<\/li>\n<\/ul>\n<p>G\u0127all-armi tas-servizz, ta\u0127ri\u0121, u operazzjonijiet tatti\u010bi.<\/p>\n","protected":false},"excerpt":{"rendered":"<p>Holster Kydex re\u017cistenti g\u0127all-u\u017cu tad-dmir. Jaqbel mal-armi tas-servizz u d-dwal.<\/p>\n","protected":false},"featured_media":46179,"template":"","meta":{"_acf_changed":false},"product_brand":[11637],"product_cat":[14164,14145,14131],"product_tag":[],"class_list":{"0":"post-46178","1":"product","2":"type-product","3":"status-publish","4":"has-post-thumbnail","6":"product_brand-rh-holsters","7":"product_cat-holster","8":"product_cat-holster-sportiv","9":"product_cat-holster-tattiku","10":"pa_light-surefire-x300-ultra-a-mt","11":"pa_model-glock-17-mt","12":"pa_safety-automatic-mt","13":"pa_strong-hand-right-mt","15":"first","16":"instock","17":"taxable","18":"shipping-taxable","19":"purchasable","20":"product-type-variable","21":"wvs-archive-product-wrapper"},"acf":[],"_links":{"self":[{"href":"https:\/\/nbg.eu\/mt\/wp-json\/wp\/v2\/product\/46178","targetHints":{"allow":["GET"]}}],"collection":[{"href":"https:\/\/nbg.eu\/mt\/wp-json\/wp\/v2\/product"}],"about":[{"href":"https:\/\/nbg.eu\/mt\/wp-json\/wp\/v2\/types\/product"}],"wp:featuredmedia":[{"embeddable":true,"href":"https:\/\/nbg.eu\/mt\/wp-json\/wp\/v2\/media\/46179"}],"wp:attachment":[{"href":"https:\/\/nbg.eu\/mt\/wp-json\/wp\/v2\/media?parent=46178"}],"wp:term":[{"taxonomy":"product_brand","embeddable":true,"href":"https:\/\/nbg.eu\/mt\/wp-json\/wp\/v2\/product_brand?post=46178"},{"taxonomy":"product_cat","embeddable":true,"href":"https:\/\/nbg.eu\/mt\/wp-json\/wp\/v2\/product_cat?post=46178"},{"taxonomy":"product_tag","embeddable":true,"href":"https:\/\/nbg.eu\/mt\/wp-json\/wp\/v2\/product_tag?post=46178"}],"curies":[{"name":"wp","href":"https:\/\/api.w.org\/{rel}","templated":true}]}}