{"id":46306,"date":"2024-07-31T20:30:37","date_gmt":"2024-07-31T20:30:37","guid":{"rendered":"https:\/\/nbg.eu\/product\/fox-ammunition-65-creed-123-gr\/"},"modified":"2026-01-21T11:48:59","modified_gmt":"2026-01-21T08:48:59","slug":"fox-ammunition-65-creed-123-gr","status":"publish","type":"product","link":"https:\/\/nbg.eu\/mt\/product\/fox-ammunition-65-creed-123-gr\/","title":{"rendered":"Fox Ammunition 6,5 Creed. &#8211; 123 gr"},"content":{"rendered":"<h2>Fox Ammunition 6.5 Creed &#8211; 123 gr<\/h2>\n<p>Fox Ammunition 6.5 Creed 123 gr ju\u017ca l-balla Fox Classic hunter. Dawn il-balal huma mag\u0127mulin minn lega tar-ram u \u017cingu, u ma fihomx \u010bomb.<\/p>\n<ul>\n<li>Kompo\u017cizzjoni ming\u0127ajr \u010bomb<\/li>\n<li>Disinn bi skanaturi g\u0127al pressjoni inqas fil-kanna u velo\u010bit\u00e0 og\u0127la<\/li>\n<li>Ponta tal-plastik termostabbli g\u0127al ballistika a\u0127jar<\/li>\n<li>Espansjoni kkontrollata<\/li>\n<li>Effettiv minn distanzi qosra sa twal<\/li>\n<li>Kapa\u010bit\u00e0 ta&#8217; waqfien b&#8217;\u0127sara minima fil-la\u0127am<\/li>\n<\/ul>\n<p>Fox Ammunition joffri pre\u010bi\u017cjoni u affidabilit\u00e0.<\/p>\n","protected":false},"excerpt":{"rendered":"<p>Munizzjon ta&#8217; 6.5 Creedmoore pre\u010bi\u017c u ming\u0127ajr \u010bomb<\/p>\n","protected":false},"featured_media":46307,"template":"","meta":{"_acf_changed":false},"product_brand":[11347],"product_cat":[14161,14171],"product_tag":[],"class_list":{"0":"post-46306","1":"product","2":"type-product","3":"status-publish","4":"has-post-thumbnail","6":"product_brand-fox-bullets","7":"product_cat-munizzjon","8":"product_cat-munizzjon-tar-rifle","10":"first","11":"instock","12":"taxable","13":"shipping-taxable","14":"purchasable","15":"product-type-simple"},"acf":[],"_links":{"self":[{"href":"https:\/\/nbg.eu\/mt\/wp-json\/wp\/v2\/product\/46306","targetHints":{"allow":["GET"]}}],"collection":[{"href":"https:\/\/nbg.eu\/mt\/wp-json\/wp\/v2\/product"}],"about":[{"href":"https:\/\/nbg.eu\/mt\/wp-json\/wp\/v2\/types\/product"}],"wp:featuredmedia":[{"embeddable":true,"href":"https:\/\/nbg.eu\/mt\/wp-json\/wp\/v2\/media\/46307"}],"wp:attachment":[{"href":"https:\/\/nbg.eu\/mt\/wp-json\/wp\/v2\/media?parent=46306"}],"wp:term":[{"taxonomy":"product_brand","embeddable":true,"href":"https:\/\/nbg.eu\/mt\/wp-json\/wp\/v2\/product_brand?post=46306"},{"taxonomy":"product_cat","embeddable":true,"href":"https:\/\/nbg.eu\/mt\/wp-json\/wp\/v2\/product_cat?post=46306"},{"taxonomy":"product_tag","embeddable":true,"href":"https:\/\/nbg.eu\/mt\/wp-json\/wp\/v2\/product_tag?post=46306"}],"curies":[{"name":"wp","href":"https:\/\/api.w.org\/{rel}","templated":true}]}}