{"id":46808,"date":"2024-07-30T19:41:53","date_gmt":"2024-09-12T12:04:36","guid":{"rendered":"https:\/\/nbg.eu\/product\/iosso-pistol-brush\/"},"modified":"2026-01-21T12:21:20","modified_gmt":"2026-01-21T09:21:20","slug":"iosso-pistol-brush","status":"publish","type":"product","link":"https:\/\/nbg.eu\/mt\/product\/iosso-pistol-brush\/","title":{"rendered":"Iosso Pistol Brush"},"content":{"rendered":"<p>\nIl-<strong>Iosso Pistol Brush<\/strong> huwa g\u0127odda g\u0127at-tindif tal-bore:<\/p>\n<ul>\n<li>Fibri blu kobaltu g\u0127al identifikazzjoni fa\u010bli<\/li>\n<li>Xag\u0127ar e\u0127xen u aktar iebes li jippermetti azzjoni &#8216;l quddiem u lura<\/li>\n<li>8-10 darbiet aktar durabbli minn xkupilji tradizzjonali<\/li>\n<li>Mibruma sew b&#8217;aktar fibra kull pulzier<\/li>\n<li>Adattat g\u0127all-u\u017cu ma&#8217; Iosso Bore Cleaner u Triple Action Solution<\/li>\n<li>Ine\u0127\u0127i t-tipi kollha ta&#8217; tni\u0121\u0121is<\/li>\n<li>Inaqqas il-\u0127in tat-tindif g\u0127al bore nadif<\/li>\n<\/ul>\n<p>Disponibbli f&#8217;daqsijiet differenti ta&#8217; armi tan-nar. Ix-xkupilji blu huma trademark ta&#8217; Iosso Products.<\/p>\n","protected":false},"excerpt":{"rendered":"<p>Xkupilja tal-pistola ta&#8217; kobalt blu re\u017cistenti g\u0127al tindif tal-bore effi\u010bjenti u bir-reqqa.<\/p>\n","protected":false},"featured_media":107496,"template":"","meta":{"_acf_changed":false},"product_brand":[11473],"product_cat":[14100,14117],"product_tag":[],"class_list":{"0":"post-46808","1":"product","2":"type-product","3":"status-publish","4":"has-post-thumbnail","6":"product_brand-iosso","7":"product_cat-tindif-tal-armi","8":"product_cat-xkupini","10":"first","11":"instock","12":"taxable","13":"shipping-taxable","14":"purchasable","15":"product-type-variable","16":"wvs-archive-product-wrapper"},"acf":[],"_links":{"self":[{"href":"https:\/\/nbg.eu\/mt\/wp-json\/wp\/v2\/product\/46808","targetHints":{"allow":["GET"]}}],"collection":[{"href":"https:\/\/nbg.eu\/mt\/wp-json\/wp\/v2\/product"}],"about":[{"href":"https:\/\/nbg.eu\/mt\/wp-json\/wp\/v2\/types\/product"}],"wp:featuredmedia":[{"embeddable":true,"href":"https:\/\/nbg.eu\/mt\/wp-json\/wp\/v2\/media\/107496"}],"wp:attachment":[{"href":"https:\/\/nbg.eu\/mt\/wp-json\/wp\/v2\/media?parent=46808"}],"wp:term":[{"taxonomy":"product_brand","embeddable":true,"href":"https:\/\/nbg.eu\/mt\/wp-json\/wp\/v2\/product_brand?post=46808"},{"taxonomy":"product_cat","embeddable":true,"href":"https:\/\/nbg.eu\/mt\/wp-json\/wp\/v2\/product_cat?post=46808"},{"taxonomy":"product_tag","embeddable":true,"href":"https:\/\/nbg.eu\/mt\/wp-json\/wp\/v2\/product_tag?post=46808"}],"curies":[{"name":"wp","href":"https:\/\/api.w.org\/{rel}","templated":true}]}}