{"id":46888,"date":"2024-07-30T19:11:42","date_gmt":"2024-07-30T19:11:42","guid":{"rendered":"https:\/\/nbg.eu\/product\/surefire-csm-07-weaponlight-switch\/"},"modified":"2026-05-13T16:02:23","modified_gmt":"2026-05-13T13:02:23","slug":"surefire-csm-07-weaponlight-switch","status":"publish","type":"product","link":"https:\/\/nbg.eu\/mt\/product\/surefire-csm-07-weaponlight-switch\/","title":{"rendered":"SureFire CSM-07 WEAPONLIGHT SWITCH"},"content":{"rendered":"<h2>SureFire CSM-07 SWITCH TAL-WEAPONLIGHT<\/h2>\n<p>Is-CSM-07 WEAPONLIGHT SWITCH ta&#8217; SureFire huwa sistema ta&#8217; attivazzjoni remota g\u0127al kwalunkwe SureFire WeaponLight b&#8217;sokit tal-switch.<\/p>\n<h2>Karatteristi\u010bi Ewlenin:<\/h2>\n<ul>\n<li>Switch wa\u0127da g\u0127al attivazzjoni momentanja u kostanti<\/li>\n<li>Twa\u0127\u0127il ma&#8217; rail M-LOK bil-klamp inklu\u017c<\/li>\n<li>Disinn li jiffranka l-ispazju<\/li>\n<li>Kaxxa tal-polimer re\u017cistenti<\/li>\n<li>Mag\u0127mul skont l-istandards ta&#8217; SureFire<\/li>\n<\/ul>\n<p>Is-CSM-07 joffri kontroll immedjat: ag\u0127fas \u0127afif g\u0127al attivazzjoni momentanja jew ikklikkja g\u0127al attivazzjoni kostanti. Id-disinn kompatt tieg\u0127u jiffranka l-ispazju tar-rail.<\/p>\n<h2>Kompatibbilt\u00e0:<\/h2>\n<p>Jaqbel ma&#8217; WeaponLights ta&#8217; SureFire b&#8217;sokits tal-plakka, inklu\u017c Millennium Universal, Classic Universal, Scout Light (b&#8217;tailcap b&#8217;sokit), X300, u X400 (b&#8217;assembla\u0121\u0121 tat-tailcap XT).<\/p>\n<p>Is-CSM-07 huwa affidabbli g\u0127all-attivazzjoni tad-dawl.<\/p>\n","protected":false},"excerpt":{"rendered":"<p>Swi\u010b\u010b remot SureFire WeaponLight g\u0127al linji M-LOK. Disinn kompatt.<\/p>\n","protected":false},"featured_media":46889,"template":"","meta":{"_acf_changed":false},"product_brand":[11878],"product_cat":[14110,14088,14863],"product_tag":[],"class_list":{"0":"post-46888","1":"product","2":"type-product","3":"status-publish","4":"has-post-thumbnail","6":"product_brand-surefire","7":"product_cat-accessorji-tad-dawl","8":"product_cat-dwal","9":"product_cat-dwal-tar-rifle","11":"first","12":"instock","13":"taxable","14":"shipping-taxable","15":"purchasable","16":"product-type-simple"},"acf":[],"_links":{"self":[{"href":"https:\/\/nbg.eu\/mt\/wp-json\/wp\/v2\/product\/46888","targetHints":{"allow":["GET"]}}],"collection":[{"href":"https:\/\/nbg.eu\/mt\/wp-json\/wp\/v2\/product"}],"about":[{"href":"https:\/\/nbg.eu\/mt\/wp-json\/wp\/v2\/types\/product"}],"wp:featuredmedia":[{"embeddable":true,"href":"https:\/\/nbg.eu\/mt\/wp-json\/wp\/v2\/media\/46889"}],"wp:attachment":[{"href":"https:\/\/nbg.eu\/mt\/wp-json\/wp\/v2\/media?parent=46888"}],"wp:term":[{"taxonomy":"product_brand","embeddable":true,"href":"https:\/\/nbg.eu\/mt\/wp-json\/wp\/v2\/product_brand?post=46888"},{"taxonomy":"product_cat","embeddable":true,"href":"https:\/\/nbg.eu\/mt\/wp-json\/wp\/v2\/product_cat?post=46888"},{"taxonomy":"product_tag","embeddable":true,"href":"https:\/\/nbg.eu\/mt\/wp-json\/wp\/v2\/product_tag?post=46888"}],"curies":[{"name":"wp","href":"https:\/\/api.w.org\/{rel}","templated":true}]}}