{"id":47468,"date":"2024-07-30T18:47:47","date_gmt":"2024-07-30T18:47:47","guid":{"rendered":"https:\/\/nbg.eu\/product\/surefire-x400t-a-rd\/"},"modified":"2026-01-21T11:45:10","modified_gmt":"2026-01-21T08:45:10","slug":"surefire-x400t-a-rd","status":"publish","type":"product","link":"https:\/\/nbg.eu\/mt\/product\/surefire-x400t-a-rd\/","title":{"rendered":"SureFire X400T-A-RD"},"content":{"rendered":"<div class=\"product-description\">\n<h2>SureFire X400T-A-RD (Laser A\u0127mar) Dawl tal-Arma<\/h2>\n<p>SureFire X400T-A-RD huwa dawl tattiku b&#8217;intensit\u00e0 ta&#8217; ra\u0121\u0121 ta&#8217; 66,000 candela u \u0127ru\u0121 ta&#8217; 650 lumens. Dan id-dawl joffri:<\/p>\n<ul>\n<li>Laser a\u0127mar integrat ta&#8217; 5 milliwatt g\u0127all-akkwist tal-mira<\/li>\n<li>Mudell ta&#8217; ra\u0121\u0121 turbo g\u0127all-identifikazzjoni tal-mira f&#8217;distanzi twal<\/li>\n<li>Sistema ta&#8217; rbit b&#8217;leva g\u0127al twa\u0127\u0127il malajr fuq linji universali u Picatinny<\/li>\n<li>Swi\u010b\u010bjar ambidestru g\u0127all-attivazzjoni immedjata<\/li>\n<li>Kompatibbilt\u00e0 ma&#8217; holsters X300U-A e\u017cistenti<\/li>\n<li>Korp tal-aluminju tal-ajruspazju b&#8217;finitura anodizzata skont l-istandards militari<\/li>\n<li>Klassifikazzjoni kontra l-ilma IPX7 (1 metru g\u0127al 30 minuta)<\/li>\n<li>\u0126in ta&#8217; \u0127idma ta&#8217; 1.5 sig\u0127at fuq \u017cew\u0121 batteriji tal-litju 123A inklu\u017ci<\/li>\n<\/ul>\n<p>L-X400T-A-RD jikkombina dawl abjad u laser a\u0127mar biex jg\u0127in fl-identifikazzjoni ta&#8217; theddid f&#8217;distanzi twal. B&#8217;swi\u010b\u010bjar ambidestru g\u0127al kontroll b&#8217;suba&#8217; wie\u0127ed u korp re\u017cistenti g\u0127all-korru\u017cjoni, dan id-Dawl tal-Arma jipprovdi prestazzjoni u affidabbilt\u00e0.<\/p>\n<\/div>\n","protected":false},"excerpt":{"rendered":"<p>SureFire X400T-A-RD: Dawl tattiku ta&#8217; 650 lumen b&#8217;lej\u017cer a\u0127mar, immuntat fuq ir-rail.<\/p>\n","protected":false},"featured_media":47469,"template":"","meta":{"_acf_changed":false},"product_brand":[11878],"product_cat":[14088,14106,14128],"product_tag":[],"class_list":{"0":"post-47468","1":"product","2":"type-product","3":"status-publish","4":"has-post-thumbnail","6":"product_brand-surefire","7":"product_cat-dwal","8":"product_cat-dwal-tal-pistola","9":"product_cat-pistola","11":"first","12":"instock","13":"taxable","14":"shipping-taxable","15":"purchasable","16":"product-type-simple"},"acf":[],"_links":{"self":[{"href":"https:\/\/nbg.eu\/mt\/wp-json\/wp\/v2\/product\/47468","targetHints":{"allow":["GET"]}}],"collection":[{"href":"https:\/\/nbg.eu\/mt\/wp-json\/wp\/v2\/product"}],"about":[{"href":"https:\/\/nbg.eu\/mt\/wp-json\/wp\/v2\/types\/product"}],"wp:featuredmedia":[{"embeddable":true,"href":"https:\/\/nbg.eu\/mt\/wp-json\/wp\/v2\/media\/47469"}],"wp:attachment":[{"href":"https:\/\/nbg.eu\/mt\/wp-json\/wp\/v2\/media?parent=47468"}],"wp:term":[{"taxonomy":"product_brand","embeddable":true,"href":"https:\/\/nbg.eu\/mt\/wp-json\/wp\/v2\/product_brand?post=47468"},{"taxonomy":"product_cat","embeddable":true,"href":"https:\/\/nbg.eu\/mt\/wp-json\/wp\/v2\/product_cat?post=47468"},{"taxonomy":"product_tag","embeddable":true,"href":"https:\/\/nbg.eu\/mt\/wp-json\/wp\/v2\/product_tag?post=47468"}],"curies":[{"name":"wp","href":"https:\/\/api.w.org\/{rel}","templated":true}]}}