{"id":48406,"date":"2024-07-30T17:59:23","date_gmt":"2024-07-30T17:59:23","guid":{"rendered":"https:\/\/nbg.eu\/product\/red-dot-sight-holosun-he508t-rd-x2\/"},"modified":"2026-01-21T12:03:08","modified_gmt":"2026-01-21T09:03:08","slug":"red-dot-sight-holosun-he508t-rd-x2","status":"publish","type":"product","link":"https:\/\/nbg.eu\/mt\/product\/red-dot-sight-holosun-he508t-rd-x2\/","title":{"rendered":"Red Dot Sight Holosun HE508T-RD-X2"},"content":{"rendered":"<div class=\"product-description\">\n<h2>Holosun HE508T-RD X2 Red Dot Sight<\/h2>\n<p>Il-Holosun HE508T-RD X2 huwa sight reflex miftu\u0127 g\u0127all-pistoli. Dan l-ottiku huwa mag\u0127mul biex ikun b&#8217;sa\u0127\u0127tu, versatili, u jinkludi teknolo\u0121ija avvanzata.<\/p>\n<h2>Karatteristi\u010bi Ewlenin:<\/h2>\n<ul>\n<li><strong>Kostruzzjoni tat-Titanju:<\/strong> Kaxxa tat-titanju tal-Grad 5 g\u0127al sa\u0127\u0127a u \u0127effa.<\/li>\n<li><strong>Sistema ta&#8217; Reticle Multipla (MRS):<\/strong> G\u0127a\u017cla bejn dot ta&#8217; 2 MOA, \u010birku ta&#8217; 32 MOA, jew kombinazzjoni ta&#8217; \u010birku-dot.<\/li>\n<li><strong>\u0126ajja tal-Batterija Twila:<\/strong> Sa 50,000 sieg\u0127a minn batterija CR1632 wa\u0127da fuq setting 6.<\/li>\n<li><strong>Solar Failsafe:<\/strong> Jibqa&#8217; ja\u0127dem anke jekk il-batterija ma ta\u0127dimx.<\/li>\n<li><strong>Teknolo\u0121ija Shake Awake:<\/strong> Jixg\u0127el meta jinqabad moviment.<\/li>\n<li><strong>Modi ta&#8217; Lock:<\/strong> Jipprevjeni bidliet a\u010b\u010bidentali fis-settings waqt l-u\u017cu.<\/li>\n<li><strong>Kompatibbilt\u00e0 ma&#8217; Night Vision:<\/strong> \u017bew\u0121 settings minn 12 huma ottimizzati g\u0127al u\u017cu ma&#8217; apparat ta&#8217; night vision.<\/li>\n<\/ul>\n<h2>Spe\u010bifikazzjonijiet Tekni\u010bi:<\/h2>\n<ul>\n<li>Daqs tat-Tieqa: 0.63&#8243; x 0.91&#8243;<\/li>\n<li>Dimensjonijiet: 1.78&#8243; x 1.15&#8243; x 1.15&#8243;<\/li>\n<li>Pi\u017c: 2 oz<\/li>\n<li>A\u0121\u0121ustament g\u0127al kull Click: 1 MOA<\/li>\n<li>Firxa ta&#8217; Moviment Windage &amp; Elevation: \u00b150 MOA<\/li>\n<li>Temperatura tal-Operat: -22\u00b0F sa 140\u00b0F (-30\u00b0C sa 60\u00b0C)<\/li>\n<li>Re\u017cistenza g\u0127all-Ilma: Ikklassifikat IP67<\/li>\n<li>Re\u017cistenza g\u0127all-Vibrazzjoni: 5000G<\/li>\n<\/ul>\n<p>Il-Holosun HE508T-RD X2 huwa ddisinjat biex jifla\u0127 kundizzjonijiet \u0127orox. Id-disinn tieg\u0127u ming\u0127ajr parallax u b&#8217;eye relief bla limitu jag\u0127mlu adattat g\u0127al xenarji ta&#8217; sparar velo\u010bi. Il-kompartiment tal-batterija jippermetti tibdil fa\u010bli tal-batterija ming\u0127ajr ma tne\u0127\u0127i s-sight mill-arma tan-nar.<\/p>\n<p>Il-HE508T-RD X2 huwa adattat g\u0127al sparaturi kompetittivi, professjonisti tal-infurzar tal-li\u0121i, u entu\u017cjasti tal-armi tan-nar.<\/p>\n<\/div>\n","protected":false},"excerpt":{"rendered":"<p>Vi\u017cjoni rifless miftu\u0127a tat-titanju g\u0127all-pistoli. Reticle multiplu, \u0127ajja twila tal-batterija.<\/p>\n","protected":false},"featured_media":48407,"template":"","meta":{"_acf_changed":false},"product_brand":[11438],"product_cat":[14140,14109,14128,14130],"product_tag":[],"class_list":{"0":"post-48406","1":"product","2":"type-product","3":"status-publish","4":"has-post-thumbnail","6":"product_brand-holosun","7":"product_cat-dots-gall-pistola","8":"product_cat-immira","9":"product_cat-pistola","10":"product_cat-red-dots","12":"first","13":"outofstock","14":"taxable","15":"shipping-taxable","16":"purchasable","17":"product-type-simple"},"acf":[],"_links":{"self":[{"href":"https:\/\/nbg.eu\/mt\/wp-json\/wp\/v2\/product\/48406","targetHints":{"allow":["GET"]}}],"collection":[{"href":"https:\/\/nbg.eu\/mt\/wp-json\/wp\/v2\/product"}],"about":[{"href":"https:\/\/nbg.eu\/mt\/wp-json\/wp\/v2\/types\/product"}],"wp:featuredmedia":[{"embeddable":true,"href":"https:\/\/nbg.eu\/mt\/wp-json\/wp\/v2\/media\/48407"}],"wp:attachment":[{"href":"https:\/\/nbg.eu\/mt\/wp-json\/wp\/v2\/media?parent=48406"}],"wp:term":[{"taxonomy":"product_brand","embeddable":true,"href":"https:\/\/nbg.eu\/mt\/wp-json\/wp\/v2\/product_brand?post=48406"},{"taxonomy":"product_cat","embeddable":true,"href":"https:\/\/nbg.eu\/mt\/wp-json\/wp\/v2\/product_cat?post=48406"},{"taxonomy":"product_tag","embeddable":true,"href":"https:\/\/nbg.eu\/mt\/wp-json\/wp\/v2\/product_tag?post=48406"}],"curies":[{"name":"wp","href":"https:\/\/api.w.org\/{rel}","templated":true}]}}