{"id":48635,"date":"2024-07-29T22:02:28","date_gmt":"2024-07-29T19:02:28","guid":{"rendered":"https:\/\/nbg.eu\/product\/ten-speed-single-308-mag-pouch\/"},"modified":"2026-01-21T12:33:46","modified_gmt":"2026-01-21T09:33:46","slug":"ten-speed-single-308-mag-pouch","status":"publish","type":"product","link":"https:\/\/nbg.eu\/mt\/product\/ten-speed-single-308-mag-pouch\/","title":{"rendered":"Ten-Speed\u00ae Single 308 Mag Pouch"},"content":{"rendered":"<div class=\"product-description\">\n<h2>Pouch Singolu g\u0127all-Magazine 308 Ten-Speed\u00ae<\/h2>\n<p>Pouch g\u0127all-\u0121arr ta&#8217; magazines .308 u o\u0121\u0121etti o\u0127ra. Dan il-pouch jista&#8217; j\u017comm magazine .308 wie\u0127ed (kompatibbli ma&#8217; SR-25, SIG 716, M110, FAL, SCAR-17, NGSW, XM7) jew o\u0121\u0121etti ta&#8217; daqs simili b\u0127al provvisti ta&#8217; trauma, radji \u017cg\u0127ar, jew unitajiet GPS.<\/p>\n<h3>Karatteristi\u010bi Ewlenin:<\/h3>\n<ul>\n<li>Disinn \u0127afif u ta&#8217; profil baxx<\/li>\n<li>Elastiku ta&#8217; grad militari u laminat ULTRAcomp\u2122<\/li>\n<li>Sistema ta&#8217; rbit Helium Whisper\u00ae patentata<\/li>\n<li>Kompatibbli ma&#8217; MOLLE<\/li>\n<li>Retenzjoni u durabbilt\u00e0 mtejba<\/li>\n<li>Ji\u017cen 60% inqas minn pouches tradizzjonali<\/li>\n<\/ul>\n<p>Il-Pouch Singolu g\u0127all-Magazine 308 Ten-Speed\u00ae joffri ta\u0127lita ta&#8217; velo\u010bit\u00e0 u sigurt\u00e0.<\/p>\n<\/div>\n","protected":false},"excerpt":{"rendered":"<p>\u0126afif, versatili, bor\u017ca ta&#8217; .308 mag b&#8217;retenzjoni elastika sigura.<\/p>\n","protected":false},"featured_media":48638,"template":"","meta":{"_acf_changed":false},"product_brand":[11137],"product_cat":[14156,14166,14149],"product_tag":[],"class_list":{"0":"post-48635","1":"product","2":"type-product","3":"status-publish","4":"has-post-thumbnail","6":"product_brand-blue-force-gear","7":"product_cat-boroz","8":"product_cat-tagmir","9":"product_cat-zamm-tal-magazines","11":"first","12":"instock","13":"taxable","14":"shipping-taxable","15":"purchasable","16":"product-type-simple"},"acf":[],"_links":{"self":[{"href":"https:\/\/nbg.eu\/mt\/wp-json\/wp\/v2\/product\/48635","targetHints":{"allow":["GET"]}}],"collection":[{"href":"https:\/\/nbg.eu\/mt\/wp-json\/wp\/v2\/product"}],"about":[{"href":"https:\/\/nbg.eu\/mt\/wp-json\/wp\/v2\/types\/product"}],"wp:featuredmedia":[{"embeddable":true,"href":"https:\/\/nbg.eu\/mt\/wp-json\/wp\/v2\/media\/48638"}],"wp:attachment":[{"href":"https:\/\/nbg.eu\/mt\/wp-json\/wp\/v2\/media?parent=48635"}],"wp:term":[{"taxonomy":"product_brand","embeddable":true,"href":"https:\/\/nbg.eu\/mt\/wp-json\/wp\/v2\/product_brand?post=48635"},{"taxonomy":"product_cat","embeddable":true,"href":"https:\/\/nbg.eu\/mt\/wp-json\/wp\/v2\/product_cat?post=48635"},{"taxonomy":"product_tag","embeddable":true,"href":"https:\/\/nbg.eu\/mt\/wp-json\/wp\/v2\/product_tag?post=48635"}],"curies":[{"name":"wp","href":"https:\/\/api.w.org\/{rel}","templated":true}]}}