{"id":49005,"date":"2024-07-29T18:46:44","date_gmt":"2024-07-29T18:46:44","guid":{"rendered":"https:\/\/nbg.eu\/product\/horizontal-ten-speed-single-m4-mag-pouch\/"},"modified":"2026-01-21T12:05:16","modified_gmt":"2026-01-21T09:05:16","slug":"horizontal-ten-speed-single-m4-mag-pouch","status":"publish","type":"product","link":"https:\/\/nbg.eu\/mt\/product\/horizontal-ten-speed-single-m4-mag-pouch\/","title":{"rendered":"Horizontal Ten-Speed\u00ae Single M4 Mag Pouch"},"content":{"rendered":"<h2>\u0126a\u017cna Orizzontali g\u0127al Magazin Wie\u0127ed ta&#8217; M4<\/h2>\n<p>Din il-\u0127a\u017cna g\u0127al magazin M4 tista&#8217; titwa\u0127\u0127al ma&#8217; sezzjonijiet mhux u\u017cati ta&#8217; MOLLE fuq carriers tal-pjan\u010bi, \u0121kieket, jew \u010binturini. Hija mag\u0127mula minn elastiku ta&#8217; grad militari.<\/p>\n<ul>\n<li>Kompatibbli ma&#8217; magazini STANAG M4 ta&#8217; 30 tir u l-bi\u010b\u010ba l-kbira tal-magazini 5.56<\/li>\n<li>Tesa&#8217; magazini akbar ta&#8217; SMG (UMP, CZ Scorpion, P90) u xi magazini AK-74<\/li>\n<li>Tista&#8217; ta\u0127\u017cen il-balal &#8216;il fuq\/isfel, &#8216;il quddiem\/lura<\/li>\n<li>Disponibbli f&#8217;ver\u017cjonijiet kompatibbli ma&#8217; MOLLE u mmuntati fuq \u010binturin<\/li>\n<li>Il-ver\u017cjoni mmuntata fuq \u010binturin tesa&#8217; \u010binturini sa 2&#8243; wisg\u0127a b&#8217;immuntar a\u0121\u0121ustabbli<\/li>\n<\/ul>\n<p>Din il-\u0127a\u017cna tippermetti mmani\u0121\u0121jar effi\u010bjenti ta&#8217; munizzjon.<\/p>\n","protected":false},"excerpt":{"rendered":"<p>Kompartiment orizzontali versatili g\u0127al magazines M4\/5.56. Jitwa\u0127\u0127al mal-MOLLE jew \u010binturin.<\/p>\n","protected":false},"featured_media":49012,"template":"","meta":{"_acf_changed":false},"product_brand":[11137],"product_cat":[14156,14166,14149],"product_tag":[],"class_list":{"0":"post-49005","1":"product","2":"type-product","3":"status-publish","4":"has-post-thumbnail","6":"product_brand-blue-force-gear","7":"product_cat-boroz","8":"product_cat-tagmir","9":"product_cat-zamm-tal-magazines","11":"first","12":"instock","13":"taxable","14":"shipping-taxable","15":"purchasable","16":"product-type-simple"},"acf":[],"_links":{"self":[{"href":"https:\/\/nbg.eu\/mt\/wp-json\/wp\/v2\/product\/49005","targetHints":{"allow":["GET"]}}],"collection":[{"href":"https:\/\/nbg.eu\/mt\/wp-json\/wp\/v2\/product"}],"about":[{"href":"https:\/\/nbg.eu\/mt\/wp-json\/wp\/v2\/types\/product"}],"wp:featuredmedia":[{"embeddable":true,"href":"https:\/\/nbg.eu\/mt\/wp-json\/wp\/v2\/media\/49012"}],"wp:attachment":[{"href":"https:\/\/nbg.eu\/mt\/wp-json\/wp\/v2\/media?parent=49005"}],"wp:term":[{"taxonomy":"product_brand","embeddable":true,"href":"https:\/\/nbg.eu\/mt\/wp-json\/wp\/v2\/product_brand?post=49005"},{"taxonomy":"product_cat","embeddable":true,"href":"https:\/\/nbg.eu\/mt\/wp-json\/wp\/v2\/product_cat?post=49005"},{"taxonomy":"product_tag","embeddable":true,"href":"https:\/\/nbg.eu\/mt\/wp-json\/wp\/v2\/product_tag?post=49005"}],"curies":[{"name":"wp","href":"https:\/\/api.w.org\/{rel}","templated":true}]}}