{"id":49446,"date":"2024-07-29T21:42:30","date_gmt":"2024-07-29T18:42:30","guid":{"rendered":"https:\/\/nbg.eu\/product\/large-utility-dapper-pouch\/"},"modified":"2026-01-21T11:54:16","modified_gmt":"2026-01-21T08:54:16","slug":"large-utility-dapper-pouch","status":"publish","type":"product","link":"https:\/\/nbg.eu\/mt\/product\/large-utility-dapper-pouch\/","title":{"rendered":"Large Utility Dapper Pouch"},"content":{"rendered":"<div class=\"product-description\">\n<h2>Bor\u017ca Kbira tal-Utilit\u00e0<\/h2>\n<p>Il-Bor\u017ca Kbira tal-Utilit\u00e0 tag\u0127na hija ddisinjata biex i\u017c\u017comm \u0127afna o\u0121\u0121etti ta&#8217; kuljum u tag\u0127mir. Tista&#8217; \u017c\u017comm \u010bar\u0121ers, tag\u0127mir tal-kompjuter, provvisti medi\u010bi u g\u0127odod.<\/p>\n<ul>\n<li>Installazzjoni u tne\u0127\u0127ija malajr fuq kwalunkwe qasam loop<\/li>\n<li>\u017bew\u0121 \u017cippijiet blu g\u0127al a\u010b\u010bess fa\u010bli<\/li>\n<li>Manku tal-lastku fuq nett g\u0127al trasport konvenjenti<\/li>\n<li>Parti ta&#8217; fuq trasparenti biex tara l-kontenut malajr<\/li>\n<li>Qasam loop intern g\u0127al g\u0127a\u017cliet addizzjonali ta&#8217; organizzazzjoni<\/li>\n<li>B&#8217;gan\u010b fuq wara g\u0127al immuntar versatili fuq diversi u\u010bu\u0127<\/li>\n<\/ul>\n<p>Tista&#8217; tintu\u017ca ma&#8217; basktijiet, inserzjonijiet, jew applikazzjonijiet personalizzati o\u0127ra.<\/p>\n<\/div>\n","protected":false},"excerpt":{"rendered":"<p>Bor\u017ca versatili u li tista&#8217; titne\u0127\u0127a g\u0127al o\u0121\u0121etti ta&#8217; kuljum u affarijiet essenzjali g\u0127all-missjoni.<\/p>\n","protected":false},"featured_media":49450,"template":"","meta":{"_acf_changed":false},"product_brand":[11137],"product_cat":[14156,14166],"product_tag":[],"class_list":{"0":"post-49446","1":"product","2":"type-product","3":"status-publish","4":"has-post-thumbnail","6":"product_brand-blue-force-gear","7":"product_cat-boroz","8":"product_cat-tagmir","10":"first","11":"instock","12":"taxable","13":"shipping-taxable","14":"purchasable","15":"product-type-simple"},"acf":[],"_links":{"self":[{"href":"https:\/\/nbg.eu\/mt\/wp-json\/wp\/v2\/product\/49446","targetHints":{"allow":["GET"]}}],"collection":[{"href":"https:\/\/nbg.eu\/mt\/wp-json\/wp\/v2\/product"}],"about":[{"href":"https:\/\/nbg.eu\/mt\/wp-json\/wp\/v2\/types\/product"}],"wp:featuredmedia":[{"embeddable":true,"href":"https:\/\/nbg.eu\/mt\/wp-json\/wp\/v2\/media\/49450"}],"wp:attachment":[{"href":"https:\/\/nbg.eu\/mt\/wp-json\/wp\/v2\/media?parent=49446"}],"wp:term":[{"taxonomy":"product_brand","embeddable":true,"href":"https:\/\/nbg.eu\/mt\/wp-json\/wp\/v2\/product_brand?post=49446"},{"taxonomy":"product_cat","embeddable":true,"href":"https:\/\/nbg.eu\/mt\/wp-json\/wp\/v2\/product_cat?post=49446"},{"taxonomy":"product_tag","embeddable":true,"href":"https:\/\/nbg.eu\/mt\/wp-json\/wp\/v2\/product_tag?post=49446"}],"curies":[{"name":"wp","href":"https:\/\/api.w.org\/{rel}","templated":true}]}}