{"id":50419,"date":"2024-04-18T10:53:56","date_gmt":"2024-09-13T08:59:23","guid":{"rendered":"https:\/\/nbg.eu\/product\/blue-force-gear-gmt-sling\/"},"modified":"2026-01-21T11:38:00","modified_gmt":"2026-01-21T08:38:00","slug":"blue-force-gear-gmt-sling","status":"publish","type":"product","link":"https:\/\/nbg.eu\/mt\/product\/blue-force-gear-gmt-sling\/","title":{"rendered":"Blue Force Gear GMT Sling"},"content":{"rendered":"<h2>\u010ainga GMT Blue Force Gear<\/h2>\n<p>I\u010b-\u010binga GMT Blue Force Gear tindirizza n-nuqqasijiet ta\u010b-\u010bineg antiki, u toffri kumdit\u00e0 u funzjonalit\u00e0 a\u0127jar.<\/p>\n<h2>Karatteristi\u010bi Ewlenin:<\/h2>\n<ul>\n<li>Bokkla doppja mag\u0127mula minn najlon mimlija bil-\u0127\u0121ie\u0121 re\u017cistenti g\u0127as-sadid<\/li>\n<li>\u010ainturin CORDURA\u00ae tan-najlon mi\u017cbug\u0127 b&#8217;soluzzjoni proprjetarja g\u0127all-kumdit\u00e0 u tnaqqis ta&#8217; twa\u0127\u0127il<\/li>\n<li>A\u0121\u0121ustament fa\u010bli: I\u0121bed id-denb biex tissikka, aqbad il-pum sferiku biex t\u0127oll<\/li>\n<li>Waqfa mda\u0127\u0127la fit-tarf tad-denb biex tipprevjeni \u0127ru\u0121 a\u010b\u010bidentali tal-arma<\/li>\n<\/ul>\n<h2>Spe\u010bifikazzjonijiet:<\/h2>\n<ul>\n<li>Disponibbli f&#8217;\u0127xuna ta&#8217; \u010binturin ta&#8217; 1&#8243; u 1.25&#8243;<\/li>\n<li>Kompatibbli ma&#8217; diversi armi tan-nar, minn xkubetti \u0127fief \u0127afna sa snieter<\/li>\n<li>Tul: 34&#8243; &#8211; 64&#8243;<\/li>\n<li>\u0126ardwer: Najlon DuPont Zytel\u00ae imsa\u0127\u0127a\u0127 bil-\u0127\u0121ie\u0121<\/li>\n<\/ul>\n<p>I\u010b-\u010binga GMT hija l-evoluzzjoni li jmiss fid-disinn ta\u010b-\u010bineg tatti\u010bi.<\/p>\n","protected":false},"excerpt":{"rendered":"<p>\u010ainga tattika innovattiva b&#8217;a\u0121\u0121ustatur li ma jsaddadx u \u010bineg komdi.<\/p>\n","protected":false},"featured_media":50420,"template":"","meta":{"_acf_changed":false},"product_brand":[11137],"product_cat":[14094,14166],"product_tag":[],"class_list":{"0":"post-50419","1":"product","2":"type-product","3":"status-publish","4":"has-post-thumbnail","6":"product_brand-blue-force-gear","7":"product_cat-goqqdiet","8":"product_cat-tagmir","10":"first","11":"instock","12":"taxable","13":"shipping-taxable","14":"purchasable","15":"product-type-variable","16":"wvs-archive-product-wrapper"},"acf":[],"_links":{"self":[{"href":"https:\/\/nbg.eu\/mt\/wp-json\/wp\/v2\/product\/50419","targetHints":{"allow":["GET"]}}],"collection":[{"href":"https:\/\/nbg.eu\/mt\/wp-json\/wp\/v2\/product"}],"about":[{"href":"https:\/\/nbg.eu\/mt\/wp-json\/wp\/v2\/types\/product"}],"wp:featuredmedia":[{"embeddable":true,"href":"https:\/\/nbg.eu\/mt\/wp-json\/wp\/v2\/media\/50420"}],"wp:attachment":[{"href":"https:\/\/nbg.eu\/mt\/wp-json\/wp\/v2\/media?parent=50419"}],"wp:term":[{"taxonomy":"product_brand","embeddable":true,"href":"https:\/\/nbg.eu\/mt\/wp-json\/wp\/v2\/product_brand?post=50419"},{"taxonomy":"product_cat","embeddable":true,"href":"https:\/\/nbg.eu\/mt\/wp-json\/wp\/v2\/product_cat?post=50419"},{"taxonomy":"product_tag","embeddable":true,"href":"https:\/\/nbg.eu\/mt\/wp-json\/wp\/v2\/product_tag?post=50419"}],"curies":[{"name":"wp","href":"https:\/\/api.w.org\/{rel}","templated":true}]}}