{"id":50743,"date":"2024-04-18T08:10:02","date_gmt":"2024-04-18T08:10:02","guid":{"rendered":"https:\/\/nbg.eu\/product\/blue-force-gear-hunting-sling\/"},"modified":"2026-01-21T12:16:50","modified_gmt":"2026-01-21T09:16:50","slug":"blue-force-gear-hunting-sling","status":"publish","type":"product","link":"https:\/\/nbg.eu\/mt\/product\/blue-force-gear-hunting-sling\/","title":{"rendered":"Blue Force Gear Hunting Sling"},"content":{"rendered":"<h2>\u010ainga tal-Ka\u010b\u010ba Blue Force Gear<\/h2>\n<p>I\u010b-\u010binga tal-ka\u010b\u010ba Blue Force Gear hija ddisinjata g\u0127all-azzarini u l-xkubetti. Din i\u010b-\u010binga tg\u0127aqqad kwalit\u00e0 ppruvata fil-\u0121lied mal-fa\u010bilit\u00e0 tal-u\u017cu, u taqbel ma&#8217; swivels tradizzjonali ta\u010b-\u010bineg.<\/p>\n<h2>Karatteristi\u010bi Ewlenin:<\/h2>\n<ul>\n<li>Webbing CORDURA\u00ae mi\u017cbug\u0127 bl-INVISTA\u2122 ta&#8217; grad militari<\/li>\n<li>Tista&#8217; ti\u0121i a\u0121\u0121ustata malajr minn 26&#8243; sa 46&#8243;<\/li>\n<li>Tinkludi swivels tar-rilaxx tal-\u0121enb<\/li>\n<li>Re\u017cistenti g\u0127at-telf tal-kulur, it-tidwir, il-qsim, jew l-ibbies<\/li>\n<li>Adattata g\u0127al mixjiet twal u tlug\u0127 fuq stands<\/li>\n<\/ul>\n<p>Din i\u010b-\u010binga hija durabbli u funzjonali, u tista&#8217; tintu\u017ca fa\u010bilment g\u0127all-\u0121arr jew g\u0127all-isparar. Tista&#8217; \u017c\u017comm l-arma qrib il-\u0121isem jew t\u0127olliha g\u0127all-isparar malajr.<\/p>\n","protected":false},"excerpt":{"rendered":"<p>\u010ainga re\u017cistenti u a\u0121\u0121ustabbli g\u0127all-azzarini u l-ixkupetti. Fa\u010bli biex tu\u017caha.<\/p>\n","protected":false},"featured_media":50744,"template":"","meta":{"_acf_changed":false},"product_brand":[11137],"product_cat":[14094,14166],"product_tag":[],"class_list":{"0":"post-50743","1":"product","2":"type-product","3":"status-publish","4":"has-post-thumbnail","6":"product_brand-blue-force-gear","7":"product_cat-goqqdiet","8":"product_cat-tagmir","10":"first","11":"instock","12":"taxable","13":"shipping-taxable","14":"purchasable","15":"product-type-variable","16":"wvs-archive-product-wrapper"},"acf":[],"_links":{"self":[{"href":"https:\/\/nbg.eu\/mt\/wp-json\/wp\/v2\/product\/50743","targetHints":{"allow":["GET"]}}],"collection":[{"href":"https:\/\/nbg.eu\/mt\/wp-json\/wp\/v2\/product"}],"about":[{"href":"https:\/\/nbg.eu\/mt\/wp-json\/wp\/v2\/types\/product"}],"wp:featuredmedia":[{"embeddable":true,"href":"https:\/\/nbg.eu\/mt\/wp-json\/wp\/v2\/media\/50744"}],"wp:attachment":[{"href":"https:\/\/nbg.eu\/mt\/wp-json\/wp\/v2\/media?parent=50743"}],"wp:term":[{"taxonomy":"product_brand","embeddable":true,"href":"https:\/\/nbg.eu\/mt\/wp-json\/wp\/v2\/product_brand?post=50743"},{"taxonomy":"product_cat","embeddable":true,"href":"https:\/\/nbg.eu\/mt\/wp-json\/wp\/v2\/product_cat?post=50743"},{"taxonomy":"product_tag","embeddable":true,"href":"https:\/\/nbg.eu\/mt\/wp-json\/wp\/v2\/product_tag?post=50743"}],"curies":[{"name":"wp","href":"https:\/\/api.w.org\/{rel}","templated":true}]}}