{"id":50978,"date":"2024-01-30T18:05:11","date_gmt":"2024-01-30T18:05:11","guid":{"rendered":"https:\/\/nbg.eu\/product\/blue-force-gear-vickers-padded-sling\/"},"modified":"2026-01-21T12:31:30","modified_gmt":"2026-01-21T09:31:30","slug":"blue-force-gear-vickers-padded-sling","status":"publish","type":"product","link":"https:\/\/nbg.eu\/mt\/product\/blue-force-gear-vickers-padded-sling\/","title":{"rendered":"Blue Force Gear Vickers Padded Sling"},"content":{"rendered":"<h2>\u010ainga Kkussinata Blue Force Gear Vickers<\/h2>\n<p>I\u010b-\u010ainga ta&#8217; Applikazzjonijiet ta&#8217; Kombattiment Kkussinata Vickers\u2122 bi privattiva. \u017bviluppata flimkien ma&#8217; Larry Vickers, ex-membru operattiv tal-1st SFOD-Delta, din i\u010b-\u010binga tattika li ta\u0121\u0121usta malajr hija fdata mill-Militar tal-Istati Uniti.<\/p>\n<h2>Karatteristi\u010bi Ewlenin:<\/h2>\n<ul>\n<li>Kuxxin ta&#8217; 2&#8243; inline g\u0127al kumdit\u00e0 mi\u017cjuda<\/li>\n<li>Kostruzzjoni ta&#8217; fowm b&#8217;\u010belloli mag\u0127luqa<\/li>\n<li>A\u0121\u0121ustatur Rapidu g\u0127al bidliet istantanji fit-tul<\/li>\n<li>Transizzjoni bla xkiel minn \u0121arr g\u0127al lest g\u0127all-kombattiment<\/li>\n<li>Mag\u0127mul fl-Istati Uniti b&#8217;materjali ta&#8217; kwalit\u00e0 g\u0127olja<\/li>\n<\/ul>\n<p>I\u010b-\u010ainga Kkussinata Vickers toffri ta\u0127lita ta&#8217; kumdit\u00e0 u funzjonalit\u00e0.<\/p>\n","protected":false},"excerpt":{"rendered":"<p>\u010ainga tattika li tista&#8217; ti\u0121i a\u0121\u0121ustata malajr b&#8217;kumdit\u00e0 mtarrfa g\u0127all-azzarini.<\/p>\n","protected":false},"featured_media":50744,"template":"","meta":{"_acf_changed":false},"product_brand":[11137],"product_cat":[14094,14166],"product_tag":[],"class_list":{"0":"post-50978","1":"product","2":"type-product","3":"status-publish","4":"has-post-thumbnail","6":"product_brand-blue-force-gear","7":"product_cat-goqqdiet","8":"product_cat-tagmir","10":"first","11":"instock","12":"taxable","13":"shipping-taxable","14":"purchasable","15":"product-type-variable","16":"wvs-archive-product-wrapper"},"acf":[],"_links":{"self":[{"href":"https:\/\/nbg.eu\/mt\/wp-json\/wp\/v2\/product\/50978","targetHints":{"allow":["GET"]}}],"collection":[{"href":"https:\/\/nbg.eu\/mt\/wp-json\/wp\/v2\/product"}],"about":[{"href":"https:\/\/nbg.eu\/mt\/wp-json\/wp\/v2\/types\/product"}],"wp:featuredmedia":[{"embeddable":true,"href":"https:\/\/nbg.eu\/mt\/wp-json\/wp\/v2\/media\/50744"}],"wp:attachment":[{"href":"https:\/\/nbg.eu\/mt\/wp-json\/wp\/v2\/media?parent=50978"}],"wp:term":[{"taxonomy":"product_brand","embeddable":true,"href":"https:\/\/nbg.eu\/mt\/wp-json\/wp\/v2\/product_brand?post=50978"},{"taxonomy":"product_cat","embeddable":true,"href":"https:\/\/nbg.eu\/mt\/wp-json\/wp\/v2\/product_cat?post=50978"},{"taxonomy":"product_tag","embeddable":true,"href":"https:\/\/nbg.eu\/mt\/wp-json\/wp\/v2\/product_tag?post=50978"}],"curies":[{"name":"wp","href":"https:\/\/api.w.org\/{rel}","templated":true}]}}