{"id":51131,"date":"2024-03-16T18:40:45","date_gmt":"2024-09-13T09:25:21","guid":{"rendered":"https:\/\/nbg.eu\/product\/bore-tech-bronze-stainless-chamber-brush\/"},"modified":"2026-01-21T12:09:03","modified_gmt":"2026-01-21T09:09:03","slug":"bore-tech-bronze-stainless-chamber-brush","status":"publish","type":"product","link":"https:\/\/nbg.eu\/mt\/product\/bore-tech-bronze-stainless-chamber-brush\/","title":{"rendered":"Bore Tech Bronze\/Stainless Chamber Brush"},"content":{"rendered":"<h2>Xkupilja tal-Kamra tal-Bron\u017c\/Stainless Steel ta&#8217; Bore Tech<\/h2>\n<p>Xkupilja tal-kamra ta&#8217; Bore Tech. Dawn ix-xkupilji huma siguri g\u0127all-kamra 100% u mag\u0127mula b&#8217;kostruzzjoni u karatteristi\u010bi spe\u010bjali.<\/p>\n<ul>\n<li>Ta\u0127lita ta&#8217; xag\u0127ar ri\u0121idu tal-bron\u017c u tal-azzar inossidabbli<\/li>\n<li>Azzjoni doppja ta&#8217; skrubjar g\u0127al tindif aktar mg\u0127a\u0121\u0121el u effettiv<\/li>\n<li>Qalba tax-xkupilja b&#8217;xag\u0127ar mag\u0127qud fi tmiem biex telimina truf maqtug\u0127a qatg\u0127ana<\/li>\n<li>Studs tal-aluminju ta&#8217; grad tal-ajruplani g\u0127al durabbilt\u00e0<\/li>\n<li>Disponibbli g\u0127al .223\/5.56mm AR-15 u .308\/7.62mm AR-10<\/li>\n<\/ul>\n<p>Xkupilji ta&#8217; Bore Tech g\u0127at-tindif tal-kamra.<\/p>\n<h3>Istruzzjonijiet:<\/h3>\n<ol>\n<li>Wa\u0127\u0127al ix-xkupilja mal-virga<\/li>\n<li>Xarrab ix-xkupilja b&#8217;solvent tat-tindif (C4 Carbon Remover jew Eliminator Bore Cleaner irrakkomandati)<\/li>\n<li>Da\u0127\u0127al fil-kamra u dawwar 6-12-il darba<\/li>\n<li>Er\u0121a&#8217; applika s-solvent u kompli xkupiljjar kif me\u0127tie\u0121<\/li>\n<li>Imsa\u0127 il-kamra b&#8217;bi\u010b\u010ba jew mop<\/li>\n<li>Naddaf ix-xkupilji qabel ta\u0127\u017cinhom<\/li>\n<\/ol>\n","protected":false},"excerpt":{"rendered":"<p>Xkupilja b&#8217;\u017cew\u0121 kmamar tal-lan\u017cit effi\u010bjenti g\u0127al xkubetti AR-15 u AR-10.<\/p>\n","protected":false},"featured_media":51132,"template":"","meta":{"_acf_changed":false},"product_brand":[11160],"product_cat":[14100,14117],"product_tag":[],"class_list":{"0":"post-51131","1":"product","2":"type-product","3":"status-publish","4":"has-post-thumbnail","6":"product_brand-boretech","7":"product_cat-tindif-tal-armi","8":"product_cat-xkupini","9":"pa_model-ar-10-mt","10":"pa_model-ar-15-mt","12":"first","13":"instock","14":"taxable","15":"shipping-taxable","16":"purchasable","17":"product-type-variable","18":"wvs-archive-product-wrapper"},"acf":[],"_links":{"self":[{"href":"https:\/\/nbg.eu\/mt\/wp-json\/wp\/v2\/product\/51131","targetHints":{"allow":["GET"]}}],"collection":[{"href":"https:\/\/nbg.eu\/mt\/wp-json\/wp\/v2\/product"}],"about":[{"href":"https:\/\/nbg.eu\/mt\/wp-json\/wp\/v2\/types\/product"}],"wp:featuredmedia":[{"embeddable":true,"href":"https:\/\/nbg.eu\/mt\/wp-json\/wp\/v2\/media\/51132"}],"wp:attachment":[{"href":"https:\/\/nbg.eu\/mt\/wp-json\/wp\/v2\/media?parent=51131"}],"wp:term":[{"taxonomy":"product_brand","embeddable":true,"href":"https:\/\/nbg.eu\/mt\/wp-json\/wp\/v2\/product_brand?post=51131"},{"taxonomy":"product_cat","embeddable":true,"href":"https:\/\/nbg.eu\/mt\/wp-json\/wp\/v2\/product_cat?post=51131"},{"taxonomy":"product_tag","embeddable":true,"href":"https:\/\/nbg.eu\/mt\/wp-json\/wp\/v2\/product_tag?post=51131"}],"curies":[{"name":"wp","href":"https:\/\/api.w.org\/{rel}","templated":true}]}}