{"id":51469,"date":"2024-03-15T06:18:52","date_gmt":"2024-09-13T09:57:06","guid":{"rendered":"https:\/\/nbg.eu\/product\/bore-tech-chameleon-gel-2-oz-tube\/"},"modified":"2026-01-21T11:38:55","modified_gmt":"2026-01-21T08:38:55","slug":"bore-tech-chameleon-gel-2-oz-tube","status":"publish","type":"product","link":"https:\/\/nbg.eu\/mt\/product\/bore-tech-chameleon-gel-2-oz-tube\/","title":{"rendered":"Bore Tech Chameleon Gel (2 Oz Tube)"},"content":{"rendered":"<h2>Bore Tech Chameleon Gel (Tubu ta&#8217; 2 Uqija)<\/h2>\n<p>Bore Tech Chameleon Gel\u2122 huwa prodott g\u0127at-tindif u l-illustrar tal-armi tan-nar. Dan il-\u0121ell jindika l-kulur u jne\u0127\u0127i l-Karbonju, ir-Ram, i\u010b-\u010aomb, u t-tni\u0121\u0121is tal-Moly, u j\u0127alli l-kanna nadifa.<\/p>\n<ul>\n<li>Bla ri\u0127a u bijodegradabbli<\/li>\n<li>Sigur g\u0127at-tipi kollha ta&#8217; kanen<\/li>\n<li>Ma je\u0127tie\u0121x ta\u0127lit<\/li>\n<li>Formulazzjoni tal-\u0121ell fa\u010bli biex tintu\u017ca<\/li>\n<li>Teknolo\u0121ija li tindika l-kulur g\u0127al tindif pre\u010bi\u017c<\/li>\n<\/ul>\n<p>Il-formula tal-Chameleon Gel tibdel il-kulur biex tindika t-tip ta&#8217; tni\u0121\u0121is pre\u017centi:<\/p>\n<p>Blu\/A\u0127dar: Ram<\/p>\n<p>Iswed: Karbonju<\/p>\n<p>Gri\u017c: \u010aomb\/Moly<\/p>\n<p>Abjad: Kanna nadifa<\/p>\n<p>\u017bomm il-prestazzjoni tal-arma tan-nar tieg\u0127ek b&#8217;din is-soluzzjoni tat-tindif. Tubu ta&#8217; 2 uqija huwa disponibbli.<\/p>\n","protected":false},"excerpt":{"rendered":"<p>\u0120ell tat-tindif li jibdel il-kulur ine\u0127\u0127i l-kontaminazzjoni mill-kanen tal-armi.<\/p>\n","protected":false},"featured_media":51470,"template":"","meta":{"_acf_changed":false},"product_brand":[11160],"product_cat":[14173,14100],"product_tag":[],"class_list":{"0":"post-51469","1":"product","2":"type-product","3":"status-publish","4":"has-post-thumbnail","6":"product_brand-boretech","7":"product_cat-nadafa","8":"product_cat-tindif-tal-armi","10":"first","11":"instock","12":"taxable","13":"shipping-taxable","14":"purchasable","15":"product-type-simple"},"acf":[],"_links":{"self":[{"href":"https:\/\/nbg.eu\/mt\/wp-json\/wp\/v2\/product\/51469","targetHints":{"allow":["GET"]}}],"collection":[{"href":"https:\/\/nbg.eu\/mt\/wp-json\/wp\/v2\/product"}],"about":[{"href":"https:\/\/nbg.eu\/mt\/wp-json\/wp\/v2\/types\/product"}],"wp:featuredmedia":[{"embeddable":true,"href":"https:\/\/nbg.eu\/mt\/wp-json\/wp\/v2\/media\/51470"}],"wp:attachment":[{"href":"https:\/\/nbg.eu\/mt\/wp-json\/wp\/v2\/media?parent=51469"}],"wp:term":[{"taxonomy":"product_brand","embeddable":true,"href":"https:\/\/nbg.eu\/mt\/wp-json\/wp\/v2\/product_brand?post=51469"},{"taxonomy":"product_cat","embeddable":true,"href":"https:\/\/nbg.eu\/mt\/wp-json\/wp\/v2\/product_cat?post=51469"},{"taxonomy":"product_tag","embeddable":true,"href":"https:\/\/nbg.eu\/mt\/wp-json\/wp\/v2\/product_tag?post=51469"}],"curies":[{"name":"wp","href":"https:\/\/api.w.org\/{rel}","templated":true}]}}