{"id":51812,"date":"2024-03-13T05:48:23","date_gmt":"2024-03-13T05:48:23","guid":{"rendered":"https:\/\/nbg.eu\/product\/bore-tech-c4-carbon-remover-4-oz\/"},"modified":"2026-01-21T11:35:04","modified_gmt":"2026-01-21T08:35:04","slug":"bore-tech-c4-carbon-remover-4-oz","status":"publish","type":"product","link":"https:\/\/nbg.eu\/mt\/product\/bore-tech-c4-carbon-remover-4-oz\/","title":{"rendered":"Bore Tech C4 Carbon Remover &#8211; 4 Oz"},"content":{"rendered":"<div class=\"product-description\">\n<h2>Bore Tech C4 Ne\u0127\u0127iej tal-Karbonju &#8211; 4 Uqija<\/h2>\n<p>Bore Tech C4 Carbon Remover ine\u0127\u0127i l-karbonju mill-armi. Din il-formula tne\u0127\u0127i l-karbonju ming\u0127ajr perikli, tossi\u010bit\u00e0, jew irwejja\u0127 li jinsabu f&#8217;naddafa o\u0127ra. Huwa sigur g\u0127all-kanen, mhux perikolu\u017c, u ming\u0127ajr ammonja. Jista&#8217; jintu\u017ca g\u0127all-kanen, bolt carriers, u partijiet o\u0127ra.<\/p>\n<\/div>\n","protected":false},"excerpt":{"rendered":"<p>Ne\u0127\u0127ej tal-karbonju qawwi u sigur g\u0127all-armi tan-nar. Velo\u010bi u effettiv.<\/p>\n","protected":false},"featured_media":51813,"template":"","meta":{"_acf_changed":false},"product_brand":[11160],"product_cat":[14173,14100],"product_tag":[],"class_list":{"0":"post-51812","1":"product","2":"type-product","3":"status-publish","4":"has-post-thumbnail","6":"product_brand-boretech","7":"product_cat-nadafa","8":"product_cat-tindif-tal-armi","10":"first","11":"outofstock","12":"taxable","13":"shipping-taxable","14":"purchasable","15":"product-type-variable","16":"wvs-archive-product-wrapper"},"acf":[],"_links":{"self":[{"href":"https:\/\/nbg.eu\/mt\/wp-json\/wp\/v2\/product\/51812","targetHints":{"allow":["GET"]}}],"collection":[{"href":"https:\/\/nbg.eu\/mt\/wp-json\/wp\/v2\/product"}],"about":[{"href":"https:\/\/nbg.eu\/mt\/wp-json\/wp\/v2\/types\/product"}],"wp:featuredmedia":[{"embeddable":true,"href":"https:\/\/nbg.eu\/mt\/wp-json\/wp\/v2\/media\/51813"}],"wp:attachment":[{"href":"https:\/\/nbg.eu\/mt\/wp-json\/wp\/v2\/media?parent=51812"}],"wp:term":[{"taxonomy":"product_brand","embeddable":true,"href":"https:\/\/nbg.eu\/mt\/wp-json\/wp\/v2\/product_brand?post=51812"},{"taxonomy":"product_cat","embeddable":true,"href":"https:\/\/nbg.eu\/mt\/wp-json\/wp\/v2\/product_cat?post=51812"},{"taxonomy":"product_tag","embeddable":true,"href":"https:\/\/nbg.eu\/mt\/wp-json\/wp\/v2\/product_tag?post=51812"}],"curies":[{"name":"wp","href":"https:\/\/api.w.org\/{rel}","templated":true}]}}