{"id":51966,"date":"2024-03-12T19:14:59","date_gmt":"2024-03-12T19:14:59","guid":{"rendered":"https:\/\/nbg.eu\/product\/bore-tech-cu2-copper-remover\/"},"modified":"2026-01-21T12:28:56","modified_gmt":"2026-01-21T09:28:56","slug":"bore-tech-cu2-copper-remover","status":"publish","type":"product","link":"https:\/\/nbg.eu\/mt\/product\/bore-tech-cu2-copper-remover\/","title":{"rendered":"Bore Tech CU+2 Copper Remover"},"content":{"rendered":"<div class=\"product-description\">\n<h2>Bore Tech CU+2 Ne\u0127\u0127iej tar-Ram<\/h2>\n<p>Il-Cu+2 Copper Remover\u2122 ine\u0127\u0127i l-fouling tar-ram. Din is-soluzzjoni ta\u0127dem a\u0127jar minn solventi bba\u017cati fuq petro-ammonja, u toffri:<\/p>\n<ul>\n<li>Sigur g\u0127all-kanna 100% u ming\u0127ajr ammonja<\/li>\n<li>Bla ri\u0127a u bijodegradabbli<\/li>\n<li>Estrazzjoni tar-ram malajr u kompleta<\/li>\n<li>Pro\u010bess ta&#8217; \u017cew\u0121 passi g\u0127al tindif<\/li>\n<li>Prevenzjoni ta&#8217; sadid g\u0127al \u017cmien qasir<\/li>\n<\/ul>\n<p>Dan in-ne\u0127\u0127iej tar-ram huwa fa\u010bli biex tu\u017ca u mhux perikolu\u017c.<\/p>\n<\/div>\n","protected":false},"excerpt":{"rendered":"<p>Tne\u0127\u0127i tar-ram ming\u0127ajr ammonja, b&#8217;patent. Ja\u0127dem malajr, sigur g\u0127all-kanna tal-arma, u bla ri\u0127a.<\/p>\n","protected":false},"featured_media":51967,"template":"","meta":{"_acf_changed":false},"product_brand":[11160],"product_cat":[14173,14100],"product_tag":[],"class_list":{"0":"post-51966","1":"product","2":"type-product","3":"status-publish","4":"has-post-thumbnail","6":"product_brand-boretech","7":"product_cat-nadafa","8":"product_cat-tindif-tal-armi","10":"first","11":"instock","12":"taxable","13":"shipping-taxable","14":"purchasable","15":"product-type-variable","16":"wvs-archive-product-wrapper"},"acf":[],"_links":{"self":[{"href":"https:\/\/nbg.eu\/mt\/wp-json\/wp\/v2\/product\/51966","targetHints":{"allow":["GET"]}}],"collection":[{"href":"https:\/\/nbg.eu\/mt\/wp-json\/wp\/v2\/product"}],"about":[{"href":"https:\/\/nbg.eu\/mt\/wp-json\/wp\/v2\/types\/product"}],"wp:featuredmedia":[{"embeddable":true,"href":"https:\/\/nbg.eu\/mt\/wp-json\/wp\/v2\/media\/51967"}],"wp:attachment":[{"href":"https:\/\/nbg.eu\/mt\/wp-json\/wp\/v2\/media?parent=51966"}],"wp:term":[{"taxonomy":"product_brand","embeddable":true,"href":"https:\/\/nbg.eu\/mt\/wp-json\/wp\/v2\/product_brand?post=51966"},{"taxonomy":"product_cat","embeddable":true,"href":"https:\/\/nbg.eu\/mt\/wp-json\/wp\/v2\/product_cat?post=51966"},{"taxonomy":"product_tag","embeddable":true,"href":"https:\/\/nbg.eu\/mt\/wp-json\/wp\/v2\/product_tag?post=51966"}],"curies":[{"name":"wp","href":"https:\/\/api.w.org\/{rel}","templated":true}]}}