{"id":52542,"date":"2024-03-12T18:05:32","date_gmt":"2024-09-13T11:33:19","guid":{"rendered":"https:\/\/nbg.eu\/product\/bore-tech-x-count-patches-multiple-sizes\/"},"modified":"2026-01-21T12:33:01","modified_gmt":"2026-01-21T09:33:01","slug":"bore-tech-x-count-patches-multiple-sizes","status":"publish","type":"product","link":"https:\/\/nbg.eu\/mt\/product\/bore-tech-x-count-patches-multiple-sizes\/","title":{"rendered":"Bore Tech X-Count Patches (Multiple Sizes)"},"content":{"rendered":"<p>G\u0127eluq Bore Tech X-Count\u2122: Karatteristi\u010bi:<\/p>\n<ul>\n<li>100% flanella tal-qoton<\/li>\n<li>Materjal b&#8217;\u017cew\u0121 na\u0127at im\u0127abbtin, li ma jitqattax<\/li>\n<li>Kapa\u010bit\u00e0 ta&#8217; tindif tajba<\/li>\n<li>Assorbiment tajjeb ta&#8217; solventi<\/li>\n<li>Manifatturat fl-Istati Uniti<\/li>\n<li>Adattat g\u0127al tipi u kalibri differenti ta&#8217; armi<\/li>\n<li>Ji\u0121i f&#8217;pakkett li jista&#8217; jiddendel u jer\u0121a&#8217; jing\u0127alaq<\/li>\n<\/ul>\n","protected":false},"excerpt":{"rendered":"<p>Bi\u010b\u010biet tal-qoton ta&#8217; kwalit\u00e0 g\u0127olja g\u0127at-tindif tal-armi, ta&#8217; daqsijiet varji. Mag\u0127mula fl-Istati Uniti tal-Amerika.<\/p>\n","protected":false},"featured_media":52543,"template":"","meta":{"_acf_changed":false},"product_brand":[11160],"product_cat":[14099,14100],"product_tag":[],"class_list":{"0":"post-52542","1":"product","2":"type-product","3":"status-publish","4":"has-post-thumbnail","6":"product_brand-boretech","7":"product_cat-patches","8":"product_cat-tindif-tal-armi","10":"first","11":"instock","12":"taxable","13":"shipping-taxable","14":"purchasable","15":"product-type-variable","16":"wvs-archive-product-wrapper"},"acf":[],"_links":{"self":[{"href":"https:\/\/nbg.eu\/mt\/wp-json\/wp\/v2\/product\/52542","targetHints":{"allow":["GET"]}}],"collection":[{"href":"https:\/\/nbg.eu\/mt\/wp-json\/wp\/v2\/product"}],"about":[{"href":"https:\/\/nbg.eu\/mt\/wp-json\/wp\/v2\/types\/product"}],"wp:featuredmedia":[{"embeddable":true,"href":"https:\/\/nbg.eu\/mt\/wp-json\/wp\/v2\/media\/52543"}],"wp:attachment":[{"href":"https:\/\/nbg.eu\/mt\/wp-json\/wp\/v2\/media?parent=52542"}],"wp:term":[{"taxonomy":"product_brand","embeddable":true,"href":"https:\/\/nbg.eu\/mt\/wp-json\/wp\/v2\/product_brand?post=52542"},{"taxonomy":"product_cat","embeddable":true,"href":"https:\/\/nbg.eu\/mt\/wp-json\/wp\/v2\/product_cat?post=52542"},{"taxonomy":"product_tag","embeddable":true,"href":"https:\/\/nbg.eu\/mt\/wp-json\/wp\/v2\/product_tag?post=52542"}],"curies":[{"name":"wp","href":"https:\/\/api.w.org\/{rel}","templated":true}]}}