{"id":525779,"date":"2025-08-19T20:38:50","date_gmt":"2025-08-19T17:38:50","guid":{"rendered":"https:\/\/nbg.eu\/product\/hographic-sight-eotech-exps3\/"},"modified":"2026-01-21T11:45:40","modified_gmt":"2026-01-21T08:45:40","slug":"hographic-sight-eotech-exps3","status":"publish","type":"product","link":"https:\/\/nbg.eu\/mt\/product\/hographic-sight-eotech-exps3\/","title":{"rendered":"Hographic sight EOTECH EXPS3"},"content":{"rendered":"<div class=\"product-description\">\n<h2>EOTECH HWS EXPS3\u2122 Mira Olografika g\u0127all-Armi<\/h2>\n<p>L-EOTECH HWS EXPS3\u2122 toffri:<\/p>\n<ul>\n<li>Sparar b&#8217;\u017cew\u0121 g\u0127ajnejn miftu\u0127a<\/li>\n<li>Kompatibbilt\u00e0 ma&#8217; vi\u017cjoni ta&#8217; billejl b&#8217;10 settings addizzjonali<\/li>\n<li>Ba\u017ci ta&#8217; 7mm g\u0127olja li tista&#8217; titne\u0127\u0127a malajr<\/li>\n<li>Daqs: 3.8&#8243; x 2.3&#8243; x 2.9&#8243;<\/li>\n<li>Pi\u017c: 11.2oz<\/li>\n<li>Re\u017cistenti g\u0127all-ilma sa fond ta&#8217; 33 pied<\/li>\n<li>20 setting ta&#8217; lumino\u017cit\u00e0 g\u0127al matul il-jum<\/li>\n<li>\u0126ajja tal-batterija ta&#8217; 1,000 sieg\u0127a fuq setting nominali<\/li>\n<\/ul>\n<p>Mag\u0127mula fl-Istati Uniti, l-EXPS3 twa\u0127\u0127al fuq linji Weaver ta&#8217; 1&#8243; jew MIL-STD-1913 u ta\u0127dem f&#8217;temperaturi minn -40\u00b0F sa 140\u00b0F. Tinkludi gwida ta&#8217; bidu rapidu, karta tal-garanzija, u batterija CR123.<\/p>\n<\/div>\n","protected":false},"excerpt":{"rendered":"<p>Akkwi\u017cizzjoni rapida tal-mira, kompatibbli ma&#8217; vi\u017cjoni ta&#8217; billejl, b&#8217;ba\u017ci mg\u0127ollija li tista&#8217; titne\u0127\u0127a malajr.<\/p>\n","protected":false},"featured_media":466374,"template":"","meta":{"_acf_changed":false},"product_brand":[],"product_cat":[14118,14109],"product_tag":[],"class_list":{"0":"post-525779","1":"product","2":"type-product","3":"status-publish","4":"has-post-thumbnail","6":"product_cat-dots-tar-rifle","7":"product_cat-immira","9":"first","10":"outofstock","11":"taxable","12":"shipping-taxable","13":"purchasable","14":"product-type-simple"},"acf":[],"_links":{"self":[{"href":"https:\/\/nbg.eu\/mt\/wp-json\/wp\/v2\/product\/525779","targetHints":{"allow":["GET"]}}],"collection":[{"href":"https:\/\/nbg.eu\/mt\/wp-json\/wp\/v2\/product"}],"about":[{"href":"https:\/\/nbg.eu\/mt\/wp-json\/wp\/v2\/types\/product"}],"wp:featuredmedia":[{"embeddable":true,"href":"https:\/\/nbg.eu\/mt\/wp-json\/wp\/v2\/media\/466374"}],"wp:attachment":[{"href":"https:\/\/nbg.eu\/mt\/wp-json\/wp\/v2\/media?parent=525779"}],"wp:term":[{"taxonomy":"product_brand","embeddable":true,"href":"https:\/\/nbg.eu\/mt\/wp-json\/wp\/v2\/product_brand?post=525779"},{"taxonomy":"product_cat","embeddable":true,"href":"https:\/\/nbg.eu\/mt\/wp-json\/wp\/v2\/product_cat?post=525779"},{"taxonomy":"product_tag","embeddable":true,"href":"https:\/\/nbg.eu\/mt\/wp-json\/wp\/v2\/product_tag?post=525779"}],"curies":[{"name":"wp","href":"https:\/\/api.w.org\/{rel}","templated":true}]}}