{"id":526190,"date":"2025-08-19T20:48:32","date_gmt":"2025-08-19T17:48:32","guid":{"rendered":"https:\/\/nbg.eu\/product\/thermal-camera-viper-35-gen-2-hunter\/"},"modified":"2026-01-21T11:31:09","modified_gmt":"2026-01-21T08:31:09","slug":"thermal-camera-viper-35-gen-2-hunter","status":"publish","type":"product","link":"https:\/\/nbg.eu\/mt\/product\/thermal-camera-viper-35-gen-2-hunter\/","title":{"rendered":"Thermal Camera Viper 35 Gen 2 Hunter"},"content":{"rendered":"<div class=\"product-description\">\n<h1>Nitehog Viper-35 Monokular ta&#8217; Imma\u0121ini Termali<\/h1>\n<p>Il-Nitehog Viper-35 huwa apparat ta&#8217; imma\u0121ini termali g\u0127al ka\u010b\u010baturi u dilettanti tal-attivitajiet fil-bera\u0127. Dan l-apparat jg\u0127aqqad disinn kompatt ma&#8217; prestazzjoni b&#8217;sa\u0127\u0127itha.<\/p>\n<h2>Karatteristi\u010bi Ewlenin:<\/h2>\n<ul>\n<li>Kompatt u \u0127afif: Ji\u017cen 254 grammi (ming\u0127ajr batterija)<\/li>\n<li>Sensur b&#8217;ri\u017coluzzjoni g\u0127olja: 320&#215;240 pixels<\/li>\n<li>Firxa ta&#8217; detezzjoni: Jista&#8217; jara o\u0121\u0121etti sa 1380 metru &#8216;l bog\u0127od<\/li>\n<li>Disinn versatili: Kompatibbli ma&#8217; skopi standard ta&#8217; matul il-jum<\/li>\n<li>M&#8217;hemmx b\u017conn ta&#8217; a\u0121\u0121ustament mill-\u0121did<\/li>\n<li>Lenti F 1.2 b&#8217;sa\u0127\u0127itha<\/li>\n<li>Re\u017cistenza g\u0127all-ilma IP66<\/li>\n<li>\u0126ajja tal-batterija ta&#8217; 5 sig\u0127at<\/li>\n<li>Kaxxa mag\u0127mula minn liga tal-manjesju<\/li>\n<\/ul>\n<h2>Spe\u010bifikazzjonijiet Tekni\u010bi:<\/h2>\n<ul>\n<li>Tkabbir: 1 &#8211; 4x<\/li>\n<li>Dijametru tal-lenti objettiva: 35 mm<\/li>\n<li>Ri\u017coluzzjoni tal-iskrin: 1024&#215;768 pixels<\/li>\n<li>Dimensjonijiet: 5.23&#8243; x 2.48&#8243; x 1.81&#8243; (G x W x T)<\/li>\n<li>Tip ta&#8217; batterija: Lithium-Ion<\/li>\n<\/ul>\n<h2>Il-Pakkett Jinkludi:<\/h2>\n<ul>\n<li>NiteHog Viper 35 Monokular ta&#8217; Imma\u0121ini Termali b&#8217;Clip-On<\/li>\n<li>Kaxxa tat-trasport<\/li>\n<li>2x Sett ta&#8217; batteriji<\/li>\n<li>\u010aar\u0121er tal-batterija<\/li>\n<li>Pinna tal-lenti<\/li>\n<li>\u010ainga tal-g\u0127onq<\/li>\n<li>\u010airku tal-kontra<\/li>\n<li>\u010aarruta tat-tindif<\/li>\n<li>Bor\u017ca Cordura<\/li>\n<\/ul>\n<p>Il-Nitehog Viper-35 je\u0127el direttament mal-iskopi standard tar-rifles ming\u0127ajr g\u0127odda. Dan ji\u017cgura li l-punt tal-impatt jibqa&#8217; konsistenti. Is-sensur u l-lenti F 1.2 jippermettu d-detezzjoni ta&#8217; o\u0121\u0121ett standard ta&#8217; 1.8 metri sa 1380 metru &#8216;l bog\u0127od.<\/p>\n<p>L-apparat g\u0127andu re\u017cistenza g\u0127all-ilma IP66 u kaxxa mag\u0127mula minn liga tal-manjesju. Huwa kopert minn garanzija limitata tul il-\u0127ajja.<\/p>\n<\/div>\n","protected":false},"excerpt":{"rendered":"<p>Monokular termali kompatt b&#8217;sensur ta&#8217; 320&#215;240. Disinn clip-on, firxa ta&#8217; 1380m, batterija ta&#8217; 5 sig\u0127at. Re\u017cistenti u impermeabbli.<\/p>\n","protected":false},"featured_media":466817,"template":"","meta":{"_acf_changed":false},"product_brand":[11602],"product_cat":[369],"product_tag":[],"class_list":{"0":"post-526190","1":"product","2":"type-product","3":"status-publish","4":"has-post-thumbnail","6":"product_brand-nitehog","7":"product_cat-uncategorized","9":"first","10":"outofstock","11":"taxable","12":"shipping-taxable","13":"purchasable","14":"product-type-simple"},"acf":[],"_links":{"self":[{"href":"https:\/\/nbg.eu\/mt\/wp-json\/wp\/v2\/product\/526190","targetHints":{"allow":["GET"]}}],"collection":[{"href":"https:\/\/nbg.eu\/mt\/wp-json\/wp\/v2\/product"}],"about":[{"href":"https:\/\/nbg.eu\/mt\/wp-json\/wp\/v2\/types\/product"}],"wp:featuredmedia":[{"embeddable":true,"href":"https:\/\/nbg.eu\/mt\/wp-json\/wp\/v2\/media\/466817"}],"wp:attachment":[{"href":"https:\/\/nbg.eu\/mt\/wp-json\/wp\/v2\/media?parent=526190"}],"wp:term":[{"taxonomy":"product_brand","embeddable":true,"href":"https:\/\/nbg.eu\/mt\/wp-json\/wp\/v2\/product_brand?post=526190"},{"taxonomy":"product_cat","embeddable":true,"href":"https:\/\/nbg.eu\/mt\/wp-json\/wp\/v2\/product_cat?post=526190"},{"taxonomy":"product_tag","embeddable":true,"href":"https:\/\/nbg.eu\/mt\/wp-json\/wp\/v2\/product_tag?post=526190"}],"curies":[{"name":"wp","href":"https:\/\/api.w.org\/{rel}","templated":true}]}}