{"id":526428,"date":"2025-08-20T17:48:48","date_gmt":"2025-08-20T14:48:48","guid":{"rendered":"https:\/\/nbg.eu\/product\/recoil-spring-ismi-15-lb-spring-for-glock-17-gl15\/"},"modified":"2026-01-21T11:39:14","modified_gmt":"2026-01-21T08:39:14","slug":"recoil-spring-ismi-15-lb-spring-for-glock-17-gl15","status":"publish","type":"product","link":"https:\/\/nbg.eu\/mt\/product\/recoil-spring-ismi-15-lb-spring-for-glock-17-gl15\/","title":{"rendered":"Recoil spring ISMI 15 lb. Spring for Glock 17 (GL15)"},"content":{"rendered":"<div class=\"product-description\">\n<h2>Molla tar-recoil tal-wajer \u010batt ISMI ta&#8217; 15 lb g\u0127al Glock 17 (GL15)<\/h2>\n<p>Molla tar-recoil ISMI g\u0127al Glock 17. Din il-molla ta&#8217; 15 lb hija mag\u0127mula minn liga ta&#8217; krom vanadju, imfassla biex taqbel mal-virga ta&#8217; gwida tad-dijametru tal-fabbrika ta&#8217; .250&#8243; jew inqas.<\/p>\n<ul>\n<li>Imfassla b&#8217;CAD u mibnija skont l-ispe\u010bifikazzjonijiet tal-ajruspazju<\/li>\n<li>Ittrattata bis-s\u0127ana, imsawta bi\u010b-\u010bomb, u kompletament imne\u0127\u0127ija mill-istress<\/li>\n<li>Ti\u017cgura prestazzjoni konsistenti u affidabbli<\/li>\n<li>Kompatibbli ma&#8217; Glock 17, 17L, 20, 21, 22, 24, 31, 35<\/li>\n<li>Mag\u0127mula fl-Istati Uniti tal-Amerika<\/li>\n<\/ul>\n<p>Molla tar-recoil ISMI g\u0127al affidabilit\u00e0 u prestazzjoni mtejba. Tista&#8217; tintu\u017ca g\u0127al sparar fil-mira.<\/p>\n<\/div>\n","protected":false},"excerpt":{"rendered":"<p>Molla tal-irtirar tal-wajer \u010batt ta&#8217; 15lb ta&#8217; pre\u010bi\u017cjoni g\u0127all-Glock 17. Mag\u0127mula fl-Istati Uniti, ittejjeb il-prestazzjoni.<\/p>\n","protected":false},"featured_media":470576,"template":"","meta":{"_acf_changed":false},"product_brand":[11411],"product_cat":[14126,14108],"product_tag":[],"class_list":{"0":"post-526428","1":"product","2":"type-product","3":"status-publish","4":"has-post-thumbnail","6":"product_brand-glock","7":"product_cat-molol","8":"product_cat-partijiet-kmr","10":"first","11":"outofstock","12":"taxable","13":"shipping-taxable","14":"purchasable","15":"product-type-simple"},"acf":[],"_links":{"self":[{"href":"https:\/\/nbg.eu\/mt\/wp-json\/wp\/v2\/product\/526428","targetHints":{"allow":["GET"]}}],"collection":[{"href":"https:\/\/nbg.eu\/mt\/wp-json\/wp\/v2\/product"}],"about":[{"href":"https:\/\/nbg.eu\/mt\/wp-json\/wp\/v2\/types\/product"}],"wp:featuredmedia":[{"embeddable":true,"href":"https:\/\/nbg.eu\/mt\/wp-json\/wp\/v2\/media\/470576"}],"wp:attachment":[{"href":"https:\/\/nbg.eu\/mt\/wp-json\/wp\/v2\/media?parent=526428"}],"wp:term":[{"taxonomy":"product_brand","embeddable":true,"href":"https:\/\/nbg.eu\/mt\/wp-json\/wp\/v2\/product_brand?post=526428"},{"taxonomy":"product_cat","embeddable":true,"href":"https:\/\/nbg.eu\/mt\/wp-json\/wp\/v2\/product_cat?post=526428"},{"taxonomy":"product_tag","embeddable":true,"href":"https:\/\/nbg.eu\/mt\/wp-json\/wp\/v2\/product_tag?post=526428"}],"curies":[{"name":"wp","href":"https:\/\/api.w.org\/{rel}","templated":true}]}}