{"id":527021,"date":"2025-08-25T00:18:45","date_gmt":"2025-08-24T21:18:45","guid":{"rendered":"https:\/\/nbg.eu\/product\/ftcs-enlarged-magazine-catch-with-shelf-ak-platform-no-16\/"},"modified":"2026-01-21T12:04:00","modified_gmt":"2026-01-21T09:04:00","slug":"ftcs-enlarged-magazine-catch-with-shelf-ak-platform-no-16","status":"publish","type":"product","link":"https:\/\/nbg.eu\/mt\/product\/ftcs-enlarged-magazine-catch-with-shelf-ak-platform-no-16\/","title":{"rendered":"FTCS &#8211; Enlarged Magazine Catch With Shelf &#8211; AK platform &#8211; No.16"},"content":{"rendered":"<div class=\"product-description\">\n<h2>FTCS &#8211; Qabda tal-Maga\u017cin Imkabbra b&#8217;Xkaffa &#8211; Pjattaforma AK &#8211; Nru.16<\/h2>\n<p>Din il-qabda tal-maga\u017cin imkabbra g\u0127all-pjattaforma AK g\u0127andha xkaffa g\u0127al \u0127elsien tal-maga\u017cin bl-u\u017cu tas-saba&#8217; l-werrej. Mag\u0127mula mill-azzar u b&#8217;finitura Graphite Black H-146 Cerakote.<\/p>\n<h2>Karatteristi\u010bi Ewlenin:<\/h2>\n<ul>\n<li>Kompatibbli ma&#8217; \u0127afna armi tat-tip AK\/AKM\/AK-74<\/li>\n<li>Kostruzzjoni tal-azzar<\/li>\n<li>Disinn imkabbar<\/li>\n<li>Xkaffa addizzjonali g\u0127all-\u0127elsien tal-maga\u017cin bis-saba&#8217; l-werrej<\/li>\n<\/ul>\n<h2>Spe\u010bifikazzjonijiet Tekni\u010bi:<\/h2>\n<ul>\n<li>Dimensjonijiet: 55 x 52 x 21 mm<\/li>\n<li>Pi\u017c: 20 g<\/li>\n<li>Finitura: Cerakote Graphite Black H-146<\/li>\n<\/ul>\n<p>Il-Qabda tal-Maga\u017cin Imkabbra b&#8217;Xkaffa FTCS &#8211; Nru.16 g\u0127all-pjattaforma AK.<\/p>\n<\/div>\n","protected":false},"excerpt":{"rendered":"<p>Rilaxx tal-maga\u017cin imsa\u0127\u0127a\u0127 g\u0127all-pjattaforma AK b&#8217;xkaffa g\u0127as-swaba&#8217;. Azzar, iswed.<\/p>\n","protected":false},"featured_media":481347,"template":"","meta":{"_acf_changed":false},"product_brand":[11322],"product_cat":[14158,14096,14119],"product_tag":[],"class_list":{"0":"post-527021","1":"product","2":"type-product","3":"status-publish","4":"has-post-thumbnail","6":"product_brand-ftcs","7":"product_cat-rifle","8":"product_cat-tuning-ak","9":"product_cat-tuning-tar-rifle","11":"first","12":"outofstock","13":"taxable","14":"shipping-taxable","15":"purchasable","16":"product-type-simple"},"acf":[],"_links":{"self":[{"href":"https:\/\/nbg.eu\/mt\/wp-json\/wp\/v2\/product\/527021","targetHints":{"allow":["GET"]}}],"collection":[{"href":"https:\/\/nbg.eu\/mt\/wp-json\/wp\/v2\/product"}],"about":[{"href":"https:\/\/nbg.eu\/mt\/wp-json\/wp\/v2\/types\/product"}],"wp:featuredmedia":[{"embeddable":true,"href":"https:\/\/nbg.eu\/mt\/wp-json\/wp\/v2\/media\/481347"}],"wp:attachment":[{"href":"https:\/\/nbg.eu\/mt\/wp-json\/wp\/v2\/media?parent=527021"}],"wp:term":[{"taxonomy":"product_brand","embeddable":true,"href":"https:\/\/nbg.eu\/mt\/wp-json\/wp\/v2\/product_brand?post=527021"},{"taxonomy":"product_cat","embeddable":true,"href":"https:\/\/nbg.eu\/mt\/wp-json\/wp\/v2\/product_cat?post=527021"},{"taxonomy":"product_tag","embeddable":true,"href":"https:\/\/nbg.eu\/mt\/wp-json\/wp\/v2\/product_tag?post=527021"}],"curies":[{"name":"wp","href":"https:\/\/api.w.org\/{rel}","templated":true}]}}