{"id":527202,"date":"2025-09-02T20:11:34","date_gmt":"2025-09-02T17:11:34","guid":{"rendered":"https:\/\/nbg.eu\/product\/ftcs-enlarged-magazine-catch-ak-platform-graphite-black-h-146-nr-29\/"},"modified":"2026-01-21T12:01:49","modified_gmt":"2026-01-21T09:01:49","slug":"ftcs-enlarged-magazine-catch-ak-platform-graphite-black-h-146-nr-29","status":"publish","type":"product","link":"https:\/\/nbg.eu\/mt\/product\/ftcs-enlarged-magazine-catch-ak-platform-graphite-black-h-146-nr-29\/","title":{"rendered":"FTCS &#8211; Enlarged Magazine Catch &#8211; AK Platform &#8211; Graphite Black H-146 &#8211; Nr. 29"},"content":{"rendered":"<div class=\"product-description\">\n<h1>FTCS &#8211; Qabda tal-Magazin Imkabbra &#8211; Pjattaforma AK<\/h1>\n<h2>Iswed tal-Grafita H-146 &#8211; Nru. 29<\/h2>\n<p>Qabda tal-magazin imkabbra minn FTCS g\u0127all-karabina tal-pjattaforma AK. Ma\u0127suba biex tne\u0127\u0127i l-magazin b&#8217;mod aktar fa\u010bli.<\/p>\n<ul>\n<li>Kompatibbli ma&#8217; \u0127afna armi AK\/AKM\/AK-74<\/li>\n<li>Mag\u0127mul minn azzar b&#8217;kisi Cerakote<\/li>\n<li>Kulur Iswed tal-Grafita H-146<\/li>\n<li>Ilsien imqarme\u010b g\u0127al qabda a\u0127jar<\/li>\n<li>Qisien: 51 x 16 x 14 mm<\/li>\n<li>Pi\u017c: 20 g<\/li>\n<\/ul>\n<p>Din il-qabda mkabbra tippermetti li tne\u0127\u0127i l-magazin fa\u010bilment bis-saba&#8217; l-kbir jew b&#8217;magazin ie\u0127or. Il-finitura Cerakote ti\u017cgura durabbilt\u00e0.<\/p>\n<\/div>\n","protected":false},"excerpt":{"rendered":"<p>Buttuna ta&#8217; rilaxx tal-magazin akbar g\u0127all-AK. Fa\u010bli biex tirrilaxxjah. Tal-azzar, Cerakote. Iswed Grafita.<\/p>\n","protected":false},"featured_media":0,"template":"","meta":{"_acf_changed":false},"product_brand":[],"product_cat":[14174],"product_tag":[],"class_list":{"0":"post-527202","1":"product","2":"type-product","3":"status-publish","5":"product_cat-mhux-kategorizzat","7":"first","8":"instock","9":"taxable","10":"shipping-taxable","11":"purchasable","12":"product-type-simple"},"acf":[],"_links":{"self":[{"href":"https:\/\/nbg.eu\/mt\/wp-json\/wp\/v2\/product\/527202","targetHints":{"allow":["GET"]}}],"collection":[{"href":"https:\/\/nbg.eu\/mt\/wp-json\/wp\/v2\/product"}],"about":[{"href":"https:\/\/nbg.eu\/mt\/wp-json\/wp\/v2\/types\/product"}],"wp:attachment":[{"href":"https:\/\/nbg.eu\/mt\/wp-json\/wp\/v2\/media?parent=527202"}],"wp:term":[{"taxonomy":"product_brand","embeddable":true,"href":"https:\/\/nbg.eu\/mt\/wp-json\/wp\/v2\/product_brand?post=527202"},{"taxonomy":"product_cat","embeddable":true,"href":"https:\/\/nbg.eu\/mt\/wp-json\/wp\/v2\/product_cat?post=527202"},{"taxonomy":"product_tag","embeddable":true,"href":"https:\/\/nbg.eu\/mt\/wp-json\/wp\/v2\/product_tag?post=527202"}],"curies":[{"name":"wp","href":"https:\/\/api.w.org\/{rel}","templated":true}]}}