{"id":527519,"date":"2025-09-02T20:13:23","date_gmt":"2025-09-02T17:13:23","guid":{"rendered":"https:\/\/nbg.eu\/product\/general-nano-protection-super-nano-grease-synthetic-761034\/"},"modified":"2026-01-21T11:44:39","modified_gmt":"2026-01-21T08:44:39","slug":"general-nano-protection-super-nano-grease-synthetic-761034","status":"publish","type":"product","link":"https:\/\/nbg.eu\/mt\/product\/general-nano-protection-super-nano-grease-synthetic-761034\/","title":{"rendered":"General Nano Protection &#8211; Super Nano Grease &#8211; Synthetic &#8211; 761034"},"content":{"rendered":"<h1>General Nano Protection &#8211; Super Nano Grease &#8211; Sintetiku &#8211; 761034<\/h1>\n<p>\u017bejt tal-armi sintetiku. Din il-flixkun ta&#8217; 200ml ta&#8217; Super Nano Grease toffri protezzjoni u prestazzjoni g\u0127all-arma tieg\u0127ek.<\/p>\n<ul>\n<li>Tnaddaf trab tal-porvli, karbonju, u xa\u0127am<\/li>\n<li>Tne\u0127\u0127i l-umdit\u00e0 u tipprote\u0121i kontra l-korru\u017cjoni<\/li>\n<li>Tnaqqas il-frizzjoni u l-u\u017cu fuq materjali differenti<\/li>\n<li>Ittawwal il-\u0127ajja tal-arma<\/li>\n<li>Teknolo\u0121ija ta&#8217; nanopartikoli g\u0127al penetrazzjoni a\u0127jar<\/li>\n<li>Kisi idrofobiku jirrepelli l-ilma<\/li>\n<li>Re\u017cistenti g\u0127as-s\u0127ana minn -60\u00b0C sa +250\u00b0C<\/li>\n<li>Sigur g\u0127all-u\u017cu fuq metall, injam, \u017cebg\u0127a, lastku, u plastik<\/li>\n<\/ul>\n<p>Tajjeb g\u0127all-u\u017cu fuq vireg tal-operazzjoni, g\u0127ata tal-kanna, pins tal-kam, u partijiet o\u0127ra li ji\u010b\u010baqilqu. \u0120eneral Nano Protection.<\/p>\n","protected":false},"excerpt":{"rendered":"<p>\u017bejt avvanzat tal-pistola nano: inaddaf, jillubrika, u jipprote\u0121i l-armi tan-nar.<\/p>\n","protected":false},"featured_media":490523,"template":"","meta":{"_acf_changed":false},"product_brand":[],"product_cat":[14174],"product_tag":[],"class_list":{"0":"post-527519","1":"product","2":"type-product","3":"status-publish","4":"has-post-thumbnail","6":"product_cat-mhux-kategorizzat","8":"first","9":"instock","10":"taxable","11":"shipping-taxable","12":"purchasable","13":"product-type-simple"},"acf":[],"_links":{"self":[{"href":"https:\/\/nbg.eu\/mt\/wp-json\/wp\/v2\/product\/527519","targetHints":{"allow":["GET"]}}],"collection":[{"href":"https:\/\/nbg.eu\/mt\/wp-json\/wp\/v2\/product"}],"about":[{"href":"https:\/\/nbg.eu\/mt\/wp-json\/wp\/v2\/types\/product"}],"wp:featuredmedia":[{"embeddable":true,"href":"https:\/\/nbg.eu\/mt\/wp-json\/wp\/v2\/media\/490523"}],"wp:attachment":[{"href":"https:\/\/nbg.eu\/mt\/wp-json\/wp\/v2\/media?parent=527519"}],"wp:term":[{"taxonomy":"product_brand","embeddable":true,"href":"https:\/\/nbg.eu\/mt\/wp-json\/wp\/v2\/product_brand?post=527519"},{"taxonomy":"product_cat","embeddable":true,"href":"https:\/\/nbg.eu\/mt\/wp-json\/wp\/v2\/product_cat?post=527519"},{"taxonomy":"product_tag","embeddable":true,"href":"https:\/\/nbg.eu\/mt\/wp-json\/wp\/v2\/product_tag?post=527519"}],"curies":[{"name":"wp","href":"https:\/\/api.w.org\/{rel}","templated":true}]}}