{"id":529307,"date":"2025-09-02T20:21:32","date_gmt":"2025-09-02T17:21:32","guid":{"rendered":"https:\/\/nbg.eu\/product\/magpul-gl-enhanced-magazine-well-for-glock-19-gen-4-mag950\/"},"modified":"2026-01-21T11:43:14","modified_gmt":"2026-01-21T08:43:14","slug":"magpul-gl-enhanced-magazine-well-for-glock-19-gen-4-mag950","status":"publish","type":"product","link":"https:\/\/nbg.eu\/mt\/product\/magpul-gl-enhanced-magazine-well-for-glock-19-gen-4-mag950\/","title":{"rendered":"Magpul &#8211; GL Enhanced Magazine Well for GLOCK\u00ae 19 GEN 4 &#8211; MAG950"},"content":{"rendered":"<h2>Magpul GL \u0126ajt tal-Maga\u017cin Mtejjeb g\u0127al GLOCK\u00ae 19 Gen4 &#8211; MAG950<\/h2>\n<p>\u0126ajt tal-maga\u017cin ta&#8217; Magpul g\u0127al GLOCK 19 Gen4. Ma\u0127sub g\u0127al u\u017cu f&#8217;sitwazzjonijiet diffi\u010bli, jiffa\u010bilita d-d\u0127ul u t-tne\u0127\u0127ija tal-maga\u017cin. Karatteristi\u010bi ewlenin jinkludu:<\/p>\n<ul>\n<li>Disinn irqiq g\u0127al \u0127abi tajjeb<\/li>\n<li>Ottimizzat g\u0127al maga\u017cini standard GLOCK u Magpul GL9\u00ae PMAGs\u00ae<\/li>\n<li>Xifer u rampa lixxi g\u0127al u\u017cu fa\u010bli tal-maga\u017cin<\/li>\n<li>Mag\u0127mul fl-Istati Uniti<\/li>\n<\/ul>\n<p><strong>Nota:<\/strong> Mhux kompatibbli ma&#8217; GLOCK Modular Back Straps jew xi maga\u017cini b&#8217;kapa\u010bit\u00e0 mnaqqsa. Installazzjoni professjonali rakkomandata g\u0127al tqeg\u0127id stretta.<\/p>\n","protected":false},"excerpt":{"rendered":"<p>Tejjeb l-inserzjoni tal-ma\u0121azin tal-GLOCK 19 Gen4 bil-mag well eleganti ta&#8217; Magpul.<\/p>\n","protected":false},"featured_media":491125,"template":"","meta":{"_acf_changed":false},"product_brand":[11411,11539],"product_cat":[14104,14128],"product_tag":[],"class_list":{"0":"post-529307","1":"product","2":"type-product","3":"status-publish","4":"has-post-thumbnail","6":"product_brand-glock","7":"product_brand-magpul","8":"product_cat-partijiet-tal-pistola","9":"product_cat-pistola","11":"first","12":"instock","13":"taxable","14":"shipping-taxable","15":"purchasable","16":"product-type-simple"},"acf":[],"_links":{"self":[{"href":"https:\/\/nbg.eu\/mt\/wp-json\/wp\/v2\/product\/529307","targetHints":{"allow":["GET"]}}],"collection":[{"href":"https:\/\/nbg.eu\/mt\/wp-json\/wp\/v2\/product"}],"about":[{"href":"https:\/\/nbg.eu\/mt\/wp-json\/wp\/v2\/types\/product"}],"wp:featuredmedia":[{"embeddable":true,"href":"https:\/\/nbg.eu\/mt\/wp-json\/wp\/v2\/media\/491125"}],"wp:attachment":[{"href":"https:\/\/nbg.eu\/mt\/wp-json\/wp\/v2\/media?parent=529307"}],"wp:term":[{"taxonomy":"product_brand","embeddable":true,"href":"https:\/\/nbg.eu\/mt\/wp-json\/wp\/v2\/product_brand?post=529307"},{"taxonomy":"product_cat","embeddable":true,"href":"https:\/\/nbg.eu\/mt\/wp-json\/wp\/v2\/product_cat?post=529307"},{"taxonomy":"product_tag","embeddable":true,"href":"https:\/\/nbg.eu\/mt\/wp-json\/wp\/v2\/product_tag?post=529307"}],"curies":[{"name":"wp","href":"https:\/\/api.w.org\/{rel}","templated":true}]}}