{"id":530440,"date":"2025-09-04T17:31:52","date_gmt":"2025-09-04T14:31:52","guid":{"rendered":"https:\/\/nbg.eu\/product\/strike-industries-overmolded-ultimate-dust-cover-for-223-5-56-mm-black\/"},"modified":"2026-01-21T12:14:40","modified_gmt":"2026-01-21T09:14:40","slug":"strike-industries-overmolded-ultimate-dust-cover-for-223-5-56-mm-black","status":"publish","type":"product","link":"https:\/\/nbg.eu\/mt\/product\/strike-industries-overmolded-ultimate-dust-cover-for-223-5-56-mm-black\/","title":{"rendered":"Strike Industries &#8211; Overmolded Ultimate Dust Cover for .223\/5.56 mm &#8211; Black"},"content":{"rendered":"<div class=\"product-description\">\n<h2>Strike Industries &#8211; G\u0127atu tat-Trab Overmolded Ultimate g\u0127al .223\/5.56 mm &#8211; Iswed<\/h2>\n<p>G\u0127atu tat-trab g\u0127all-AR-15 b&#8217;disinn b&#8217;\u017cew\u0121 injezzjonijiet u si\u0121ill tal-lastku g\u0127al protezzjoni kontra frak u ilma. G\u0127andu xifer intern li jipprovdi si\u0121ill aktar b&#8217;sa\u0127\u0127tu minn g\u0127atjien tat-trab tradizzjonali.<\/p>\n<ul>\n<li>Installazzjoni ming\u0127ajr g\u0127odda u \u017carmar fa\u010bli<\/li>\n<li>Vit ta&#8217; a\u0121\u0121ustament inkorporat g\u0127al kumpens tal-u\u017cu<\/li>\n<li>Attivazzjoni kwa\u017ci siekta b&#8217;padding tal-lastku<\/li>\n<li>Mag\u0127mul minn materjal SI Polymer Extreme<\/li>\n<li>Re\u017cistenti g\u0127as-sadid u durabbli<\/li>\n<li>Installazzjoni jew tne\u0127\u0127ija f&#8217;5-10 sekondi<\/li>\n<\/ul>\n<p>Kompatibbli ma&#8217; ri\u010bevituri AR-15 Mil-Spec u l-bi\u010b\u010ba l-kbira tar-ri\u010bevituri tal-billet, inklu\u017c Aero Precision M4E1. Mhux kompatibbli ma&#8217; VLTOR MUR, ZRO Delta, Lantac Enhanced BCG, jew Bootleg Four Position Adjustable Carrier.<\/p>\n<\/div>\n","protected":false},"excerpt":{"rendered":"<p>G\u0127atu tat-trab imtejjeb g\u0127all-AR-15: Si\u0121ill sieket, ta&#8217; installazzjoni rapida, re\u017cistenti g\u0127ad-debris.<\/p>\n","protected":false},"featured_media":493275,"template":"","meta":{"_acf_changed":false},"product_brand":[14621],"product_cat":[14158,14142,14119],"product_tag":[],"class_list":{"0":"post-530440","1":"product","2":"type-product","3":"status-publish","4":"has-post-thumbnail","6":"product_brand-strike-industries","7":"product_cat-rifle","8":"product_cat-tuning-ar","9":"product_cat-tuning-tar-rifle","11":"first","12":"instock","13":"taxable","14":"shipping-taxable","15":"purchasable","16":"product-type-simple"},"acf":[],"_links":{"self":[{"href":"https:\/\/nbg.eu\/mt\/wp-json\/wp\/v2\/product\/530440","targetHints":{"allow":["GET"]}}],"collection":[{"href":"https:\/\/nbg.eu\/mt\/wp-json\/wp\/v2\/product"}],"about":[{"href":"https:\/\/nbg.eu\/mt\/wp-json\/wp\/v2\/types\/product"}],"wp:featuredmedia":[{"embeddable":true,"href":"https:\/\/nbg.eu\/mt\/wp-json\/wp\/v2\/media\/493275"}],"wp:attachment":[{"href":"https:\/\/nbg.eu\/mt\/wp-json\/wp\/v2\/media?parent=530440"}],"wp:term":[{"taxonomy":"product_brand","embeddable":true,"href":"https:\/\/nbg.eu\/mt\/wp-json\/wp\/v2\/product_brand?post=530440"},{"taxonomy":"product_cat","embeddable":true,"href":"https:\/\/nbg.eu\/mt\/wp-json\/wp\/v2\/product_cat?post=530440"},{"taxonomy":"product_tag","embeddable":true,"href":"https:\/\/nbg.eu\/mt\/wp-json\/wp\/v2\/product_tag?post=530440"}],"curies":[{"name":"wp","href":"https:\/\/api.w.org\/{rel}","templated":true}]}}