{"id":533981,"date":"2025-09-04T18:48:31","date_gmt":"2025-09-04T15:48:31","guid":{"rendered":"https:\/\/nbg.eu\/product\/ftcs-buttstock-mounting-adapter-picatinny-for-saiga-cerakote-h-146-nr-28\/"},"modified":"2026-01-21T11:40:09","modified_gmt":"2026-01-21T08:40:09","slug":"ftcs-buttstock-mounting-adapter-picatinny-for-saiga-cerakote-h-146-nr-28","status":"publish","type":"product","link":"https:\/\/nbg.eu\/mt\/product\/ftcs-buttstock-mounting-adapter-picatinny-for-saiga-cerakote-h-146-nr-28\/","title":{"rendered":"FTCS &#8211; Buttstock Mounting Adapter Picatinny for Saiga &#8211; Cerakote &#8211; H-146 &#8211; Nr. 28"},"content":{"rendered":"<div class=\"product-description\">\n<h2>FTCS &#8211; Adapter g\u0127all-Immuntar tal-Buttstock Picatinny g\u0127al Saiga &#8211; Cerakote H-146<\/h2>\n<p>Dan l-adapter jippermetti l-immuntar ta&#8217; buttstocks jew stabilizzaturi kompatibbli ma&#8217; Picatinny fuq Saiga jew pjattaformi simili. Huwa mag\u0127mul minn aluminju u miksi b&#8217;Cerakote Graphite Black H-146.<\/p>\n<ul>\n<li>Kompatibbli ma&#8217; Saiga u pjattaformi relatati<\/li>\n<li>Jippermetti l-immuntar ta&#8217; buttstocks jew stabilizzaturi kompatibbli ma&#8217; Picatinny<\/li>\n<li>Ma je\u0127tie\u0121x partijiet addizzjonali g\u0127all-installazzjoni<\/li>\n<li>Logo tal-manifattur imnaqqxa<\/li>\n<li>Dimensjonijiet: 35 x 31 x 30 mm<\/li>\n<li>Pi\u017c: 49 g<\/li>\n<\/ul>\n<p>Jista&#8217; jintu\u017ca ma&#8217; buttstocks ta&#8217; Strike Industries b\u0127al SI-FSA-DUAL, SI-FSA-DUAL-STOCK, jew SI-FSA-DUAL-STAB.<\/p>\n<\/div>\n","protected":false},"excerpt":{"rendered":"<p>Adapter tal-buttstock tas-Saiga. Rail Picatinny. Cerakote H-146. FTCS Nru. 28.<\/p>\n","protected":false},"featured_media":494451,"template":"","meta":{"_acf_changed":false},"product_brand":[],"product_cat":[14158,14096,14119],"product_tag":[],"class_list":{"0":"post-533981","1":"product","2":"type-product","3":"status-publish","4":"has-post-thumbnail","6":"product_cat-rifle","7":"product_cat-tuning-ak","8":"product_cat-tuning-tar-rifle","10":"first","11":"instock","12":"taxable","13":"shipping-taxable","14":"purchasable","15":"product-type-simple"},"acf":[],"_links":{"self":[{"href":"https:\/\/nbg.eu\/mt\/wp-json\/wp\/v2\/product\/533981","targetHints":{"allow":["GET"]}}],"collection":[{"href":"https:\/\/nbg.eu\/mt\/wp-json\/wp\/v2\/product"}],"about":[{"href":"https:\/\/nbg.eu\/mt\/wp-json\/wp\/v2\/types\/product"}],"wp:featuredmedia":[{"embeddable":true,"href":"https:\/\/nbg.eu\/mt\/wp-json\/wp\/v2\/media\/494451"}],"wp:attachment":[{"href":"https:\/\/nbg.eu\/mt\/wp-json\/wp\/v2\/media?parent=533981"}],"wp:term":[{"taxonomy":"product_brand","embeddable":true,"href":"https:\/\/nbg.eu\/mt\/wp-json\/wp\/v2\/product_brand?post=533981"},{"taxonomy":"product_cat","embeddable":true,"href":"https:\/\/nbg.eu\/mt\/wp-json\/wp\/v2\/product_cat?post=533981"},{"taxonomy":"product_tag","embeddable":true,"href":"https:\/\/nbg.eu\/mt\/wp-json\/wp\/v2\/product_tag?post=533981"}],"curies":[{"name":"wp","href":"https:\/\/api.w.org\/{rel}","templated":true}]}}