{"id":534526,"date":"2025-09-04T20:13:16","date_gmt":"2025-09-04T17:13:16","guid":{"rendered":"https:\/\/nbg.eu\/product\/ismi-17-lb-pruzhina-za-glock-17-gl17\/"},"modified":"2026-02-27T15:51:50","modified_gmt":"2026-02-27T12:51:50","slug":"ismi-17-lb-pruzhina-za-glock-17-gl17","status":"publish","type":"product","link":"https:\/\/nbg.eu\/mt\/product\/ismi-17-lb-pruzhina-za-glock-17-gl17\/","title":{"rendered":"ISMI 17 lb. \u041f\u0440\u0443\u0436\u0438\u043d\u0430 \u0437\u0430 Glock 17 (GL17)"},"content":{"rendered":"<div class=\"product-description\">\n<h2>ISMI 17 lb. Molla g\u0127al Glock 17 (GL17)<\/h2>\n<p>Din il-molla ta&#8217; 17 lb g\u0127al Glock 17 hija mag\u0127mula fl-Istati Uniti skont spe\u010bifikazzjonijiet aerosp\u200b\u200bazjali. Il-molla toffri:<\/p>\n<ul>\n<li>Disinn CAD g\u0127al qisien pre\u010bi\u017ci<\/li>\n<li>Mag\u0127mula minn kromju sili\u010bju, azzar inossidabbli, jew kromju vanadju<\/li>\n<li>Ittrattata bis-s\u0127ana, ittestjata, u mne\u0127\u0127ija l-istress g\u0127al durabilit\u00e0<\/li>\n<li>Disinn ta&#8217; wajer \u010batt g\u0127al operazzjoni bla xkiel<\/li>\n<li>Taqbel ma&#8217; virga ta&#8217; gwida tal-fabbrika (.250&#8243; jew inqas)<\/li>\n<li>Kompatibbli ma&#8217; Glock 17, 17L, 20, 21, 22, 24, 31, 35<\/li>\n<\/ul>\n<p>Din il-molla re\u017cistenti g\u0127all-korru\u017cjoni hija ddisinjata biex til\u0127aq il-\u0127ti\u0121ijiet tal-Glock 17 tieg\u0127ek.<\/p>\n<\/div>\n","protected":false},"excerpt":{"rendered":"<p>Molla tar-ritrazzjoni ta&#8217; 17-il libra g\u0127all-Glock 17. Mag\u0127mula fl-Istati Uniti, re\u017cistenti, affidabbli.<\/p>\n","protected":false},"featured_media":495352,"template":"","meta":{"_acf_changed":false},"product_brand":[],"product_cat":[14126,14104],"product_tag":[],"class_list":{"0":"post-534526","1":"product","2":"type-product","3":"status-publish","4":"has-post-thumbnail","6":"product_cat-molol","7":"product_cat-partijiet-tal-pistola","9":"first","10":"outofstock","11":"taxable","12":"shipping-taxable","13":"purchasable","14":"product-type-simple"},"acf":[],"_links":{"self":[{"href":"https:\/\/nbg.eu\/mt\/wp-json\/wp\/v2\/product\/534526","targetHints":{"allow":["GET"]}}],"collection":[{"href":"https:\/\/nbg.eu\/mt\/wp-json\/wp\/v2\/product"}],"about":[{"href":"https:\/\/nbg.eu\/mt\/wp-json\/wp\/v2\/types\/product"}],"wp:featuredmedia":[{"embeddable":true,"href":"https:\/\/nbg.eu\/mt\/wp-json\/wp\/v2\/media\/495352"}],"wp:attachment":[{"href":"https:\/\/nbg.eu\/mt\/wp-json\/wp\/v2\/media?parent=534526"}],"wp:term":[{"taxonomy":"product_brand","embeddable":true,"href":"https:\/\/nbg.eu\/mt\/wp-json\/wp\/v2\/product_brand?post=534526"},{"taxonomy":"product_cat","embeddable":true,"href":"https:\/\/nbg.eu\/mt\/wp-json\/wp\/v2\/product_cat?post=534526"},{"taxonomy":"product_tag","embeddable":true,"href":"https:\/\/nbg.eu\/mt\/wp-json\/wp\/v2\/product_tag?post=534526"}],"curies":[{"name":"wp","href":"https:\/\/api.w.org\/{rel}","templated":true}]}}