{"id":535198,"date":"2025-09-04T23:53:22","date_gmt":"2025-09-04T20:53:22","guid":{"rendered":"https:\/\/nbg.eu\/product\/law-tactical-llc-armorers-flange-tool-2019aft\/"},"modified":"2026-01-21T11:58:40","modified_gmt":"2026-01-21T08:58:40","slug":"law-tactical-llc-armorers-flange-tool-2019aft","status":"publish","type":"product","link":"https:\/\/nbg.eu\/mt\/product\/law-tactical-llc-armorers-flange-tool-2019aft\/","title":{"rendered":"LAW TACTICAL LLC Armorer&#8217;s Flange Tool (2019AFT)"},"content":{"rendered":"<div class=\"product-description\">\n<h2>LAW TACTICAL LLC G\u0127odda tal-Flange tal-Armurier (2019AFT)<\/h2>\n<p>G\u0127odda g\u0127all-manutenzjoni tal-Adapter tal-Istokk Pieghevoli ta&#8217; Law Tactical. Din l-g\u0127odda li tista&#8217; ter\u0121a&#8217; tintu\u017ca g\u0127all-installazzjoni u t-tne\u0127\u0127ija tal-Flange hija mag\u0127mula minn azzar tal-karbonju trattat bis-s\u0127ana, li ti\u017cgura sa\u0127\u0127a u durabilit\u00e0.<\/p>\n<ul>\n<li>Mag\u0127mula minn bi\u010b\u010ba s\u0127i\u0127a ta&#8217; azzar tal-karbonju trattat bis-s\u0127ana<\/li>\n<li>Imfassla g\u0127al affidabilit\u00e0 u \u0127ajja ta&#8217; servizz fit-tul<\/li>\n<li>G\u0127andha drive kwadru ta&#8217; 3\/8&#8243; g\u0127all-kompatibbilt\u00e0 ma&#8217; wrench tat-torque<\/li>\n<li>Spezzjonata individwalment g\u0127all-assigurazzjoni tal-kwalit\u00e0<\/li>\n<li>Miksija b&#8217;Melonite iswed g\u0127al protezzjoni a\u0127jar<\/li>\n<\/ul>\n<p>G\u0127odda essenzjali g\u0127all-armurier, adattata g\u0127all-entu\u017cjasti u l-professjonisti.<\/p>\n<\/div>\n","protected":false},"excerpt":{"rendered":"<p>G\u0127odda tal-azzar re\u017cistenti g\u0127all-flan\u0121i tal-Adapter tal-Istokk Pieghevoli ta&#8217; Law Tactical.<\/p>\n","protected":false},"featured_media":495827,"template":"","meta":{"_acf_changed":false},"product_brand":[14388],"product_cat":[14174],"product_tag":[],"class_list":{"0":"post-535198","1":"product","2":"type-product","3":"status-publish","4":"has-post-thumbnail","6":"product_brand-law-tactical-llc","7":"product_cat-mhux-kategorizzat","9":"first","10":"outofstock","11":"taxable","12":"shipping-taxable","13":"purchasable","14":"product-type-simple"},"acf":[],"_links":{"self":[{"href":"https:\/\/nbg.eu\/mt\/wp-json\/wp\/v2\/product\/535198","targetHints":{"allow":["GET"]}}],"collection":[{"href":"https:\/\/nbg.eu\/mt\/wp-json\/wp\/v2\/product"}],"about":[{"href":"https:\/\/nbg.eu\/mt\/wp-json\/wp\/v2\/types\/product"}],"wp:featuredmedia":[{"embeddable":true,"href":"https:\/\/nbg.eu\/mt\/wp-json\/wp\/v2\/media\/495827"}],"wp:attachment":[{"href":"https:\/\/nbg.eu\/mt\/wp-json\/wp\/v2\/media?parent=535198"}],"wp:term":[{"taxonomy":"product_brand","embeddable":true,"href":"https:\/\/nbg.eu\/mt\/wp-json\/wp\/v2\/product_brand?post=535198"},{"taxonomy":"product_cat","embeddable":true,"href":"https:\/\/nbg.eu\/mt\/wp-json\/wp\/v2\/product_cat?post=535198"},{"taxonomy":"product_tag","embeddable":true,"href":"https:\/\/nbg.eu\/mt\/wp-json\/wp\/v2\/product_tag?post=535198"}],"curies":[{"name":"wp","href":"https:\/\/api.w.org\/{rel}","templated":true}]}}