{"id":535415,"date":"2025-09-04T23:53:51","date_gmt":"2025-09-04T20:53:51","guid":{"rendered":"https:\/\/nbg.eu\/product\/law-tactical-llc-ar-15-m16-gen3-m-folding-stock-adapter-99312\/"},"modified":"2026-01-21T11:37:30","modified_gmt":"2026-01-21T08:37:30","slug":"law-tactical-llc-ar-15-m16-gen3-m-folding-stock-adapter-99312","status":"publish","type":"product","link":"https:\/\/nbg.eu\/mt\/product\/law-tactical-llc-ar-15-m16-gen3-m-folding-stock-adapter-99312\/","title":{"rendered":"LAW TACTICAL LLC AR-15\/M16 Gen3-M Folding Stock Adapter (99312)"},"content":{"rendered":"<h2>LAW TACTICAL LLC AR-15\/M16 Gen3-M Adapter tal-Istokk li Jintewa (99312)<\/h2>\n<p>Adapter tal-istokk li jintewa g\u0127al rifles tal-pjattaforma AR. Dan l-a\u010b\u010bessorju ja\u0127dem kemm ma&#8217; sistemi ta&#8217; impingement dirett kif ukoll ta&#8217; gas piston, u jaqbel ma&#8217; tubi u stokks A2, carbine, mil-spec, jew kummer\u010bjali.<\/p>\n<ul>\n<li>Kompatibbli ma&#8217; gruppi ta&#8217; bolt carrier standard (full auto, semi-auto, 5.56 sa .308)<\/li>\n<li>Adattat g\u0127at-trasport b&#8217;profil baxx<\/li>\n<li>Buttuna wa\u0127da biex tintewa<\/li>\n<li>Tissakkar awtomatikament meta tinfeta\u0127<\/li>\n<li>Mag\u0127mula minn azzar 4140 b&#8217;CNC<\/li>\n<li>Iddisinjata, mibnija u mmuntata fl-Istati Uniti<\/li>\n<li>B&#8217;punt ta&#8217; rbit g\u0127al sling b&#8217;punt wie\u0127ed integrat<\/li>\n<\/ul>\n<p>\u017bid il-versatilit\u00e0 tal-AR tieg\u0127ek. Ordna issa g\u0127al rifle iktar kompatt u adattabbli.<\/p>\n","protected":false},"excerpt":{"rendered":"<p>Adapter kompatt li jintewa g\u0127al stokk tal-AR-15\/M16 g\u0127al trasport b&#8217;profil baxx.<\/p>\n","protected":false},"featured_media":496057,"template":"","meta":{"_acf_changed":false},"product_brand":[14388],"product_cat":[14154,14119],"product_tag":[],"class_list":{"0":"post-535415","1":"product","2":"type-product","3":"status-publish","4":"has-post-thumbnail","6":"product_brand-law-tactical-llc","7":"product_cat-stocks-tar-rifle","8":"product_cat-tuning-tar-rifle","10":"first","11":"instock","12":"taxable","13":"shipping-taxable","14":"purchasable","15":"product-type-simple"},"acf":[],"_links":{"self":[{"href":"https:\/\/nbg.eu\/mt\/wp-json\/wp\/v2\/product\/535415","targetHints":{"allow":["GET"]}}],"collection":[{"href":"https:\/\/nbg.eu\/mt\/wp-json\/wp\/v2\/product"}],"about":[{"href":"https:\/\/nbg.eu\/mt\/wp-json\/wp\/v2\/types\/product"}],"wp:featuredmedia":[{"embeddable":true,"href":"https:\/\/nbg.eu\/mt\/wp-json\/wp\/v2\/media\/496057"}],"wp:attachment":[{"href":"https:\/\/nbg.eu\/mt\/wp-json\/wp\/v2\/media?parent=535415"}],"wp:term":[{"taxonomy":"product_brand","embeddable":true,"href":"https:\/\/nbg.eu\/mt\/wp-json\/wp\/v2\/product_brand?post=535415"},{"taxonomy":"product_cat","embeddable":true,"href":"https:\/\/nbg.eu\/mt\/wp-json\/wp\/v2\/product_cat?post=535415"},{"taxonomy":"product_tag","embeddable":true,"href":"https:\/\/nbg.eu\/mt\/wp-json\/wp\/v2\/product_tag?post=535415"}],"curies":[{"name":"wp","href":"https:\/\/api.w.org\/{rel}","templated":true}]}}