{"id":535520,"date":"2025-09-05T00:00:24","date_gmt":"2025-09-04T21:00:24","guid":{"rendered":"https:\/\/nbg.eu\/product\/rh-504-2-screws-iwb\/"},"modified":"2026-01-21T11:34:53","modified_gmt":"2026-01-21T08:34:53","slug":"rh-504-2-screws-iwb","status":"publish","type":"product","link":"https:\/\/nbg.eu\/mt\/product\/rh-504-2-screws-iwb\/","title":{"rendered":"RH 504-2 Screws IWB"},"content":{"rendered":"<h1>RH 504-2 Viti IWB &#8211; Sett ta&#8217; Sostituzzjoni g\u0127al Holsters IWB<\/h1>\n<p>Is-sett ta&#8217; sostituzzjoni RH 504-2 Viti IWB huwa ddisinjat g\u0127all-holsters Black Trident IWB tag\u0127na, biex ji\u017cgura qbil perfett u funzjoni affidabbli.<\/p>\n<h2>Kontenut tas-Sett:<\/h2>\n<ul>\n<li>4 x viti ta&#8217; 9mm bi sleeves u spacers<\/li>\n<li>4 x spacers ta&#8217; 3mm<\/li>\n<li>4 x viti ta&#8217; 6mm<\/li>\n<li>4 x sleeves ta&#8217; 4.7mm<\/li>\n<\/ul>\n<p>Kompatibbli mal-mudelli ta&#8217; holster Viking, Quasimodo, u Guardian.<\/p>\n<p><strong>Parir:<\/strong> Nirrakkomandaw l-u\u017cu ta&#8217; ade\u017civ tal-viti (mibjug\u0127 separatament) biex i\u017c\u017comm it-tag\u0127mir f&#8217;postu.<\/p>\n<p>Ordna s-sett RH 504-2 Viti IWB tieg\u0127ek illum biex i\u017c\u017comm il-holster tieg\u0127ek f&#8217;kundizzjoni tajba.<\/p>\n","protected":false},"excerpt":{"rendered":"<p>Sett ta&#8217; viti ta&#8217; sostituzzjoni g\u0127al holsters IWB Black Trident. 16-il bi\u010b\u010ba inklu\u017ci.<\/p>\n","protected":false},"featured_media":0,"template":"","meta":{"_acf_changed":false},"product_brand":[11637],"product_cat":[14139],"product_tag":[],"class_list":{"0":"post-535520","1":"product","2":"type-product","3":"status-publish","5":"product_brand-rh-holsters","6":"product_cat-accessorji-gall-holster","8":"first","9":"instock","10":"taxable","11":"shipping-taxable","12":"purchasable","13":"product-type-simple"},"acf":[],"_links":{"self":[{"href":"https:\/\/nbg.eu\/mt\/wp-json\/wp\/v2\/product\/535520","targetHints":{"allow":["GET"]}}],"collection":[{"href":"https:\/\/nbg.eu\/mt\/wp-json\/wp\/v2\/product"}],"about":[{"href":"https:\/\/nbg.eu\/mt\/wp-json\/wp\/v2\/types\/product"}],"wp:attachment":[{"href":"https:\/\/nbg.eu\/mt\/wp-json\/wp\/v2\/media?parent=535520"}],"wp:term":[{"taxonomy":"product_brand","embeddable":true,"href":"https:\/\/nbg.eu\/mt\/wp-json\/wp\/v2\/product_brand?post=535520"},{"taxonomy":"product_cat","embeddable":true,"href":"https:\/\/nbg.eu\/mt\/wp-json\/wp\/v2\/product_cat?post=535520"},{"taxonomy":"product_tag","embeddable":true,"href":"https:\/\/nbg.eu\/mt\/wp-json\/wp\/v2\/product_tag?post=535520"}],"curies":[{"name":"wp","href":"https:\/\/api.w.org\/{rel}","templated":true}]}}