{"id":535947,"date":"2025-09-05T00:03:25","date_gmt":"2025-09-04T21:03:25","guid":{"rendered":"https:\/\/nbg.eu\/product\/utg-pro-monolithic-m-lok-handguard-for-mp5k\/"},"modified":"2026-01-21T12:27:14","modified_gmt":"2026-01-21T09:27:14","slug":"utg-pro-monolithic-m-lok-handguard-for-mp5k","status":"publish","type":"product","link":"https:\/\/nbg.eu\/mt\/product\/utg-pro-monolithic-m-lok-handguard-for-mp5k\/","title":{"rendered":"UTG PRO?\u00ae MONOLITHIC M-LOK\u00ae HANDGUARD FOR MP5K"},"content":{"rendered":"<div class=\"product-description\">\n<h2>UTG PRO\u00ae MONOLITHIC M-LOK\u00ae HANDGUARD G\u0126AL MP5K<\/h2>\n<p>Il-UTG PRO\u00ae Monolithic M-LOK\u00ae Handguard g\u0127all-MP5K joffri:<\/p>\n<ul>\n<li>Kostruzzjoni tal-aluminju g\u0127al sa\u0127\u0127a \u0127afifa<\/li>\n<li>Slots kompatibbli ma&#8217; M-LOK\u00ae g\u0127al immuntar ta&#8217; a\u010b\u010bessorji<\/li>\n<li>Disinn b&#8217;profil baxx<\/li>\n<li>Installazzjoni fa\u010bli ming\u0127ajr b\u017conn ta&#8217; gunsmithing<\/li>\n<li>Tixrid a\u0127jar tas-s\u0127ana<\/li>\n<li>Mag\u0127mul fl-Istati Uniti b&#8217;garanzija tul il-\u0127ajja<\/li>\n<\/ul>\n<p>Il-UTG PRO\u00ae Monolithic M-LOK\u00ae Handguard huwa adattat g\u0127al infurzar tal-li\u0121i, tiraturi kompetittivi, u dilettanti tal-armi tan-nar.<\/p>\n<\/div>\n","protected":false},"excerpt":{"rendered":"<p>Il-Kontenitur tal-Idejn UTG PRO M-LOK: Titjib eleganti u b&#8217;sa\u0127\u0127tu g\u0127all-MP5K.<\/p>\n","protected":false},"featured_media":745247,"template":"","meta":{"_acf_changed":false},"product_brand":[14414],"product_cat":[14804,14172,14158,14119],"product_tag":[],"class_list":{"0":"post-535947","1":"product","2":"type-product","3":"status-publish","4":"has-post-thumbnail","6":"product_brand-leapers-inc","7":"product_cat-protezzjoni-tal-idejn","8":"product_cat-rails","9":"product_cat-rifle","10":"product_cat-tuning-tar-rifle","12":"first","13":"instock","14":"taxable","15":"shipping-taxable","16":"purchasable","17":"product-type-simple"},"acf":[],"_links":{"self":[{"href":"https:\/\/nbg.eu\/mt\/wp-json\/wp\/v2\/product\/535947","targetHints":{"allow":["GET"]}}],"collection":[{"href":"https:\/\/nbg.eu\/mt\/wp-json\/wp\/v2\/product"}],"about":[{"href":"https:\/\/nbg.eu\/mt\/wp-json\/wp\/v2\/types\/product"}],"wp:featuredmedia":[{"embeddable":true,"href":"https:\/\/nbg.eu\/mt\/wp-json\/wp\/v2\/media\/745247"}],"wp:attachment":[{"href":"https:\/\/nbg.eu\/mt\/wp-json\/wp\/v2\/media?parent=535947"}],"wp:term":[{"taxonomy":"product_brand","embeddable":true,"href":"https:\/\/nbg.eu\/mt\/wp-json\/wp\/v2\/product_brand?post=535947"},{"taxonomy":"product_cat","embeddable":true,"href":"https:\/\/nbg.eu\/mt\/wp-json\/wp\/v2\/product_cat?post=535947"},{"taxonomy":"product_tag","embeddable":true,"href":"https:\/\/nbg.eu\/mt\/wp-json\/wp\/v2\/product_tag?post=535947"}],"curies":[{"name":"wp","href":"https:\/\/api.w.org\/{rel}","templated":true}]}}