{"id":536059,"date":"2025-09-05T00:03:25","date_gmt":"2025-09-04T21:03:25","guid":{"rendered":"https:\/\/nbg.eu\/product\/utg-pro-monolithic-m-lok-handguard-for-mp5-extended-length\/"},"modified":"2026-02-27T15:51:13","modified_gmt":"2026-02-27T12:51:13","slug":"utg-pro-monolithic-m-lok-handguard-for-mp5-extended-length","status":"publish","type":"product","link":"https:\/\/nbg.eu\/mt\/product\/utg-pro-monolithic-m-lok-handguard-for-mp5-extended-length\/","title":{"rendered":"UTG PRO\u00ae Monolithic M-LOK\u00ae Handguard, for MP5\u00ae, Extended Length"},"content":{"rendered":"<div class=\"product-description\">\n<h2>UTG PRO\u00ae Monolithic M-LOK\u00ae Handguard g\u0127all-MP5\u00ae, Tul Esti\u017c<\/h2>\n<p>Handguard g\u0127all-MP5\u00ae b&#8217;dawn il-karatteristi\u010bi:<\/p>\n<ul>\n<li>Kostruzzjoni tal-aluminju<\/li>\n<li>Slots kompatibbli ma&#8217; M-LOK\u00ae g\u0127at-twa\u0127\u0127il ta&#8217; a\u010b\u010bessorji<\/li>\n<li>Tul esti\u017c<\/li>\n<li>Disinn monolitiku<\/li>\n<li>Installazzjoni b&#8217;\u0127ardwer inklu\u017c<\/li>\n<li>Proprjetajiet ta&#8217; dissipazzjoni tas-s\u0127ana<\/li>\n<\/ul>\n<p>Dan il-handguard huwa ma\u0127sub g\u0127al dawk li ju\u017caw l-MP5\u00ae. Jippermetti aktar adattabilit\u00e0 u jista&#8217; jtejjeb il-kontroll.<\/p>\n<\/div>\n","protected":false},"excerpt":{"rendered":"<p>Ilqug\u0127 tal-Idejn M-LOK\u00ae Esti\u017c UTG PRO\u00ae g\u0127all-MP5\u00ae: Re\u017cistenti, versatili, manifatturat bi pre\u010bi\u017cjoni.<\/p>\n","protected":false},"featured_media":745415,"template":"","meta":{"_acf_changed":false},"product_brand":[14414],"product_cat":[14804,14172,14158,14119],"product_tag":[],"class_list":{"0":"post-536059","1":"product","2":"type-product","3":"status-publish","4":"has-post-thumbnail","6":"product_brand-leapers-inc","7":"product_cat-protezzjoni-tal-idejn","8":"product_cat-rails","9":"product_cat-rifle","10":"product_cat-tuning-tar-rifle","12":"first","13":"instock","14":"taxable","15":"shipping-taxable","16":"purchasable","17":"product-type-simple"},"acf":[],"_links":{"self":[{"href":"https:\/\/nbg.eu\/mt\/wp-json\/wp\/v2\/product\/536059","targetHints":{"allow":["GET"]}}],"collection":[{"href":"https:\/\/nbg.eu\/mt\/wp-json\/wp\/v2\/product"}],"about":[{"href":"https:\/\/nbg.eu\/mt\/wp-json\/wp\/v2\/types\/product"}],"wp:featuredmedia":[{"embeddable":true,"href":"https:\/\/nbg.eu\/mt\/wp-json\/wp\/v2\/media\/745415"}],"wp:attachment":[{"href":"https:\/\/nbg.eu\/mt\/wp-json\/wp\/v2\/media?parent=536059"}],"wp:term":[{"taxonomy":"product_brand","embeddable":true,"href":"https:\/\/nbg.eu\/mt\/wp-json\/wp\/v2\/product_brand?post=536059"},{"taxonomy":"product_cat","embeddable":true,"href":"https:\/\/nbg.eu\/mt\/wp-json\/wp\/v2\/product_cat?post=536059"},{"taxonomy":"product_tag","embeddable":true,"href":"https:\/\/nbg.eu\/mt\/wp-json\/wp\/v2\/product_tag?post=536059"}],"curies":[{"name":"wp","href":"https:\/\/api.w.org\/{rel}","templated":true}]}}