{"id":536167,"date":"2025-09-05T00:03:26","date_gmt":"2025-09-04T21:03:26","guid":{"rendered":"https:\/\/nbg.eu\/product\/utg-pro-mp5-monolithic-m-lok-handguard\/"},"modified":"2026-01-21T11:34:14","modified_gmt":"2026-01-21T08:34:14","slug":"utg-pro-mp5-monolithic-m-lok-handguard","status":"publish","type":"product","link":"https:\/\/nbg.eu\/mt\/product\/utg-pro-mp5-monolithic-m-lok-handguard\/","title":{"rendered":"UTG PRO\u00ae MP5 Monolithic M-LOK Handguard"},"content":{"rendered":"<h2>UTG PRO\u00ae MP5 Handguard Monolitiku M-LOK<\/h2>\n<p>A\u0121\u0121orna l-MP5 tieg\u0127ek bil-Handguard Monolitiku M-LOK UTG PRO\u00ae. Dan il-handguard tal-aluminju huwa \u0127afif u joffri durabilit\u00e0 u versatilit\u00e0 g\u0127all-arma tan-nar tieg\u0127ek.<\/p>\n<ul>\n<li>Mag\u0127mul fl-Istati Uniti b&#8217;materjali ta&#8217; kwalit\u00e0<\/li>\n<li>Rail Picatinny fuq nett g\u0127al otti\u010bi u a\u010b\u010bessorji<\/li>\n<li>Slots M-LOK f&#8217;po\u017cizzjonijiet ta&#8217; 3, 6, u 9 o&#8217;clock g\u0127al personalizzazzjoni<\/li>\n<li>Disinn ta&#8217; profil baxx g\u0127al ergonomija a\u0127jar<\/li>\n<li>Installazzjoni fa\u010bli b&#8217;hardware inklu\u017c<\/li>\n<li>Kompatibbli mal-bi\u010b\u010ba l-kbira tal-mudelli MP5 u kloni<\/li>\n<li>Disponibbli f&#8217;finitura sewda opaka<\/li>\n<\/ul>\n<p>Dan il-handguard itejjeb il-funzjonalit\u00e0 u d-dehra tal-MP5 tieg\u0127ek. Adattat g\u0127al dawk li ju\u017caw armi tatti\u010bi u sparaturi kompetittivi.<\/p>\n","protected":false},"excerpt":{"rendered":"<p>UTG PRO\u00ae MP5 M-LOK Handguard: Titjib modulari, \u0127afif u re\u017cistenti.<\/p>\n","protected":false},"featured_media":745391,"template":"","meta":{"_acf_changed":false},"product_brand":[14414],"product_cat":[14804,14172,14158,14119],"product_tag":[],"class_list":{"0":"post-536167","1":"product","2":"type-product","3":"status-publish","4":"has-post-thumbnail","6":"product_brand-leapers-inc","7":"product_cat-protezzjoni-tal-idejn","8":"product_cat-rails","9":"product_cat-rifle","10":"product_cat-tuning-tar-rifle","12":"first","13":"instock","14":"taxable","15":"shipping-taxable","16":"purchasable","17":"product-type-simple"},"acf":[],"_links":{"self":[{"href":"https:\/\/nbg.eu\/mt\/wp-json\/wp\/v2\/product\/536167","targetHints":{"allow":["GET"]}}],"collection":[{"href":"https:\/\/nbg.eu\/mt\/wp-json\/wp\/v2\/product"}],"about":[{"href":"https:\/\/nbg.eu\/mt\/wp-json\/wp\/v2\/types\/product"}],"wp:featuredmedia":[{"embeddable":true,"href":"https:\/\/nbg.eu\/mt\/wp-json\/wp\/v2\/media\/745391"}],"wp:attachment":[{"href":"https:\/\/nbg.eu\/mt\/wp-json\/wp\/v2\/media?parent=536167"}],"wp:term":[{"taxonomy":"product_brand","embeddable":true,"href":"https:\/\/nbg.eu\/mt\/wp-json\/wp\/v2\/product_brand?post=536167"},{"taxonomy":"product_cat","embeddable":true,"href":"https:\/\/nbg.eu\/mt\/wp-json\/wp\/v2\/product_cat?post=536167"},{"taxonomy":"product_tag","embeddable":true,"href":"https:\/\/nbg.eu\/mt\/wp-json\/wp\/v2\/product_tag?post=536167"}],"curies":[{"name":"wp","href":"https:\/\/api.w.org\/{rel}","templated":true}]}}