{"id":536275,"date":"2025-09-05T00:15:54","date_gmt":"2025-09-04T21:15:54","guid":{"rendered":"https:\/\/nbg.eu\/product\/dillon-aluminum-roller-handle\/"},"modified":"2026-01-21T11:59:38","modified_gmt":"2026-01-21T08:59:38","slug":"dillon-aluminum-roller-handle","status":"publish","type":"product","link":"https:\/\/nbg.eu\/mt\/product\/dillon-aluminum-roller-handle\/","title":{"rendered":"Dillon Aluminum Roller Handle"},"content":{"rendered":"<div class=\"product-description\">\n<h2>Manku tar-Romblu tal-Aluminju Dillon<\/h2>\n<p>Dan il-manku tar-romblu tal-aluminju huwa ddisinjat g\u0127all-u\u017cu waqt sessjonijiet twal ta&#8217; tag\u0127bija mill-\u0121did.<\/p>\n<ul>\n<li>Kompatibbli ma&#8217; tag\u0127bija RL550, XL750 u 650<\/li>\n<li>Inaqqas l-g\u0127eja tal-operatur<\/li>\n<li>Itejjeb il-fa\u010bilit\u00e0 tat-tqeg\u0127id tal-primer<\/li>\n<li>Kostruzzjoni tal-aluminju<\/li>\n<li>Disponibbli fil-blu ta&#8217; Dillon<\/li>\n<\/ul>\n<p>Dan l-a\u010b\u010bessorju jista&#8217; jtejjeb il-pro\u010bess ta&#8217; tag\u0127bija mill-\u0121did.<\/p>\n<\/div>\n","protected":false},"excerpt":{"rendered":"<p>Manku tal-aluminju ergonomiku g\u0127al rikarika aktar fa\u010bli. Jg\u0127odd g\u0127al RL550\/XL750\/650.<\/p>\n","protected":false},"featured_media":496393,"template":"","meta":{"_acf_changed":false},"product_brand":[14339],"product_cat":[14133,14144],"product_tag":[],"class_list":{"0":"post-536275","1":"product","2":"type-product","3":"status-publish","4":"has-post-thumbnail","6":"product_brand-dillon-precision","7":"product_cat-accessorji-gat-tgabbija-mill-gdid","8":"product_cat-rikargar-mill-gdid","10":"first","11":"outofstock","12":"taxable","13":"shipping-taxable","14":"purchasable","15":"product-type-simple"},"acf":[],"_links":{"self":[{"href":"https:\/\/nbg.eu\/mt\/wp-json\/wp\/v2\/product\/536275","targetHints":{"allow":["GET"]}}],"collection":[{"href":"https:\/\/nbg.eu\/mt\/wp-json\/wp\/v2\/product"}],"about":[{"href":"https:\/\/nbg.eu\/mt\/wp-json\/wp\/v2\/types\/product"}],"wp:featuredmedia":[{"embeddable":true,"href":"https:\/\/nbg.eu\/mt\/wp-json\/wp\/v2\/media\/496393"}],"wp:attachment":[{"href":"https:\/\/nbg.eu\/mt\/wp-json\/wp\/v2\/media?parent=536275"}],"wp:term":[{"taxonomy":"product_brand","embeddable":true,"href":"https:\/\/nbg.eu\/mt\/wp-json\/wp\/v2\/product_brand?post=536275"},{"taxonomy":"product_cat","embeddable":true,"href":"https:\/\/nbg.eu\/mt\/wp-json\/wp\/v2\/product_cat?post=536275"},{"taxonomy":"product_tag","embeddable":true,"href":"https:\/\/nbg.eu\/mt\/wp-json\/wp\/v2\/product_tag?post=536275"}],"curies":[{"name":"wp","href":"https:\/\/api.w.org\/{rel}","templated":true}]}}