{"id":536387,"date":"2025-09-05T00:16:15","date_gmt":"2025-09-04T21:16:15","guid":{"rendered":"https:\/\/nbg.eu\/product\/ar-15-a2-pistol-grip\/"},"modified":"2026-01-21T11:34:07","modified_gmt":"2026-01-21T08:34:07","slug":"ar-15-a2-pistol-grip","status":"publish","type":"product","link":"https:\/\/nbg.eu\/mt\/product\/ar-15-a2-pistol-grip\/","title":{"rendered":"AR-15 A2 PISTOL GRIP"},"content":{"rendered":"<h1>CZ Shadow 2 Orange &#8211; Pistola tal-Kompetizzjoni<\/h1>\n<p>Il-CZ Shadow 2 Orange g\u0127andha dawn il-karatteristi\u010bi:<\/p>\n<ul>\n<li>Bushing tal-kanna mmuntat fil-fabbrika<\/li>\n<li>Trigger a\u0121\u0121ustat b&#8217;break qasir<\/li>\n<li>Slide u frame mmuntati bl-idejn<\/li>\n<li>Grips spe\u010bjali u rilaxx tal-magazine esti\u017c<\/li>\n<li>Buttuna tar-rilaxx tal-magazine a\u0121\u0121ustabbli bi tliet settings<\/li>\n<li>Finitura nitride b&#8217;polycoat addizzjonali fuq il-frame<\/li>\n<li>Grips irqaq tal-aluminju b&#8217;texturing<\/li>\n<li>Mira ta&#8217; quddiem fiber optic u mira ta&#8217; wara HAJO a\u0121\u0121ustabbli<\/li>\n<li>Sigurt\u00e0 manwali ambidestru<\/li>\n<\/ul>\n<p>Chambered f&#8217;9mm Luger b&#8217;kapa\u010bit\u00e0 ta&#8217; 17+1, din il-pistola bil-frame tal-azzar ti\u017cen 46.5 oz u hija ma\u0127suba g\u0127al sparaturi kompetittivi.<\/p>\n","protected":false},"excerpt":{"rendered":"<p>Qabda klassika tal-AR-15. Disinn ergonomiku. Kostruzzjoni ta&#8217; polimeru re\u017cistenti.<\/p>\n","protected":false},"featured_media":496416,"template":"","meta":{"_acf_changed":false},"product_brand":[],"product_cat":[14158,14119],"product_tag":[],"class_list":{"0":"post-536387","1":"product","2":"type-product","3":"status-publish","4":"has-post-thumbnail","6":"product_cat-rifle","7":"product_cat-tuning-tar-rifle","9":"first","10":"outofstock","11":"taxable","12":"shipping-taxable","13":"purchasable","14":"product-type-simple"},"acf":[],"_links":{"self":[{"href":"https:\/\/nbg.eu\/mt\/wp-json\/wp\/v2\/product\/536387","targetHints":{"allow":["GET"]}}],"collection":[{"href":"https:\/\/nbg.eu\/mt\/wp-json\/wp\/v2\/product"}],"about":[{"href":"https:\/\/nbg.eu\/mt\/wp-json\/wp\/v2\/types\/product"}],"wp:featuredmedia":[{"embeddable":true,"href":"https:\/\/nbg.eu\/mt\/wp-json\/wp\/v2\/media\/496416"}],"wp:attachment":[{"href":"https:\/\/nbg.eu\/mt\/wp-json\/wp\/v2\/media?parent=536387"}],"wp:term":[{"taxonomy":"product_brand","embeddable":true,"href":"https:\/\/nbg.eu\/mt\/wp-json\/wp\/v2\/product_brand?post=536387"},{"taxonomy":"product_cat","embeddable":true,"href":"https:\/\/nbg.eu\/mt\/wp-json\/wp\/v2\/product_cat?post=536387"},{"taxonomy":"product_tag","embeddable":true,"href":"https:\/\/nbg.eu\/mt\/wp-json\/wp\/v2\/product_tag?post=536387"}],"curies":[{"name":"wp","href":"https:\/\/api.w.org\/{rel}","templated":true}]}}