{"id":537886,"date":"2025-09-05T17:25:45","date_gmt":"2025-09-05T14:25:45","guid":{"rendered":"https:\/\/nbg.eu\/product\/sons-of-liberty-gun-works-ar-15-bolt-catch-spring\/"},"modified":"2026-01-21T11:44:38","modified_gmt":"2026-01-21T08:44:38","slug":"sons-of-liberty-gun-works-ar-15-bolt-catch-spring","status":"publish","type":"product","link":"https:\/\/nbg.eu\/mt\/product\/sons-of-liberty-gun-works-ar-15-bolt-catch-spring\/","title":{"rendered":"SONS OF LIBERTY GUN WORKS AR-15 BOLT CATCH SPRING"},"content":{"rendered":"<div class=\"product-description\">\n<h2>SONS OF LIBERTY GUN WORKS AR-15 MOLLA TAL-QABDA TAL-BOLT (Pakkett ta&#8217; 10)<\/h2>\n<p>Din il-molla tal-qabda tal-bolt hija mag\u0127mula fl-Istati Uniti u ti\u017cgura l-funzjonament tal-mekkani\u017cmu tal-qabda tal-bolt tal-arma tan-nar tieg\u0127ek.<\/p>\n<h2>Karatteristi\u010bi Ewlenin:<\/h2>\n<ul>\n<li>Iddisinjata spe\u010bifikament g\u0127al pjattaformi AR-15<\/li>\n<li>Kostruzzjoni b&#8217;sa\u0127\u0127itha<\/li>\n<li>Ti\u017cgura funzjonalit\u00e0 konsistenti tal-qabda tal-bolt<\/li>\n<li>Mag\u0127mula fl-Istati Uniti<\/li>\n<li>Mibjug\u0127a f&#8217;pakkett ta&#8217; 10 g\u0127al sostituzzjonijiet jew bini multipli<\/li>\n<\/ul>\n<p>Dettalji tal-Prodott:<\/p>\n<ul>\n<li>Pi\u017c: 0.01 lbs<\/li>\n<\/ul>\n<p>Il-molla tal-qabda tal-bolt mag\u0127mula fl-Istati Uniti g\u0127all-AR-15 tieg\u0127ek.<\/p>\n<\/div>\n","protected":false},"excerpt":{"rendered":"<p>Molla tal-qbid tal-lum tal-AR-15 mag\u0127mula fl-Istati Uniti. Sostituzzjoni essenzjali u re\u017cistenti.<\/p>\n","protected":false},"featured_media":496938,"template":"","meta":{"_acf_changed":false},"product_brand":[14562],"product_cat":[14126,14108],"product_tag":[],"class_list":{"0":"post-537886","1":"product","2":"type-product","3":"status-publish","4":"has-post-thumbnail","6":"product_brand-sons-of-liberty-gun-works","7":"product_cat-molol","8":"product_cat-partijiet-kmr","10":"first","11":"instock","12":"taxable","13":"shipping-taxable","14":"purchasable","15":"product-type-simple"},"acf":[],"_links":{"self":[{"href":"https:\/\/nbg.eu\/mt\/wp-json\/wp\/v2\/product\/537886","targetHints":{"allow":["GET"]}}],"collection":[{"href":"https:\/\/nbg.eu\/mt\/wp-json\/wp\/v2\/product"}],"about":[{"href":"https:\/\/nbg.eu\/mt\/wp-json\/wp\/v2\/types\/product"}],"wp:featuredmedia":[{"embeddable":true,"href":"https:\/\/nbg.eu\/mt\/wp-json\/wp\/v2\/media\/496938"}],"wp:attachment":[{"href":"https:\/\/nbg.eu\/mt\/wp-json\/wp\/v2\/media?parent=537886"}],"wp:term":[{"taxonomy":"product_brand","embeddable":true,"href":"https:\/\/nbg.eu\/mt\/wp-json\/wp\/v2\/product_brand?post=537886"},{"taxonomy":"product_cat","embeddable":true,"href":"https:\/\/nbg.eu\/mt\/wp-json\/wp\/v2\/product_cat?post=537886"},{"taxonomy":"product_tag","embeddable":true,"href":"https:\/\/nbg.eu\/mt\/wp-json\/wp\/v2\/product_tag?post=537886"}],"curies":[{"name":"wp","href":"https:\/\/api.w.org\/{rel}","templated":true}]}}