{"id":538210,"date":"2025-09-05T17:27:04","date_gmt":"2025-09-05T14:27:04","guid":{"rendered":"https:\/\/nbg.eu\/product\/b5-systems-ar-15-precision-stock\/"},"modified":"2026-02-27T15:51:18","modified_gmt":"2026-02-27T12:51:18","slug":"b5-systems-ar-15-precision-stock","status":"publish","type":"product","link":"https:\/\/nbg.eu\/mt\/product\/b5-systems-ar-15-precision-stock\/","title":{"rendered":"B5 SYSTEMS AR-15 PRECISION STOCK"},"content":{"rendered":"<div class=\"product-description\">\n<h2>B5 SYSTEMS AR-15 STOCK TA&#8217; PRE\u010aI\u017bJONI<\/h2>\n<p>B5 Systems Stock ta&#8217; Pre\u010bi\u017cjoni li Jing\u0127alaq g\u0127all-AR-15. Dan l-istock jikkombina l-istabbilt\u00e0 ta&#8217; stock fiss mal-versatilit\u00e0 ta&#8217; stock ta&#8217; karbina a\u0121\u0121ustabbli.<\/p>\n<ul>\n<li>Kostruzzjoni tal-polimeru iswed rinforzat<\/li>\n<li>Kompatibbli ma&#8217; tubi buffer ta&#8217; tul ta&#8217; karbina Mil-Spec<\/li>\n<li>Tensjonaturi interni jeliminaw \u0127sejjes<\/li>\n<li>Buttpad u cheek riser a\u0121\u0121ustabbli<\/li>\n<li>Slots tal-\u0127bula QD b&#8217;rotazzjoni limitata doppja u loops tal-\u0127bula fissi<\/li>\n<li>Slots M-LOK biex tehme\u017c a\u010b\u010bessorji<\/li>\n<\/ul>\n<p>Imfassal g\u0127all-bini ta&#8217; xkubetti, dan l-istock joffri funzjonalit\u00e0 u affidabbilt\u00e0. B5 Systems jipprovdi komponenti li jiffokaw fuq il-prestazzjoni.<\/p>\n<\/div>\n","protected":false},"excerpt":{"rendered":"<p>Buttstock a\u0121\u0121ustabbli u stabbli g\u0127all-AR-15 b&#8217;cheek riser u diversi postijiet ta&#8217; mmuntar g\u0127as-sling.<\/p>\n","protected":false},"featured_media":497076,"template":"","meta":{"_acf_changed":false},"product_brand":[],"product_cat":[14154,14119],"product_tag":[],"class_list":{"0":"post-538210","1":"product","2":"type-product","3":"status-publish","4":"has-post-thumbnail","6":"product_cat-stocks-tar-rifle","7":"product_cat-tuning-tar-rifle","9":"first","10":"outofstock","11":"taxable","12":"shipping-taxable","13":"purchasable","14":"product-type-simple"},"acf":[],"_links":{"self":[{"href":"https:\/\/nbg.eu\/mt\/wp-json\/wp\/v2\/product\/538210","targetHints":{"allow":["GET"]}}],"collection":[{"href":"https:\/\/nbg.eu\/mt\/wp-json\/wp\/v2\/product"}],"about":[{"href":"https:\/\/nbg.eu\/mt\/wp-json\/wp\/v2\/types\/product"}],"wp:featuredmedia":[{"embeddable":true,"href":"https:\/\/nbg.eu\/mt\/wp-json\/wp\/v2\/media\/497076"}],"wp:attachment":[{"href":"https:\/\/nbg.eu\/mt\/wp-json\/wp\/v2\/media?parent=538210"}],"wp:term":[{"taxonomy":"product_brand","embeddable":true,"href":"https:\/\/nbg.eu\/mt\/wp-json\/wp\/v2\/product_brand?post=538210"},{"taxonomy":"product_cat","embeddable":true,"href":"https:\/\/nbg.eu\/mt\/wp-json\/wp\/v2\/product_cat?post=538210"},{"taxonomy":"product_tag","embeddable":true,"href":"https:\/\/nbg.eu\/mt\/wp-json\/wp\/v2\/product_tag?post=538210"}],"curies":[{"name":"wp","href":"https:\/\/api.w.org\/{rel}","templated":true}]}}