{"id":53829,"date":"2024-03-04T08:23:25","date_gmt":"2024-09-13T12:54:20","guid":{"rendered":"https:\/\/nbg.eu\/product\/bore-tech-bronze-rifle-brush-3-pack-multiple-calibers\/"},"modified":"2026-01-21T12:32:59","modified_gmt":"2026-01-21T09:32:59","slug":"bore-tech-bronze-rifle-brush-3-pack-multiple-calibers","status":"publish","type":"product","link":"https:\/\/nbg.eu\/mt\/product\/bore-tech-bronze-rifle-brush-3-pack-multiple-calibers\/","title":{"rendered":"Bore Tech Bronze Rifle Brush (3 Pack, Multiple Calibers)"},"content":{"rendered":"<p>\nIl-Bore Tech Bronze Rifle Brush g\u0127andu kostruzzjoni tajba u karatteristi\u010bi mfassla. G\u0127andu bristles tal-bron\u017c tal-fosforu doppji g\u0127al azzjoni ta&#8217; g\u0127orik a\u0127jar. Dawn il-brushes joffru:<\/p>\n<ul>\n<li>Qalba b&#8217;tarf mag\u0127luq u mdawwar doppju g\u0127as-sigurt\u00e0 tal-kanna<\/li>\n<li>Studs tal-aluminju ta&#8217; kwalit\u00e0 g\u0127all-ajruplani<\/li>\n<li>Dijametri tal-bristle spe\u010bifi\u010bi g\u0127all-kalibru<\/li>\n<li>Disponibbli f&#8217;kalibri minn .17 sa .50<\/li>\n<\/ul>\n<p>Il-brushes ta&#8217; Bore Tech jipprovdu tindif aktar mg\u0127a\u0121\u0121el u effettiv.<\/p>\n","protected":false},"excerpt":{"rendered":"<p>Xkupilja tal-bron\u017c ta&#8217; kwalit\u00e0 g\u0127olja g\u0127al tindif effi\u010bjenti u sigur tal-kanna tar-rifle.<\/p>\n","protected":false},"featured_media":53830,"template":"","meta":{"_acf_changed":false},"product_brand":[11160],"product_cat":[14100,14117],"product_tag":[],"class_list":{"0":"post-53829","1":"product","2":"type-product","3":"status-publish","4":"has-post-thumbnail","6":"product_brand-boretech","7":"product_cat-tindif-tal-armi","8":"product_cat-xkupini","10":"first","11":"instock","12":"taxable","13":"shipping-taxable","14":"purchasable","15":"product-type-variable","16":"wvs-archive-product-wrapper"},"acf":[],"_links":{"self":[{"href":"https:\/\/nbg.eu\/mt\/wp-json\/wp\/v2\/product\/53829","targetHints":{"allow":["GET"]}}],"collection":[{"href":"https:\/\/nbg.eu\/mt\/wp-json\/wp\/v2\/product"}],"about":[{"href":"https:\/\/nbg.eu\/mt\/wp-json\/wp\/v2\/types\/product"}],"wp:featuredmedia":[{"embeddable":true,"href":"https:\/\/nbg.eu\/mt\/wp-json\/wp\/v2\/media\/53830"}],"wp:attachment":[{"href":"https:\/\/nbg.eu\/mt\/wp-json\/wp\/v2\/media?parent=53829"}],"wp:term":[{"taxonomy":"product_brand","embeddable":true,"href":"https:\/\/nbg.eu\/mt\/wp-json\/wp\/v2\/product_brand?post=53829"},{"taxonomy":"product_cat","embeddable":true,"href":"https:\/\/nbg.eu\/mt\/wp-json\/wp\/v2\/product_cat?post=53829"},{"taxonomy":"product_tag","embeddable":true,"href":"https:\/\/nbg.eu\/mt\/wp-json\/wp\/v2\/product_tag?post=53829"}],"curies":[{"name":"wp","href":"https:\/\/api.w.org\/{rel}","templated":true}]}}