{"id":538446,"date":"2025-09-05T17:36:50","date_gmt":"2025-09-05T14:36:50","guid":{"rendered":"https:\/\/nbg.eu\/product\/ar-15-m16-quick-detach-receiver-end-plate\/"},"modified":"2026-01-21T12:35:08","modified_gmt":"2026-01-21T09:35:08","slug":"ar-15-m16-quick-detach-receiver-end-plate","status":"publish","type":"product","link":"https:\/\/nbg.eu\/mt\/product\/ar-15-m16-quick-detach-receiver-end-plate\/","title":{"rendered":"AR-15\/M16 QUICK DETACH RECEIVER END PLATE"},"content":{"rendered":"<div class=\"product-description\">\n<h2>AR-15\/M16 BCMGUNFIGHTER QD END PLATE<\/h2>\n<p>Dan l-a\u010b\u010bessorju huwa ddisinjat g\u0127all-AR-15 jew M16. Jipprovdi versatilit\u00e0 u durabilit\u00e0 lill-arma tan-nar tieg\u0127ek.<\/p>\n<ul>\n<li>Mag\u0127mul minn azzar b&#8217;sa\u0127\u0127tu<\/li>\n<li>G\u0127andu punt ta&#8217; \u010birku Quick Disconnect (QD) integrat<\/li>\n<li>Kompatibbli ma&#8217; pjattaformi AR-15 u AR-308<\/li>\n<li>Ja\u010b\u010betta staking g\u0127al installazzjoni sigura<\/li>\n<li>Manifatturat fl-Istati Uniti<\/li>\n<li>Disponibbli f&#8217;kulur iswed<\/li>\n<\/ul>\n<p>Il-BCMGUNFIGHTER QD End Plate jippermetti t-twa\u0127\u0127il u t-tne\u0127\u0127ija malajr ta&#8217; \u010bineg. Dan itejjeb l-immani\u0121\u0121jar tar-rifle f&#8217;diversi sitwazzjonijiet.<\/p>\n<\/div>\n","protected":false},"excerpt":{"rendered":"<p>Pjan\u010ba tat-tmiem tal-azzar QD g\u0127all-AR-15\/M16. Mag\u0127mula fl-Istati Uniti, b&#8217;disinn li jista&#8217; jintrabat.<\/p>\n","protected":false},"featured_media":497162,"template":"","meta":{"_acf_changed":false},"product_brand":[],"product_cat":[14119],"product_tag":[],"class_list":{"0":"post-538446","1":"product","2":"type-product","3":"status-publish","4":"has-post-thumbnail","6":"product_cat-tuning-tar-rifle","8":"first","9":"instock","10":"taxable","11":"shipping-taxable","12":"purchasable","13":"product-type-simple"},"acf":[],"_links":{"self":[{"href":"https:\/\/nbg.eu\/mt\/wp-json\/wp\/v2\/product\/538446","targetHints":{"allow":["GET"]}}],"collection":[{"href":"https:\/\/nbg.eu\/mt\/wp-json\/wp\/v2\/product"}],"about":[{"href":"https:\/\/nbg.eu\/mt\/wp-json\/wp\/v2\/types\/product"}],"wp:featuredmedia":[{"embeddable":true,"href":"https:\/\/nbg.eu\/mt\/wp-json\/wp\/v2\/media\/497162"}],"wp:attachment":[{"href":"https:\/\/nbg.eu\/mt\/wp-json\/wp\/v2\/media?parent=538446"}],"wp:term":[{"taxonomy":"product_brand","embeddable":true,"href":"https:\/\/nbg.eu\/mt\/wp-json\/wp\/v2\/product_brand?post=538446"},{"taxonomy":"product_cat","embeddable":true,"href":"https:\/\/nbg.eu\/mt\/wp-json\/wp\/v2\/product_cat?post=538446"},{"taxonomy":"product_tag","embeddable":true,"href":"https:\/\/nbg.eu\/mt\/wp-json\/wp\/v2\/product_tag?post=538446"}],"curies":[{"name":"wp","href":"https:\/\/api.w.org\/{rel}","templated":true}]}}