{"id":538728,"date":"2025-09-05T17:36:57","date_gmt":"2025-09-05T14:36:57","guid":{"rendered":"https:\/\/nbg.eu\/product\/aero-precision-receiver-extension-end-plate-for-ar-15-black\/"},"modified":"2026-01-21T12:01:59","modified_gmt":"2026-01-21T09:01:59","slug":"aero-precision-receiver-extension-end-plate-for-ar-15-black","status":"publish","type":"product","link":"https:\/\/nbg.eu\/mt\/product\/aero-precision-receiver-extension-end-plate-for-ar-15-black\/","title":{"rendered":"AERO PRECISION RECEIVER EXTENSION END PLATE FOR AR-15 BLACK"},"content":{"rendered":"<div class=\"product-description\">\n<h1>PJAN\u010aA TAT-TARF TAL-ESTENSJONI TAR-RI\u010aEVITUR AERO PRECISION G\u0126AL AR-15 ISWED<\/h1>\n<p>Il-pjan\u010ba tat-tarf tal-estensjoni tar-ri\u010bevitur Aero Precision hija komponent g\u0127al karabini b&#8217;stocks a\u0121\u0121ustabbli. Tipprovdi konnessjoni bejn it-tubu tal-buffer u r-ri\u010bevitur.<\/p>\n<ul>\n<li>Mag\u0127mul fl-Istati Uniti<\/li>\n<li>Kompatibbli ma&#8217; pjattaformi AR-15 u AR-308<\/li>\n<li>Iddisinjat g\u0127al tubi tal-buffer tal-karabina<\/li>\n<li>Mag\u0127mul minn azzar<\/li>\n<li>Irfinat iswed<\/li>\n<li>Ji\u017cgura allinjament u stabbilt\u00e0<\/li>\n<\/ul>\n<p>Din il-pjan\u010ba tat-tarf hija komponent g\u0127all-AR-15 u\u017cat minn professjonisti u dilettanti. Tipprovdi affidabbilt\u00e0 u prestazzjoni.<\/p>\n<\/div>\n","protected":false},"excerpt":{"rendered":"<p>Pjan\u010ba tat-tarf tal-karabin AR-15 ta&#8217; spe\u010bifikazzjoni militari. Mag\u0127mula fl-Istati Uniti, azzar iswed.<\/p>\n","protected":false},"featured_media":497277,"template":"","meta":{"_acf_changed":false},"product_brand":[],"product_cat":[14119],"product_tag":[],"class_list":{"0":"post-538728","1":"product","2":"type-product","3":"status-publish","4":"has-post-thumbnail","6":"product_cat-tuning-tar-rifle","8":"first","9":"outofstock","10":"taxable","11":"shipping-taxable","12":"purchasable","13":"product-type-simple"},"acf":[],"_links":{"self":[{"href":"https:\/\/nbg.eu\/mt\/wp-json\/wp\/v2\/product\/538728","targetHints":{"allow":["GET"]}}],"collection":[{"href":"https:\/\/nbg.eu\/mt\/wp-json\/wp\/v2\/product"}],"about":[{"href":"https:\/\/nbg.eu\/mt\/wp-json\/wp\/v2\/types\/product"}],"wp:featuredmedia":[{"embeddable":true,"href":"https:\/\/nbg.eu\/mt\/wp-json\/wp\/v2\/media\/497277"}],"wp:attachment":[{"href":"https:\/\/nbg.eu\/mt\/wp-json\/wp\/v2\/media?parent=538728"}],"wp:term":[{"taxonomy":"product_brand","embeddable":true,"href":"https:\/\/nbg.eu\/mt\/wp-json\/wp\/v2\/product_brand?post=538728"},{"taxonomy":"product_cat","embeddable":true,"href":"https:\/\/nbg.eu\/mt\/wp-json\/wp\/v2\/product_cat?post=538728"},{"taxonomy":"product_tag","embeddable":true,"href":"https:\/\/nbg.eu\/mt\/wp-json\/wp\/v2\/product_tag?post=538728"}],"curies":[{"name":"wp","href":"https:\/\/api.w.org\/{rel}","templated":true}]}}