{"id":539271,"date":"2025-09-05T17:38:16","date_gmt":"2025-09-05T14:38:16","guid":{"rendered":"https:\/\/nbg.eu\/product\/zero-compromise-optic-zc527-10mil-mpct2x\/"},"modified":"2026-01-21T11:29:43","modified_gmt":"2026-01-21T08:29:43","slug":"zero-compromise-optic-zc527-10mil-mpct2x","status":"publish","type":"product","link":"https:\/\/nbg.eu\/mt\/product\/zero-compromise-optic-zc527-10mil-mpct2x\/","title":{"rendered":"Zero Compromise Optic ZC527 10MIL MPCT2X"},"content":{"rendered":"<h1>Zero Compromise Optic ZC527 10MIL MPCT2X<\/h1>\n<p>Il-ZC527 huwa teleskopju tar-rifle li huwa 387mm twil u ji\u017cen 1122g. G\u0127andu dawn il-karatteristi\u010bi:<\/p>\n<ul>\n<li>A\u0121\u0121ustament ta&#8217; elevazzjoni ta&#8217; 35 mil<\/li>\n<li>A\u0121\u0121ustament tar-ri\u0127 ta&#8217; 20 mil<\/li>\n<li>Kamp vi\u017civ ta&#8217; 7m\/100m<\/li>\n<li>Trasmissjoni tad-dawl<\/li>\n<li>Ri\u017coluzzjoni<\/li>\n<\/ul>\n<p>Il-ZC527 huwa mag\u0127mul minn materjali u tekniki ta&#8217; kwalit\u00e0. Huwa disponibbli f&#8217;finitura standard jew FDE (\u017cebg\u0127a flat dark earth). Dan it-teleskopju huwa parti mill-linja ta&#8217; teleskopji tar-rifle ta&#8217; Zero Compromise.<\/p>\n<p>Il-Zero Compromise Optic ZC527 huwa teleskopju tar-rifle.<\/p>\n","protected":false},"excerpt":{"rendered":"<p>Teleskopju ta&#8217; kwalit\u00e0 g\u0127olja: \u010aarezza bla paragun, kamp vi\u017civ wiesa&#8217;, a\u0121\u0121ustamenti pre\u010bi\u017ci.<\/p>\n","protected":false},"featured_media":497392,"template":"","meta":{"_acf_changed":false},"product_brand":[15198],"product_cat":[14109,14122],"product_tag":[],"class_list":{"0":"post-539271","1":"product","2":"type-product","3":"status-publish","4":"has-post-thumbnail","6":"product_brand-zero-compromise-optics","7":"product_cat-immira","8":"product_cat-ottici-magnifikati","10":"first","11":"outofstock","12":"taxable","13":"shipping-taxable","14":"purchasable","15":"product-type-simple"},"acf":[],"_links":{"self":[{"href":"https:\/\/nbg.eu\/mt\/wp-json\/wp\/v2\/product\/539271","targetHints":{"allow":["GET"]}}],"collection":[{"href":"https:\/\/nbg.eu\/mt\/wp-json\/wp\/v2\/product"}],"about":[{"href":"https:\/\/nbg.eu\/mt\/wp-json\/wp\/v2\/types\/product"}],"wp:featuredmedia":[{"embeddable":true,"href":"https:\/\/nbg.eu\/mt\/wp-json\/wp\/v2\/media\/497392"}],"wp:attachment":[{"href":"https:\/\/nbg.eu\/mt\/wp-json\/wp\/v2\/media?parent=539271"}],"wp:term":[{"taxonomy":"product_brand","embeddable":true,"href":"https:\/\/nbg.eu\/mt\/wp-json\/wp\/v2\/product_brand?post=539271"},{"taxonomy":"product_cat","embeddable":true,"href":"https:\/\/nbg.eu\/mt\/wp-json\/wp\/v2\/product_cat?post=539271"},{"taxonomy":"product_tag","embeddable":true,"href":"https:\/\/nbg.eu\/mt\/wp-json\/wp\/v2\/product_tag?post=539271"}],"curies":[{"name":"wp","href":"https:\/\/api.w.org\/{rel}","templated":true}]}}