{"id":539403,"date":"2025-09-05T17:38:17","date_gmt":"2025-09-05T14:38:17","guid":{"rendered":"https:\/\/nbg.eu\/product\/zco-mount\/"},"modified":"2026-01-21T11:38:41","modified_gmt":"2026-01-21T08:38:41","slug":"zco-mount","status":"publish","type":"product","link":"https:\/\/nbg.eu\/mt\/product\/zco-mount\/","title":{"rendered":"ZCO Mount"},"content":{"rendered":"<div class=\"product-description\">\n<h1>ZCO Block-Mount: Mag\u0127mul g\u0127al Skopijiet tar-Rifle Professjonali<\/h1>\n<p>Il-block mount ta&#8217; ZCO, b&#8217;g\u0127a\u017cliet ta&#8217; inklinazzjoni ta&#8217; 0Mil \/ 6Mil. Mag\u0127mul fl-Awstrija bl-u\u017cu ta&#8217; teknolo\u0121ija ta&#8217; t\u0127in CNC, dan il-mount joffri pre\u010bi\u017cjoni u durabbilt\u00e0 g\u0127al skopijiet tar-rifle ZCO.<\/p>\n<ul>\n<li>Mag\u0127mul minn aluminju EN AW-7075 b&#8217;kisi anodizzat<\/li>\n<li>Livell tal-bu\u017c\u017cieqa li jintewa (jista&#8217; jitwa\u0127\u0127al fuq ix-xellug jew il-lemin)<\/li>\n<li>Bushing integrat g\u0127all-mirage band<\/li>\n<li>Jinkludi wedge g\u0127al allinjament pre\u010bi\u017c tal-iskop<\/li>\n<li>Ji\u0121i ma&#8217; inserts kollha me\u0127tie\u0121a tat-Torx bit<\/li>\n<\/ul>\n<p>Soluzzjonijiet ta&#8217; mounting ta&#8217; livell professjonali mag\u0127mula biex itejbu l-potenzjal tar-rifle tieg\u0127ek. Il-block mount ta&#8217; ZCO jg\u0127aqqad sa\u0127\u0127a, pre\u010bi\u017cjoni, u versatilit\u00e0 biex ji\u017cgura prestazzjoni ottimali f&#8217;kull xenarju ta&#8217; sparar.<\/p>\n<\/div>\n","protected":false},"excerpt":{"rendered":"<p>Muntatri\u010bi ZCO ta&#8217; Pre\u010bi\u017cjoni: Ta&#8217; kwalit\u00e0 professjonali, immutata b&#8217;CNC, b&#8217;livell inkorporat.<\/p>\n","protected":false},"featured_media":497530,"template":"","meta":{"_acf_changed":false},"product_brand":[15198],"product_cat":[14109,14891],"product_tag":[],"class_list":{"0":"post-539403","1":"product","2":"type-product","3":"status-publish","4":"has-post-thumbnail","6":"product_brand-zero-compromise-optics","7":"product_cat-immira","8":"product_cat-mounts-mt","10":"first","11":"outofstock","12":"taxable","13":"shipping-taxable","14":"purchasable","15":"product-type-simple"},"acf":[],"_links":{"self":[{"href":"https:\/\/nbg.eu\/mt\/wp-json\/wp\/v2\/product\/539403","targetHints":{"allow":["GET"]}}],"collection":[{"href":"https:\/\/nbg.eu\/mt\/wp-json\/wp\/v2\/product"}],"about":[{"href":"https:\/\/nbg.eu\/mt\/wp-json\/wp\/v2\/types\/product"}],"wp:featuredmedia":[{"embeddable":true,"href":"https:\/\/nbg.eu\/mt\/wp-json\/wp\/v2\/media\/497530"}],"wp:attachment":[{"href":"https:\/\/nbg.eu\/mt\/wp-json\/wp\/v2\/media?parent=539403"}],"wp:term":[{"taxonomy":"product_brand","embeddable":true,"href":"https:\/\/nbg.eu\/mt\/wp-json\/wp\/v2\/product_brand?post=539403"},{"taxonomy":"product_cat","embeddable":true,"href":"https:\/\/nbg.eu\/mt\/wp-json\/wp\/v2\/product_cat?post=539403"},{"taxonomy":"product_tag","embeddable":true,"href":"https:\/\/nbg.eu\/mt\/wp-json\/wp\/v2\/product_tag?post=539403"}],"curies":[{"name":"wp","href":"https:\/\/api.w.org\/{rel}","templated":true}]}}