{"id":539783,"date":"2025-09-05T17:40:49","date_gmt":"2025-09-05T14:40:49","guid":{"rendered":"https:\/\/nbg.eu\/product\/scope-mount-30mm-vortex-pro-series-low-pr30-l\/"},"modified":"2026-01-21T12:26:39","modified_gmt":"2026-01-21T09:26:39","slug":"scope-mount-30mm-vortex-pro-series-low-pr30-l","status":"publish","type":"product","link":"https:\/\/nbg.eu\/mt\/product\/scope-mount-30mm-vortex-pro-series-low-pr30-l\/","title":{"rendered":"Scope mount 30mm Vortex Pro Series LOW PR30-l"},"content":{"rendered":"<h1>\u010arieki tal-Iskop Vortex Pro 30mm Baxxi (0.90&#8243;) PR30-L<\/h1>\n<p>I\u010b-\u010brieki tal-g\u0127oli baxx Vortex Pro Series 30mm huma ma\u0127duma b&#8217;pre\u010bi\u017cjoni minn aluminju tal-grad tal-ajruplani 6061 g\u0127all-immuntar tal-iskop tieg\u0127ek.<\/p>\n<h2>Karatteristi\u010bi Ewlenin:<\/h2>\n<ul>\n<li>Finitura anodizzata sewda opaka u re\u017cistenti<\/li>\n<li>Spe\u010bifikazzjonijiet tat-torque imnaqqxa bil-laser<\/li>\n<li>Elementi ta&#8217; rabta #8 b&#8217;sa\u0127\u0127ithom g\u0127al immuntar sigur<\/li>\n<li>Lugnett ta&#8217; rikoil integrat g\u0127al stabbilt\u00e0 addizzjonali<\/li>\n<li>Kompatibbli ma&#8217; linji Weaver jew Picatinny<\/li>\n<li>Disinn \u0127afif ta&#8217; 1.58oz<\/li>\n<\/ul>\n<p>I\u010b-\u010brieki Vortex Pro PR30-L ji\u017cguraw li l-iskop tieg\u0127ek jibqa&#8217; f&#8217;postu. Dawn i\u010b-\u010brieki huma mag\u0127mula g\u0127all-pre\u010bi\u017cjoni u d-durabbilt\u00e0.<\/p>\n","protected":false},"excerpt":{"rendered":"<p>\u010arieki tal-iskop baxxi ta&#8217; 30mm re\u017cistenti g\u0127al rails Weaver\/Picatinny. Ma\u0127duma bi pre\u010bi\u017cjoni.<\/p>\n","protected":false},"featured_media":497576,"template":"","meta":{"_acf_changed":false},"product_brand":[11970],"product_cat":[14134,14109],"product_tag":[],"class_list":{"0":"post-539783","1":"product","2":"type-product","3":"status-publish","4":"has-post-thumbnail","6":"product_brand-vortex","7":"product_cat-accessorji-gall-immira","8":"product_cat-immira","10":"first","11":"outofstock","12":"taxable","13":"shipping-taxable","14":"purchasable","15":"product-type-simple"},"acf":[],"_links":{"self":[{"href":"https:\/\/nbg.eu\/mt\/wp-json\/wp\/v2\/product\/539783","targetHints":{"allow":["GET"]}}],"collection":[{"href":"https:\/\/nbg.eu\/mt\/wp-json\/wp\/v2\/product"}],"about":[{"href":"https:\/\/nbg.eu\/mt\/wp-json\/wp\/v2\/types\/product"}],"wp:featuredmedia":[{"embeddable":true,"href":"https:\/\/nbg.eu\/mt\/wp-json\/wp\/v2\/media\/497576"}],"wp:attachment":[{"href":"https:\/\/nbg.eu\/mt\/wp-json\/wp\/v2\/media?parent=539783"}],"wp:term":[{"taxonomy":"product_brand","embeddable":true,"href":"https:\/\/nbg.eu\/mt\/wp-json\/wp\/v2\/product_brand?post=539783"},{"taxonomy":"product_cat","embeddable":true,"href":"https:\/\/nbg.eu\/mt\/wp-json\/wp\/v2\/product_cat?post=539783"},{"taxonomy":"product_tag","embeddable":true,"href":"https:\/\/nbg.eu\/mt\/wp-json\/wp\/v2\/product_tag?post=539783"}],"curies":[{"name":"wp","href":"https:\/\/api.w.org\/{rel}","templated":true}]}}