{"id":539895,"date":"2025-09-05T17:40:49","date_gmt":"2025-09-05T14:40:49","guid":{"rendered":"https:\/\/nbg.eu\/product\/badger-ordnance-c1-coaxial-laser-integration-fixture-9-slot-rail-black-700-20b\/"},"modified":"2026-01-21T12:07:04","modified_gmt":"2026-01-21T09:07:04","slug":"badger-ordnance-c1-coaxial-laser-integration-fixture-9-slot-rail-black-700-20b","status":"publish","type":"product","link":"https:\/\/nbg.eu\/mt\/product\/badger-ordnance-c1-coaxial-laser-integration-fixture-9-slot-rail-black-700-20b\/","title":{"rendered":"BADGER ORDNANCE C1 COAXIAL LASER INTEGRATION FIXTURE 9 SLOT RAIL BLACK (700-20B)"},"content":{"rendered":"<div class=\"product-description\">\n<h2>BADGER ORDNANCE C1 COAXIAL LASER INTEGRATION FIXTURE 9 SLOT RAIL ISWED (700-20B)<\/h2>\n<p>Dan l-a\u010b\u010bessorju huwa mfassal g\u0127all-u\u017cu mal-immuntar Condition One ta&#8217; Badger, li jippermetti l-integrazzjoni ta&#8217; Laser Range Finders immuntati mal-armi.<\/p>\n<ul>\n<li>Kompatibbli ma&#8217; ARC g\u0127all-immuntar ta&#8217; lasers u range finders &#8216;il fuq mill-ottika<\/li>\n<li>Je\u0127el ming\u0127ajr ma tne\u0127\u0127i l-C1 Accessory Ring Cap, i\u017comm i\u017c-zeroing ori\u0121inali tal-ottika primarja<\/li>\n<li>Disinn ta&#8217; rail b&#8217;9 slots g\u0127al g\u0127a\u017cliet versatili ta&#8217; immuntar<\/li>\n<li>Finitura sewda<\/li>\n<li>Numru tal-parti: 700-20B<\/li>\n<\/ul>\n<p>Disponibbli g\u0127at-tba\u0127\u0127ir.<\/p>\n<\/div>\n","protected":false},"excerpt":{"rendered":"<p>BADGER ORDNANCE C1 CLIF: Binarji ta&#8217; 9 slots g\u0127all-integrazzjoni tal-lej\u017cer fuq l-ottika.<\/p>\n","protected":false},"featured_media":497599,"template":"","meta":{"_acf_changed":false},"product_brand":[11090],"product_cat":[14134,14109,14891],"product_tag":[],"class_list":{"0":"post-539895","1":"product","2":"type-product","3":"status-publish","4":"has-post-thumbnail","6":"product_brand-badger-ordnance","7":"product_cat-accessorji-gall-immira","8":"product_cat-immira","9":"product_cat-mounts-mt","11":"first","12":"instock","13":"taxable","14":"shipping-taxable","15":"purchasable","16":"product-type-simple"},"acf":[],"_links":{"self":[{"href":"https:\/\/nbg.eu\/mt\/wp-json\/wp\/v2\/product\/539895","targetHints":{"allow":["GET"]}}],"collection":[{"href":"https:\/\/nbg.eu\/mt\/wp-json\/wp\/v2\/product"}],"about":[{"href":"https:\/\/nbg.eu\/mt\/wp-json\/wp\/v2\/types\/product"}],"wp:featuredmedia":[{"embeddable":true,"href":"https:\/\/nbg.eu\/mt\/wp-json\/wp\/v2\/media\/497599"}],"wp:attachment":[{"href":"https:\/\/nbg.eu\/mt\/wp-json\/wp\/v2\/media?parent=539895"}],"wp:term":[{"taxonomy":"product_brand","embeddable":true,"href":"https:\/\/nbg.eu\/mt\/wp-json\/wp\/v2\/product_brand?post=539895"},{"taxonomy":"product_cat","embeddable":true,"href":"https:\/\/nbg.eu\/mt\/wp-json\/wp\/v2\/product_cat?post=539895"},{"taxonomy":"product_tag","embeddable":true,"href":"https:\/\/nbg.eu\/mt\/wp-json\/wp\/v2\/product_tag?post=539895"}],"curies":[{"name":"wp","href":"https:\/\/api.w.org\/{rel}","templated":true}]}}