{"id":540035,"date":"2025-09-05T17:41:43","date_gmt":"2025-09-05T14:41:43","guid":{"rendered":"https:\/\/nbg.eu\/product\/dillon-750-650-550-machine-strong-mount\/"},"modified":"2026-01-21T12:05:05","modified_gmt":"2026-01-21T09:05:05","slug":"dillon-750-650-550-machine-strong-mount","status":"publish","type":"product","link":"https:\/\/nbg.eu\/mt\/product\/dillon-750-650-550-machine-strong-mount\/","title":{"rendered":"Dillon 750\/650\/550 Machine Strong Mount"},"content":{"rendered":"<h2>Munta\u0121\u0121 Qawwi g\u0127all-Magni Dillon 750\/650\/550<\/h2>\n<p>Il-Munta\u0121\u0121 Qawwi Dillon 750\/650\/550 huwa a\u010b\u010bessorju g\u0127all-bank tar-rikarika. Dan jg\u0127olli l-pressa Dillon tieg\u0127ek u jipprovdi stabbilt\u00e0.<\/p>\n<ul>\n<li>Kompatibbli mal-mudelli RL550, RL550B, RL550C, XL650, u XL750<\/li>\n<li>Jg\u0127olli l-g\u0127oli tal-pressa b&#8217;8 1\/2&#8243; (21.5cm)<\/li>\n<li>Ba\u017ci usa&#8217; tnaqqas il-vibrazzjoni u \u010b-\u010baqliq<\/li>\n<li>Rakkomandat g\u0127al dawk kollha li ju\u017caw il-550, 650, u 750<\/li>\n<\/ul>\n<p>L-g\u0127oli mi\u017cjud u l-ba\u017ci akbar tal-Munta\u0121\u0121 Qawwi jo\u0127olqu po\u017cizzjoni operattiva aktar komda filwaqt li jnaqqsu l-moviment tal-pressa. Dan jg\u0127in biex tinkiseb kwalit\u00e0 konsistenti fir-rikarika.<\/p>\n","protected":false},"excerpt":{"rendered":"<p>G\u0127olli u stabbilizza l-magna ta&#8217; Dillon tieg\u0127ek g\u0127al kumdit\u00e0 a\u0127jar waqt ir-rikarikament.<\/p>\n","protected":false},"featured_media":497622,"template":"","meta":{"_acf_changed":false},"product_brand":[14339],"product_cat":[14133,14090,14144],"product_tag":[],"class_list":{"0":"post-540035","1":"product","2":"type-product","3":"status-publish","4":"has-post-thumbnail","6":"product_brand-dillon-precision","7":"product_cat-accessorji-gat-tgabbija-mill-gdid","8":"product_cat-magni-gat-tgabbija-mill-gdid","9":"product_cat-rikargar-mill-gdid","11":"first","12":"outofstock","13":"taxable","14":"shipping-taxable","15":"purchasable","16":"product-type-simple"},"acf":[],"_links":{"self":[{"href":"https:\/\/nbg.eu\/mt\/wp-json\/wp\/v2\/product\/540035","targetHints":{"allow":["GET"]}}],"collection":[{"href":"https:\/\/nbg.eu\/mt\/wp-json\/wp\/v2\/product"}],"about":[{"href":"https:\/\/nbg.eu\/mt\/wp-json\/wp\/v2\/types\/product"}],"wp:featuredmedia":[{"embeddable":true,"href":"https:\/\/nbg.eu\/mt\/wp-json\/wp\/v2\/media\/497622"}],"wp:attachment":[{"href":"https:\/\/nbg.eu\/mt\/wp-json\/wp\/v2\/media?parent=540035"}],"wp:term":[{"taxonomy":"product_brand","embeddable":true,"href":"https:\/\/nbg.eu\/mt\/wp-json\/wp\/v2\/product_brand?post=540035"},{"taxonomy":"product_cat","embeddable":true,"href":"https:\/\/nbg.eu\/mt\/wp-json\/wp\/v2\/product_cat?post=540035"},{"taxonomy":"product_tag","embeddable":true,"href":"https:\/\/nbg.eu\/mt\/wp-json\/wp\/v2\/product_tag?post=540035"}],"curies":[{"name":"wp","href":"https:\/\/api.w.org\/{rel}","templated":true}]}}