{"id":540278,"date":"2025-09-05T17:42:22","date_gmt":"2025-09-05T14:42:22","guid":{"rendered":"https:\/\/nbg.eu\/product\/ameriglo-range-fo-sight-set-for-glock\/"},"modified":"2026-01-21T12:29:16","modified_gmt":"2026-01-21T09:29:16","slug":"ameriglo-range-fo-sight-set-for-glock","status":"publish","type":"product","link":"https:\/\/nbg.eu\/mt\/product\/ameriglo-range-fo-sight-set-for-glock\/","title":{"rendered":"AMERIGLO RANGE FO SIGHT SET FOR GLOCK"},"content":{"rendered":"<div class=\"product-description\">\n<h2>SETT TA&#8217; MIRI AMERIGLO RANGE FO G\u0126AL GLOCK<\/h2>\n<p>A\u0121\u0121orna l-Glock G5 9mm\/.40 Caliber tieg\u0127ek bis-Sett ta&#8217; Miri AMERIGLO Range Serrated. Dan is-sett ta&#8217; miri huwa ddisinjat biex itejjeb il-pre\u010bi\u017cjoni tal-isparar u l-akkwist tal-mira.<\/p>\n<ul>\n<li>Kompatibbli ma&#8217; Glock 19 Gen 5 u Glock 23 Gen 5<\/li>\n<li>Kostruzzjoni tal-azzar<\/li>\n<li>Finitura sewda<\/li>\n<li>Stil ta&#8217; mira b&#8217;xaqq kwadru<\/li>\n<li>Wi\u010b\u010b inserrat inaqqas il-le\u0127\u0127a<\/li>\n<li>Pi\u017c ta&#8217; 0.313 lbs<\/li>\n<\/ul>\n<p>Dawn il-miri jipprovdu affidabbilt\u00e0 u prestazzjoni. Fa\u010bli biex tinstalla u mibnija biex idumu, is-Sett ta&#8217; Miri AMERIGLO Range huwa a\u0121\u0121ornament g\u0127all-Glock tieg\u0127ek.<\/p>\n<\/div>\n","protected":false},"excerpt":{"rendered":"<p>Sett ta&#8217; mira bil-firda sewda g\u0127al Glock G5 9mm\/.40, mag\u0127mul mill-azzar.<\/p>\n","protected":false},"featured_media":497808,"template":"","meta":{"_acf_changed":false},"product_brand":[],"product_cat":[14134,14109,14104,14128],"product_tag":[],"class_list":{"0":"post-540278","1":"product","2":"type-product","3":"status-publish","4":"has-post-thumbnail","6":"product_cat-accessorji-gall-immira","7":"product_cat-immira","8":"product_cat-partijiet-tal-pistola","9":"product_cat-pistola","11":"first","12":"outofstock","13":"taxable","14":"shipping-taxable","15":"purchasable","16":"product-type-simple"},"acf":[],"_links":{"self":[{"href":"https:\/\/nbg.eu\/mt\/wp-json\/wp\/v2\/product\/540278","targetHints":{"allow":["GET"]}}],"collection":[{"href":"https:\/\/nbg.eu\/mt\/wp-json\/wp\/v2\/product"}],"about":[{"href":"https:\/\/nbg.eu\/mt\/wp-json\/wp\/v2\/types\/product"}],"wp:featuredmedia":[{"embeddable":true,"href":"https:\/\/nbg.eu\/mt\/wp-json\/wp\/v2\/media\/497808"}],"wp:attachment":[{"href":"https:\/\/nbg.eu\/mt\/wp-json\/wp\/v2\/media?parent=540278"}],"wp:term":[{"taxonomy":"product_brand","embeddable":true,"href":"https:\/\/nbg.eu\/mt\/wp-json\/wp\/v2\/product_brand?post=540278"},{"taxonomy":"product_cat","embeddable":true,"href":"https:\/\/nbg.eu\/mt\/wp-json\/wp\/v2\/product_cat?post=540278"},{"taxonomy":"product_tag","embeddable":true,"href":"https:\/\/nbg.eu\/mt\/wp-json\/wp\/v2\/product_tag?post=540278"}],"curies":[{"name":"wp","href":"https:\/\/api.w.org\/{rel}","templated":true}]}}