{"id":540626,"date":"2025-09-05T17:42:22","date_gmt":"2025-09-05T14:42:22","guid":{"rendered":"https:\/\/nbg.eu\/product\/lyman-pro-trim-die\/"},"modified":"2026-01-21T11:45:39","modified_gmt":"2026-01-21T08:45:39","slug":"lyman-pro-trim-die","status":"publish","type":"product","link":"https:\/\/nbg.eu\/mt\/product\/lyman-pro-trim-die\/","title":{"rendered":"Lyman Pro Trim Die"},"content":{"rendered":"<div class=\"product-description\">\n<h2>Lyman Pro Trim Dies<\/h2>\n<p>Lyman Pro Trim Dies huma mag\u0127mulin fl-Istati Uniti. Dawn id-dies g\u0127andhom:<\/p>\n<ul>\n<li>Kostruzzjoni tal-azzar inossidabbli<\/li>\n<li>Kamin t&#8217;isfel 7\/8-14, kompatibbli ma&#8217; Lyman, Mark 7, u pressi o\u0127ra ta&#8217; rikargar<\/li>\n<li>Kamin ta&#8217; fuq 13\/16-20, g\u0127all-trimmer immuntat fuq il-press ta&#8217; Lyman u g\u0127a\u017cliet o\u0127ra<\/li>\n<li>Garanzija g\u0127all-u\u017cu tul il-\u0127ajja<\/li>\n<\/ul>\n<p>Lyman Pro Trim Dies huma g\u0127odda ta&#8217; rikargar. Huma kompatibbli ma&#8217; diversi tipi ta&#8217; tag\u0127mir u jistg\u0127u jintu\u017caw minn dawk b&#8217;esperjenza u dawk li qed jibdew.<\/p>\n<\/div>\n","protected":false},"excerpt":{"rendered":"<p>Imnaqqax tal-azzar inossidabbli mag\u0127mul bi pre\u010bi\u017cjoni fl-Istati Uniti g\u0127at-tqaxxir tal-qoxra. Kompatibbli mal-pressa.<\/p>\n","protected":false},"featured_media":497832,"template":"","meta":{"_acf_changed":false},"product_brand":[11279],"product_cat":[14133,14144],"product_tag":[],"class_list":{"0":"post-540626","1":"product","2":"type-product","3":"status-publish","4":"has-post-thumbnail","6":"product_brand-doublealpha","7":"product_cat-accessorji-gat-tgabbija-mill-gdid","8":"product_cat-rikargar-mill-gdid","10":"first","11":"outofstock","12":"taxable","13":"shipping-taxable","14":"purchasable","15":"product-type-simple"},"acf":[],"_links":{"self":[{"href":"https:\/\/nbg.eu\/mt\/wp-json\/wp\/v2\/product\/540626","targetHints":{"allow":["GET"]}}],"collection":[{"href":"https:\/\/nbg.eu\/mt\/wp-json\/wp\/v2\/product"}],"about":[{"href":"https:\/\/nbg.eu\/mt\/wp-json\/wp\/v2\/types\/product"}],"wp:featuredmedia":[{"embeddable":true,"href":"https:\/\/nbg.eu\/mt\/wp-json\/wp\/v2\/media\/497832"}],"wp:attachment":[{"href":"https:\/\/nbg.eu\/mt\/wp-json\/wp\/v2\/media?parent=540626"}],"wp:term":[{"taxonomy":"product_brand","embeddable":true,"href":"https:\/\/nbg.eu\/mt\/wp-json\/wp\/v2\/product_brand?post=540626"},{"taxonomy":"product_cat","embeddable":true,"href":"https:\/\/nbg.eu\/mt\/wp-json\/wp\/v2\/product_cat?post=540626"},{"taxonomy":"product_tag","embeddable":true,"href":"https:\/\/nbg.eu\/mt\/wp-json\/wp\/v2\/product_tag?post=540626"}],"curies":[{"name":"wp","href":"https:\/\/api.w.org\/{rel}","templated":true}]}}