{"id":541235,"date":"2025-09-05T18:09:57","date_gmt":"2025-09-05T15:09:57","guid":{"rendered":"https:\/\/nbg.eu\/product\/ase-utra-borelock-30-338-muzzle-brake-5-8x24-unef\/"},"modified":"2026-01-21T11:37:50","modified_gmt":"2026-01-21T08:37:50","slug":"ase-utra-borelock-30-338-muzzle-brake-5-8x24-unef","status":"publish","type":"product","link":"https:\/\/nbg.eu\/mt\/product\/ase-utra-borelock-30-338-muzzle-brake-5-8x24-unef\/","title":{"rendered":"ASE UTRA BoreLock .30\/.338 muzzle brake 5\/8&#8243;x24 UNEF"},"content":{"rendered":"<h2>ASE UTRA BoreLock .30\/.338 Brake tal-Muskett 5\/8&#8243;x24 UNEF<\/h2>\n<p>Il-brake tal-muskett ASE UTRA BoreLock .30\/.338 (Kodi\u010bi: 365P-AU761). Dan id-disinn f&#8217;\u017cew\u0121 partijiet jippermetti installazzjoni sigura u velo\u010bi ming\u0127ajr il-b\u017conn ta&#8217; woxers jew shims, u jippermetti allinjament pre\u010bi\u017c.<\/p>\n<h2>Karatteristi\u010bi Ewlenin:<\/h2>\n<ul>\n<li>Kompatibbli ma&#8217; rixtelji ta&#8217; kalibru .30 u .338<\/li>\n<li>Pitch tal-kamin 5\/8&#8243;x24 UNEF<\/li>\n<li>Disinn BoreLock f&#8217;\u017cew\u0121 partijiet g\u0127al installazzjoni fa\u010bli<\/li>\n<li>M&#8217;hemmx b\u017conn ta&#8217; woxers jew shims<\/li>\n<li>Allinjament pre\u010bi\u017c<\/li>\n<li>Inaqqas ir-recoil u l-moviment &#8216;il fuq tal-muskett<\/li>\n<\/ul>\n<p>Il-brake tal-muskett ASE UTRA BoreLock huwa ddisinjat g\u0127al u\u017cu fa\u010bli.<\/p>\n","protected":false},"excerpt":{"rendered":"<p>Frenatur tal-bokka ASE UTRA BoreLock .30\/.338: Installazzjoni mg\u0127a\u0121\u0121la u sigura, l-ebda shims mhuma me\u0127tie\u0121a.<\/p>\n","protected":false},"featured_media":498924,"template":"","meta":{"_acf_changed":false},"product_brand":[14266],"product_cat":[514],"product_tag":[],"class_list":{"0":"post-541235","1":"product","2":"type-product","3":"status-publish","4":"has-post-thumbnail","6":"product_brand-ase-utra-oy","7":"product_cat-rifle-grips","9":"first","10":"outofstock","11":"taxable","12":"shipping-taxable","13":"purchasable","14":"product-type-simple"},"acf":[],"_links":{"self":[{"href":"https:\/\/nbg.eu\/mt\/wp-json\/wp\/v2\/product\/541235","targetHints":{"allow":["GET"]}}],"collection":[{"href":"https:\/\/nbg.eu\/mt\/wp-json\/wp\/v2\/product"}],"about":[{"href":"https:\/\/nbg.eu\/mt\/wp-json\/wp\/v2\/types\/product"}],"wp:featuredmedia":[{"embeddable":true,"href":"https:\/\/nbg.eu\/mt\/wp-json\/wp\/v2\/media\/498924"}],"wp:attachment":[{"href":"https:\/\/nbg.eu\/mt\/wp-json\/wp\/v2\/media?parent=541235"}],"wp:term":[{"taxonomy":"product_brand","embeddable":true,"href":"https:\/\/nbg.eu\/mt\/wp-json\/wp\/v2\/product_brand?post=541235"},{"taxonomy":"product_cat","embeddable":true,"href":"https:\/\/nbg.eu\/mt\/wp-json\/wp\/v2\/product_cat?post=541235"},{"taxonomy":"product_tag","embeddable":true,"href":"https:\/\/nbg.eu\/mt\/wp-json\/wp\/v2\/product_tag?post=541235"}],"curies":[{"name":"wp","href":"https:\/\/api.w.org\/{rel}","templated":true}]}}