{"id":54404,"date":"2024-03-02T07:29:43","date_gmt":"2024-09-13T13:02:14","guid":{"rendered":"https:\/\/nbg.eu\/product\/bore-tech-proof-positive-rifle-jag-multiple-calibers\/"},"modified":"2026-05-13T17:10:29","modified_gmt":"2026-05-13T14:10:29","slug":"bore-tech-proof-positive-rifle-jag-multiple-calibers","status":"publish","type":"product","link":"https:\/\/nbg.eu\/mt\/product\/bore-tech-proof-positive-rifle-jag-multiple-calibers\/","title":{"rendered":"Bore Tech Proof-Positive Rifle Jag (Multiple Calibers)"},"content":{"rendered":"<div class=\"product-description\">\n<h2>Bore Tech Proof-Positive Jag tar-Rifle (Kalibri Multipli)<\/h2>\n<p>Bore Tech joffri jag tar-rifle. Mag\u0127mul minn liga ming\u0127ajr ram, dan il-jag huwa sigur g\u0127all-kanna u b&#8217;sa\u0127\u0127tu. Karatteristi\u010bi jinkludu:<\/p>\n<ul>\n<li>Erba&#8217; \u010brieki ta&#8217; kuntatt doppji g\u0127al tindif a\u0127jar<\/li>\n<li>Mag\u0127mul bi pre\u010bi\u017cjoni g\u0127al pressjoni kon\u010bentrika<\/li>\n<li>Disinn b&#8217;tarf maqlub biex jipprote\u0121i l-kuruna tal-arma tan-nar<\/li>\n<\/ul>\n<p>Jitnaddfu l-kanen b&#8217;inqas \u0127ela.<\/p>\n<\/div>\n","protected":false},"excerpt":{"rendered":"<p>Jag innovattiv tar-rifle jelimina indikazzjonijiet foloz ta&#8217; kontaminazzjoni bir-ram.<\/p>\n","protected":false},"featured_media":54405,"template":"","meta":{"_acf_changed":false},"product_brand":[11160],"product_cat":[14788,14100,14117],"product_tag":[],"class_list":{"0":"post-54404","1":"product","2":"type-product","3":"status-publish","4":"has-post-thumbnail","6":"product_brand-boretech","7":"product_cat-jags","8":"product_cat-tindif-tal-armi","9":"product_cat-xkupini","11":"first","12":"instock","13":"taxable","14":"shipping-taxable","15":"purchasable","16":"product-type-variable","17":"wvs-archive-product-wrapper"},"acf":[],"_links":{"self":[{"href":"https:\/\/nbg.eu\/mt\/wp-json\/wp\/v2\/product\/54404","targetHints":{"allow":["GET"]}}],"collection":[{"href":"https:\/\/nbg.eu\/mt\/wp-json\/wp\/v2\/product"}],"about":[{"href":"https:\/\/nbg.eu\/mt\/wp-json\/wp\/v2\/types\/product"}],"wp:featuredmedia":[{"embeddable":true,"href":"https:\/\/nbg.eu\/mt\/wp-json\/wp\/v2\/media\/54405"}],"wp:attachment":[{"href":"https:\/\/nbg.eu\/mt\/wp-json\/wp\/v2\/media?parent=54404"}],"wp:term":[{"taxonomy":"product_brand","embeddable":true,"href":"https:\/\/nbg.eu\/mt\/wp-json\/wp\/v2\/product_brand?post=54404"},{"taxonomy":"product_cat","embeddable":true,"href":"https:\/\/nbg.eu\/mt\/wp-json\/wp\/v2\/product_cat?post=54404"},{"taxonomy":"product_tag","embeddable":true,"href":"https:\/\/nbg.eu\/mt\/wp-json\/wp\/v2\/product_tag?post=54404"}],"curies":[{"name":"wp","href":"https:\/\/api.w.org\/{rel}","templated":true}]}}