{"id":544904,"date":"2025-09-05T18:09:58","date_gmt":"2025-09-05T15:09:58","guid":{"rendered":"https:\/\/nbg.eu\/product\/magpul-rubber-butt-pad-0-70\/"},"modified":"2026-01-21T12:05:20","modified_gmt":"2026-01-21T09:05:20","slug":"magpul-rubber-butt-pad-0-70","status":"publish","type":"product","link":"https:\/\/nbg.eu\/mt\/product\/magpul-rubber-butt-pad-0-70\/","title":{"rendered":"Magpul &#8211; Rubber Butt-Pad &#8211; 0.70&#8243;"},"content":{"rendered":"<div class=\"product-description\">\n<h2>Magpul Butt-Pad tal-Lastku &#8211; 0.70&#8243;<\/h2>\n<p>Dan il-butt-pad ta&#8217; 0.70&#8243; huwa kompatibbli ma&#8217; diversi stocks Magpul, inklu\u017c CTR\u00ae, MOE\u00ae Carbine Mil-Spec, UBR\u00ae, STR\u00ae, ACS-L\u2122, u mudelli ACS.<\/p>\n<ul>\n<li>Appo\u0121\u0121 g\u0127all-ispalla u tnaqqis tar-recoil<\/li>\n<li>Kostruzzjoni aktar \u0127oxna u ventilata<\/li>\n<li>Jinkludi l-\u0127ardwer kollu g\u0127all-immuntar<\/li>\n<li>Dimensjonijiet: 13 x 4 x 1.6 cm (bejn wie\u0127ed u ie\u0127or)<\/li>\n<li>Pi\u017c: 62 g (bejn wie\u0127ed u ie\u0127or)<\/li>\n<li>Mag\u0127mul fl-Istati Uniti<\/li>\n<\/ul>\n<p><strong>Nota:<\/strong> Mhux kompatibbli mal-MOE\u00ae Fixed Carbine Stock. Jista&#8217; jillimita l-kollass s\u0127i\u0127 fuq Stocks Commercial MOE\u00ae\/CTR\u00ae min\u0127abba dahar esti\u017c u mmejjel.<\/p>\n<\/div>\n","protected":false},"excerpt":{"rendered":"<p>Boxxla tal-lastku msa\u0127\u0127a\u0127 ta&#8217; 0.70&#8243; g\u0127all-istokks ta&#8217; Magpul. Appo\u0121\u0121 imtejjeb.<\/p>\n","protected":false},"featured_media":498954,"template":"","meta":{"_acf_changed":false},"product_brand":[11539],"product_cat":[14166],"product_tag":[],"class_list":{"0":"post-544904","1":"product","2":"type-product","3":"status-publish","4":"has-post-thumbnail","6":"product_brand-magpul","7":"product_cat-tagmir","9":"first","10":"instock","11":"taxable","12":"shipping-taxable","13":"purchasable","14":"product-type-simple"},"acf":[],"_links":{"self":[{"href":"https:\/\/nbg.eu\/mt\/wp-json\/wp\/v2\/product\/544904","targetHints":{"allow":["GET"]}}],"collection":[{"href":"https:\/\/nbg.eu\/mt\/wp-json\/wp\/v2\/product"}],"about":[{"href":"https:\/\/nbg.eu\/mt\/wp-json\/wp\/v2\/types\/product"}],"wp:featuredmedia":[{"embeddable":true,"href":"https:\/\/nbg.eu\/mt\/wp-json\/wp\/v2\/media\/498954"}],"wp:attachment":[{"href":"https:\/\/nbg.eu\/mt\/wp-json\/wp\/v2\/media?parent=544904"}],"wp:term":[{"taxonomy":"product_brand","embeddable":true,"href":"https:\/\/nbg.eu\/mt\/wp-json\/wp\/v2\/product_brand?post=544904"},{"taxonomy":"product_cat","embeddable":true,"href":"https:\/\/nbg.eu\/mt\/wp-json\/wp\/v2\/product_cat?post=544904"},{"taxonomy":"product_tag","embeddable":true,"href":"https:\/\/nbg.eu\/mt\/wp-json\/wp\/v2\/product_tag?post=544904"}],"curies":[{"name":"wp","href":"https:\/\/api.w.org\/{rel}","templated":true}]}}